{"id":382,"date":"2016-05-03T14:04:09","date_gmt":"2016-05-03T11:04:09","guid":{"rendered":"http:\/\/eyli.com.tr\/?page_id=382"},"modified":"2016-10-18T15:07:49","modified_gmt":"2016-10-18T12:07:49","slug":"beko-loder-mazot-otomatik","status":"publish","type":"page","link":"https:\/\/eyli.com.tr\/en\/beko-loder-mazot-otomatik\/","title":{"rendered":"Backhoe Loader Diesel Hand Primer"},"content":{"rendered":"<p><img loading=\"lazy\" decoding=\"async\" class=\"aligncenter size-full wp-image-383\" src=\"http:\/\/eyli.com.tr\/wp-content\/uploads\/2016\/05\/bekoloder-mazot-otomatik.png\" alt=\"bekoloder-mazot-otomatik\" width=\"2977\" height=\"2103\" srcset=\"https:\/\/eyli.com.tr\/wp-content\/uploads\/2016\/05\/bekoloder-mazot-otomatik.png 2977w, https:\/\/eyli.com.tr\/wp-content\/uploads\/2016\/05\/bekoloder-mazot-otomatik-300x212.png 300w, https:\/\/eyli.com.tr\/wp-content\/uploads\/2016\/05\/bekoloder-mazot-otomatik-768x543.png 768w, https:\/\/eyli.com.tr\/wp-content\/uploads\/2016\/05\/bekoloder-mazot-otomatik-1024x723.png 1024w\" sizes=\"auto, (max-width: 2977px) 100vw, 2977px\" \/><\/p>\n<p>&nbsp;<\/p>\n<p>&nbsp;<\/p>\n<p><strong>BACKHOE LOADER DIESEL HAND PRIMER SPARE PARTS<\/strong><\/p>\n<table class=\"table table-bordered\">\n<tbody>\n<tr>\n<td>Pos<\/td>\n<td>Parts\u00a0No<\/td>\n<td>Spare Parts Name<\/td>\n<\/tr>\n<tr>\n<td>1<\/td>\n<td>VOE20524154<\/td>\n<td>Fuel pump<\/td>\n<\/tr>\n<tr>\n<td>2<\/td>\n<td>VOE20459246<\/td>\n<td>Screw<\/td>\n<\/tr>\n<\/tbody>\n<\/table>\n<p><strong>Volvo Backhoe Loader<\/strong> <strong>Diesel hand Primer Spare Parts are applicable for the Volvo construction machines, given below<\/strong><\/p>\n<p>BL60, BL60B, BL61, BL61 PLUS, BL61B, BL70, BL70B, BL71, BL71 PLUS, BL71B<\/p>","protected":false},"excerpt":{"rendered":"<p>&nbsp; &nbsp; BACKHOE LOADER DIESEL HAND PRIMER SPARE PARTS Pos Parts\u00a0No Spare Parts Name 1 VOE20524154 Fuel pump 2 VOE20459246 Screw Volvo Backhoe Loader Diesel hand Primer Spare Parts are applicable for the Volvo construction machines, given below BL60, BL60B, BL61, BL61 PLUS, BL61B, BL70, BL70B, BL71, BL71 PLUS, BL71B<\/p>\n","protected":false},"author":1,"featured_media":0,"parent":0,"menu_order":0,"comment_status":"closed","ping_status":"closed","template":"page-fullwidth.php","meta":{"footnotes":""},"class_list":["post-382","page","type-page","status-publish","hentry"],"yoast_head":"<!-- This site is optimized with the Yoast SEO plugin v26.8 - https:\/\/yoast.com\/product\/yoast-seo-wordpress\/ -->\n<title>VOLVO BEKO LODER MAZOT OTOMAT\u0130\u011e\u0130 YEDEK PAR\u00c7ALARI<\/title>\n<meta name=\"description\" content=\"VOLVO BEKO LODER MAZOT OTOMAT\u0130\u011e\u0130 YEDEK PAR\u00c7ALARI a\u015fa\u011f\u0131daki VOLVO \u0130\u015f Makineleri BL60, BL60B, BL61, BL61 PLUS, BL61B, BL70, BL70B, BL71, BL71 PLUS, BL71B\" \/>\n<meta name=\"robots\" content=\"index, follow, max-snippet:-1, max-image-preview:large, max-video-preview:-1\" \/>\n<link rel=\"canonical\" href=\"https:\/\/eyli.com.tr\/beko-loder-mazot-otomatik\/\" \/>\n<meta property=\"og:locale\" content=\"en_US\" \/>\n<meta property=\"og:type\" content=\"article\" \/>\n<meta property=\"og:title\" content=\"VOLVO BEKO LODER MAZOT OTOMAT\u0130\u011e\u0130 YEDEK PAR\u00c7ALARI\" \/>\n<meta property=\"og:description\" content=\"VOLVO BEKO LODER MAZOT OTOMAT\u0130\u011e\u0130 YEDEK PAR\u00c7ALARI a\u015fa\u011f\u0131daki VOLVO \u0130\u015f Makineleri BL60, BL60B, BL61, BL61 PLUS, BL61B, BL70, BL70B, BL71, BL71 PLUS, BL71B\" \/>\n<meta property=\"og:url\" content=\"https:\/\/eyli.com.tr\/beko-loder-mazot-otomatik\/\" \/>\n<meta property=\"og:site_name\" content=\"Eyli \u0130\u015f Makineleri\" \/>\n<meta property=\"article:publisher\" content=\"https:\/\/www.facebook.com\/eylicomtr\" \/>\n<meta property=\"article:modified_time\" content=\"2016-10-18T12:07:49+00:00\" \/>\n<meta property=\"og:image\" content=\"http:\/\/eyli.com.tr\/wp-content\/uploads\/2016\/05\/bekoloder-mazot-otomatik.png\" \/>\n<meta name=\"twitter:card\" content=\"summary_large_image\" \/>\n<meta name=\"twitter:label1\" content=\"Est. reading time\" \/>\n\t<meta name=\"twitter:data1\" content=\"1 minute\" \/>\n<script type=\"application\/ld+json\" class=\"yoast-schema-graph\">{\"@context\":\"https:\/\/schema.org\",\"@graph\":[{\"@type\":\"WebPage\",\"@id\":\"https:\/\/eyli.com.tr\/beko-loder-mazot-otomatik\/\",\"url\":\"https:\/\/eyli.com.tr\/beko-loder-mazot-otomatik\/\",\"name\":\"VOLVO BEKO LODER MAZOT OTOMAT\u0130\u011e\u0130 YEDEK PAR\u00c7ALARI\",\"isPartOf\":{\"@id\":\"https:\/\/eyli.com.tr\/#website\"},\"primaryImageOfPage\":{\"@id\":\"https:\/\/eyli.com.tr\/beko-loder-mazot-otomatik\/#primaryimage\"},\"image\":{\"@id\":\"https:\/\/eyli.com.tr\/beko-loder-mazot-otomatik\/#primaryimage\"},\"thumbnailUrl\":\"http:\/\/eyli.com.tr\/wp-content\/uploads\/2016\/05\/bekoloder-mazot-otomatik.png\",\"datePublished\":\"2016-05-03T11:04:09+00:00\",\"dateModified\":\"2016-10-18T12:07:49+00:00\",\"description\":\"VOLVO BEKO LODER MAZOT OTOMAT\u0130\u011e\u0130 YEDEK PAR\u00c7ALARI a\u015fa\u011f\u0131daki VOLVO \u0130\u015f Makineleri BL60, BL60B, BL61, BL61 PLUS, BL61B, BL70, BL70B, BL71, BL71 PLUS, BL71B\",\"breadcrumb\":{\"@id\":\"https:\/\/eyli.com.tr\/beko-loder-mazot-otomatik\/#breadcrumb\"},\"inLanguage\":\"en-US\",\"potentialAction\":[{\"@type\":\"ReadAction\",\"target\":[\"https:\/\/eyli.com.tr\/beko-loder-mazot-otomatik\/\"]}]},{\"@type\":\"ImageObject\",\"inLanguage\":\"en-US\",\"@id\":\"https:\/\/eyli.com.tr\/beko-loder-mazot-otomatik\/#primaryimage\",\"url\":\"http:\/\/eyli.com.tr\/wp-content\/uploads\/2016\/05\/bekoloder-mazot-otomatik.png\",\"contentUrl\":\"http:\/\/eyli.com.tr\/wp-content\/uploads\/2016\/05\/bekoloder-mazot-otomatik.png\"},{\"@type\":\"BreadcrumbList\",\"@id\":\"https:\/\/eyli.com.tr\/beko-loder-mazot-otomatik\/#breadcrumb\",\"itemListElement\":[{\"@type\":\"ListItem\",\"position\":1,\"name\":\"Ana sayfa\",\"item\":\"https:\/\/eyli.com.tr\/\"},{\"@type\":\"ListItem\",\"position\":2,\"name\":\"Beko Loder Mazot Otomatik\"}]},{\"@type\":\"WebSite\",\"@id\":\"https:\/\/eyli.com.tr\/#website\",\"url\":\"https:\/\/eyli.com.tr\/\",\"name\":\"Eyli \u0130\u015f Makineleri\",\"description\":\"\",\"publisher\":{\"@id\":\"https:\/\/eyli.com.tr\/#organization\"},\"potentialAction\":[{\"@type\":\"SearchAction\",\"target\":{\"@type\":\"EntryPoint\",\"urlTemplate\":\"https:\/\/eyli.com.tr\/?s={search_term_string}\"},\"query-input\":{\"@type\":\"PropertyValueSpecification\",\"valueRequired\":true,\"valueName\":\"search_term_string\"}}],\"inLanguage\":\"en-US\"},{\"@type\":\"Organization\",\"@id\":\"https:\/\/eyli.com.tr\/#organization\",\"name\":\"Eyli \u0130\u015f Makineleri\",\"url\":\"https:\/\/eyli.com.tr\/\",\"logo\":{\"@type\":\"ImageObject\",\"inLanguage\":\"en-US\",\"@id\":\"https:\/\/eyli.com.tr\/#\/schema\/logo\/image\/\",\"url\":\"https:\/\/eyli.com.tr\/wp-content\/uploads\/2020\/04\/WhatsApp-Image-2020-04-23-at-03.11.52-e1587829137284.jpeg\",\"contentUrl\":\"https:\/\/eyli.com.tr\/wp-content\/uploads\/2020\/04\/WhatsApp-Image-2020-04-23-at-03.11.52-e1587829137284.jpeg\",\"width\":1600,\"height\":900,\"caption\":\"Eyli \u0130\u015f Makineleri\"},\"image\":{\"@id\":\"https:\/\/eyli.com.tr\/#\/schema\/logo\/image\/\"},\"sameAs\":[\"https:\/\/www.facebook.com\/eylicomtr\"]}]}<\/script>\n<!-- \/ Yoast SEO plugin. -->","yoast_head_json":{"title":"VOLVO BEKO LODER MAZOT OTOMAT\u0130\u011e\u0130 YEDEK PAR\u00c7ALARI","description":"VOLVO BEKO LODER MAZOT OTOMAT\u0130\u011e\u0130 YEDEK PAR\u00c7ALARI a\u015fa\u011f\u0131daki VOLVO \u0130\u015f Makineleri BL60, BL60B, BL61, BL61 PLUS, BL61B, BL70, BL70B, BL71, BL71 PLUS, BL71B","robots":{"index":"index","follow":"follow","max-snippet":"max-snippet:-1","max-image-preview":"max-image-preview:large","max-video-preview":"max-video-preview:-1"},"canonical":"https:\/\/eyli.com.tr\/beko-loder-mazot-otomatik\/","og_locale":"en_US","og_type":"article","og_title":"VOLVO BEKO LODER MAZOT OTOMAT\u0130\u011e\u0130 YEDEK PAR\u00c7ALARI","og_description":"VOLVO BEKO LODER MAZOT OTOMAT\u0130\u011e\u0130 YEDEK PAR\u00c7ALARI a\u015fa\u011f\u0131daki VOLVO \u0130\u015f Makineleri BL60, BL60B, BL61, BL61 PLUS, BL61B, BL70, BL70B, BL71, BL71 PLUS, BL71B","og_url":"https:\/\/eyli.com.tr\/beko-loder-mazot-otomatik\/","og_site_name":"Eyli \u0130\u015f Makineleri","article_publisher":"https:\/\/www.facebook.com\/eylicomtr","article_modified_time":"2016-10-18T12:07:49+00:00","og_image":[{"url":"http:\/\/eyli.com.tr\/wp-content\/uploads\/2016\/05\/bekoloder-mazot-otomatik.png","type":"","width":"","height":""}],"twitter_card":"summary_large_image","twitter_misc":{"Est. reading time":"1 minute"},"schema":{"@context":"https:\/\/schema.org","@graph":[{"@type":"WebPage","@id":"https:\/\/eyli.com.tr\/beko-loder-mazot-otomatik\/","url":"https:\/\/eyli.com.tr\/beko-loder-mazot-otomatik\/","name":"VOLVO BEKO LODER MAZOT OTOMAT\u0130\u011e\u0130 YEDEK PAR\u00c7ALARI","isPartOf":{"@id":"https:\/\/eyli.com.tr\/#website"},"primaryImageOfPage":{"@id":"https:\/\/eyli.com.tr\/beko-loder-mazot-otomatik\/#primaryimage"},"image":{"@id":"https:\/\/eyli.com.tr\/beko-loder-mazot-otomatik\/#primaryimage"},"thumbnailUrl":"http:\/\/eyli.com.tr\/wp-content\/uploads\/2016\/05\/bekoloder-mazot-otomatik.png","datePublished":"2016-05-03T11:04:09+00:00","dateModified":"2016-10-18T12:07:49+00:00","description":"VOLVO BEKO LODER MAZOT OTOMAT\u0130\u011e\u0130 YEDEK PAR\u00c7ALARI a\u015fa\u011f\u0131daki VOLVO \u0130\u015f Makineleri BL60, BL60B, BL61, BL61 PLUS, BL61B, BL70, BL70B, BL71, BL71 PLUS, BL71B","breadcrumb":{"@id":"https:\/\/eyli.com.tr\/beko-loder-mazot-otomatik\/#breadcrumb"},"inLanguage":"en-US","potentialAction":[{"@type":"ReadAction","target":["https:\/\/eyli.com.tr\/beko-loder-mazot-otomatik\/"]}]},{"@type":"ImageObject","inLanguage":"en-US","@id":"https:\/\/eyli.com.tr\/beko-loder-mazot-otomatik\/#primaryimage","url":"http:\/\/eyli.com.tr\/wp-content\/uploads\/2016\/05\/bekoloder-mazot-otomatik.png","contentUrl":"http:\/\/eyli.com.tr\/wp-content\/uploads\/2016\/05\/bekoloder-mazot-otomatik.png"},{"@type":"BreadcrumbList","@id":"https:\/\/eyli.com.tr\/beko-loder-mazot-otomatik\/#breadcrumb","itemListElement":[{"@type":"ListItem","position":1,"name":"Ana sayfa","item":"https:\/\/eyli.com.tr\/"},{"@type":"ListItem","position":2,"name":"Beko Loder Mazot Otomatik"}]},{"@type":"WebSite","@id":"https:\/\/eyli.com.tr\/#website","url":"https:\/\/eyli.com.tr\/","name":"Eyli \u0130\u015f Makineleri","description":"","publisher":{"@id":"https:\/\/eyli.com.tr\/#organization"},"potentialAction":[{"@type":"SearchAction","target":{"@type":"EntryPoint","urlTemplate":"https:\/\/eyli.com.tr\/?s={search_term_string}"},"query-input":{"@type":"PropertyValueSpecification","valueRequired":true,"valueName":"search_term_string"}}],"inLanguage":"en-US"},{"@type":"Organization","@id":"https:\/\/eyli.com.tr\/#organization","name":"Eyli \u0130\u015f Makineleri","url":"https:\/\/eyli.com.tr\/","logo":{"@type":"ImageObject","inLanguage":"en-US","@id":"https:\/\/eyli.com.tr\/#\/schema\/logo\/image\/","url":"https:\/\/eyli.com.tr\/wp-content\/uploads\/2020\/04\/WhatsApp-Image-2020-04-23-at-03.11.52-e1587829137284.jpeg","contentUrl":"https:\/\/eyli.com.tr\/wp-content\/uploads\/2020\/04\/WhatsApp-Image-2020-04-23-at-03.11.52-e1587829137284.jpeg","width":1600,"height":900,"caption":"Eyli \u0130\u015f Makineleri"},"image":{"@id":"https:\/\/eyli.com.tr\/#\/schema\/logo\/image\/"},"sameAs":["https:\/\/www.facebook.com\/eylicomtr"]}]}},"_links":{"self":[{"href":"https:\/\/eyli.com.tr\/en\/wp-json\/wp\/v2\/pages\/382","targetHints":{"allow":["GET"]}}],"collection":[{"href":"https:\/\/eyli.com.tr\/en\/wp-json\/wp\/v2\/pages"}],"about":[{"href":"https:\/\/eyli.com.tr\/en\/wp-json\/wp\/v2\/types\/page"}],"author":[{"embeddable":true,"href":"https:\/\/eyli.com.tr\/en\/wp-json\/wp\/v2\/users\/1"}],"replies":[{"embeddable":true,"href":"https:\/\/eyli.com.tr\/en\/wp-json\/wp\/v2\/comments?post=382"}],"version-history":[{"count":5,"href":"https:\/\/eyli.com.tr\/en\/wp-json\/wp\/v2\/pages\/382\/revisions"}],"predecessor-version":[{"id":1778,"href":"https:\/\/eyli.com.tr\/en\/wp-json\/wp\/v2\/pages\/382\/revisions\/1778"}],"wp:attachment":[{"href":"https:\/\/eyli.com.tr\/en\/wp-json\/wp\/v2\/media?parent=382"}],"curies":[{"name":"wp","href":"https:\/\/api.w.org\/{rel}","templated":true}]}}