{"id":369,"date":"2016-05-03T13:07:39","date_gmt":"2016-05-03T10:07:39","guid":{"rendered":"http:\/\/eyli.com.tr\/?page_id=369"},"modified":"2016-10-18T14:32:30","modified_gmt":"2016-10-18T11:32:30","slug":"beko-loder-silindir-kapak","status":"publish","type":"page","link":"https:\/\/eyli.com.tr\/en\/beko-loder-silindir-kapak\/","title":{"rendered":"Backhoe Loader Cylinder Head"},"content":{"rendered":"<p><img loading=\"lazy\" decoding=\"async\" class=\"aligncenter size-full wp-image-370\" src=\"http:\/\/eyli.com.tr\/wp-content\/uploads\/2016\/05\/bekoloder-silindir-kapak.png\" alt=\"bekoloder-silindir-kapak\" width=\"1513\" height=\"1066\" srcset=\"https:\/\/eyli.com.tr\/wp-content\/uploads\/2016\/05\/bekoloder-silindir-kapak.png 1513w, https:\/\/eyli.com.tr\/wp-content\/uploads\/2016\/05\/bekoloder-silindir-kapak-300x211.png 300w, https:\/\/eyli.com.tr\/wp-content\/uploads\/2016\/05\/bekoloder-silindir-kapak-768x541.png 768w, https:\/\/eyli.com.tr\/wp-content\/uploads\/2016\/05\/bekoloder-silindir-kapak-1024x721.png 1024w\" sizes=\"auto, (max-width: 1513px) 100vw, 1513px\" \/><\/p>\n<p>&nbsp;<\/p>\n<p><strong>VOLVO BACKHOE LOADER CYLINDER HEAD PARTS<\/strong><\/p>\n<table class=\"table table-bordered\">\n<tbody>\n<tr>\n<td>Pos<\/td>\n<td>Parts\u00a0No<\/td>\n<td>Spare Parts Name<\/td>\n<\/tr>\n<tr>\n<td>1<\/td>\n<td>VOE21147059<\/td>\n<td>Cylinder head<\/td>\n<\/tr>\n<tr>\n<td>2<\/td>\n<td>VOE20799722<\/td>\n<td>Plug<\/td>\n<\/tr>\n<tr>\n<td>3<\/td>\n<td>VOE20412733<\/td>\n<td>Core plug<\/td>\n<\/tr>\n<tr>\n<td>4<\/td>\n<td>VOE20459962<\/td>\n<td>Valve seat<\/td>\n<\/tr>\n<tr>\n<td>5<\/td>\n<td>VOE20758481<\/td>\n<td>Inlet valve<\/td>\n<\/tr>\n<tr>\n<td>6<\/td>\n<td>VOE20845144<\/td>\n<td>Valve seat<\/td>\n<\/tr>\n<tr>\n<td>7<\/td>\n<td>VOE20755883<\/td>\n<td>Exhaust Valve<\/td>\n<\/tr>\n<tr>\n<td>8<\/td>\n<td>VOE20405897<\/td>\n<td>Valve guide<\/td>\n<\/tr>\n<tr>\n<td>9<\/td>\n<td>VOE11700348<\/td>\n<td>O-ring<\/td>\n<\/tr>\n<tr>\n<td>10<\/td>\n<td>VOE11700347<\/td>\n<td>Valve spring<\/td>\n<\/tr>\n<tr>\n<td>11<\/td>\n<td>VOE20847155<\/td>\n<td>Retainer<\/td>\n<\/tr>\n<tr>\n<td>12<\/td>\n<td>VOE11700345<\/td>\n<td>Valve Collet<\/td>\n<\/tr>\n<tr>\n<td>13<\/td>\n<td>VOE20840807<\/td>\n<td>Thrust Washer<\/td>\n<\/tr>\n<tr>\n<td>14<\/td>\n<td>VOE20840772<\/td>\n<td>Snap Ring<\/td>\n<\/tr>\n<tr>\n<td>15<\/td>\n<td>VOE20970720<\/td>\n<td>Cylinder head gasket<\/td>\n<\/tr>\n<tr>\n<td>17<\/td>\n<td>VOE20970725<\/td>\n<td>Cylinder head gasket<\/td>\n<\/tr>\n<tr>\n<td>18<\/td>\n<td>VOE11700334<\/td>\n<td>Screw<\/td>\n<\/tr>\n<tr>\n<td>19<\/td>\n<td>VOE20405521<\/td>\n<td>Guide pin<\/td>\n<\/tr>\n<tr>\n<td>20<\/td>\n<td>VOE21134652<\/td>\n<td>Valve cover<\/td>\n<\/tr>\n<tr>\n<td>21<\/td>\n<td>VOE20412600<\/td>\n<td>Cap<\/td>\n<\/tr>\n<tr>\n<td>22<\/td>\n<td>VOE20972267<\/td>\n<td>Valve gasket<\/td>\n<\/tr>\n<tr>\n<td>23<\/td>\n<td>VOE20840801<\/td>\n<td>Gasket<\/td>\n<\/tr>\n<tr>\n<td>24<\/td>\n<td>VOE20933359<\/td>\n<td>Oil Separator<\/td>\n<\/tr>\n<tr>\n<td>25<\/td>\n<td>VOE20797542<\/td>\n<td>Screw<\/td>\n<\/tr>\n<tr>\n<td>26<\/td>\n<td>VOE21145471<\/td>\n<td>Flange screw<\/td>\n<\/tr>\n<tr>\n<td>27<\/td>\n<td>VOE20412589<\/td>\n<td>Filler cap<\/td>\n<\/tr>\n<tr>\n<td>28<\/td>\n<td>VOE960628<\/td>\n<td>Plug<\/td>\n<\/tr>\n<tr>\n<td>29<\/td>\n<td>VOE13947281<\/td>\n<td>Gasket<\/td>\n<\/tr>\n<tr>\n<td>30<\/td>\n<td>VOE20924080<\/td>\n<td>Glow plug<\/td>\n<\/tr>\n<tr>\n<td>31<\/td>\n<td>VOE20711847<\/td>\n<td>Cable Clamp<\/td>\n<\/tr>\n<tr>\n<td>32<\/td>\n<td>VOE20580716<\/td>\n<td>Terminal Screw<\/td>\n<\/tr>\n<tr>\n<td>33<\/td>\n<td>VOE973494<\/td>\n<td>Washer<\/td>\n<\/tr>\n<tr>\n<td>34<\/td>\n<td>VOE20460344<\/td>\n<td>Hexagon Nut<\/td>\n<\/tr>\n<tr>\n<td>35<\/td>\n<td>VOE21088654<\/td>\n<td>Cover plate<\/td>\n<\/tr>\n<tr>\n<td>36<\/td>\n<td>VOE20460055<\/td>\n<td>Civata-Screw<\/td>\n<\/tr>\n<tr>\n<td>37<\/td>\n<td>VOE4881440<\/td>\n<td>Cable tie<\/td>\n<\/tr>\n<tr>\n<td>38<\/td>\n<td>VOE20924086<\/td>\n<td>Sensor<\/td>\n<\/tr>\n<\/tbody>\n<\/table>\n<p><strong>Volvo Backhoe Loader<\/strong> <strong>Cylinder Head Spare Parts are applicable for the Volvo construction machines, given below<\/strong><\/p>\n<p>BL60, BL60B, BL61, BL61 PLUS, BL61B, BL70, BL70B, BL71, BL71 PLUS, BL71B<\/p>","protected":false},"excerpt":{"rendered":"<p>&nbsp; VOLVO BACKHOE LOADER CYLINDER HEAD PARTS Pos Parts\u00a0No Spare Parts Name 1 VOE21147059 Cylinder head 2 VOE20799722 Plug 3 VOE20412733 Core plug 4 VOE20459962 Valve seat 5 VOE20758481 Inlet valve 6 VOE20845144 Valve seat 7 VOE20755883 Exhaust Valve 8 VOE20405897 Valve guide 9 VOE11700348 O-ring 10 VOE11700347 Valve spring 11 VOE20847155 Retainer 12 VOE11700345 [&hellip;]<\/p>\n","protected":false},"author":1,"featured_media":0,"parent":0,"menu_order":0,"comment_status":"closed","ping_status":"closed","template":"page-fullwidth.php","meta":{"footnotes":""},"class_list":["post-369","page","type-page","status-publish","hentry"],"yoast_head":"<!-- This site is optimized with the Yoast SEO plugin v26.8 - https:\/\/yoast.com\/product\/yoast-seo-wordpress\/ -->\n<title>VOLVO BEKO LODER S\u0130L\u0130ND\u0130R KAPA\u011eI PAR\u00c7ALARI<\/title>\n<meta name=\"description\" content=\"VOLVO BEKO LODER S\u0130L\u0130ND\u0130R KAPA\u011eI PAR\u00c7ALARI a\u015fa\u011f\u0131daki VOLVO \u0130\u015f Makineleri Modelleri BL60, BL60B, BL61, BL61 PLUS, BL61B, BL70, BL70B, BL71, BL71 PLUS, BL71B\" \/>\n<meta name=\"robots\" content=\"index, follow, max-snippet:-1, max-image-preview:large, max-video-preview:-1\" \/>\n<link rel=\"canonical\" href=\"https:\/\/eyli.com.tr\/beko-loder-silindir-kapak\/\" \/>\n<meta property=\"og:locale\" content=\"en_US\" \/>\n<meta property=\"og:type\" content=\"article\" \/>\n<meta property=\"og:title\" content=\"VOLVO BEKO LODER S\u0130L\u0130ND\u0130R KAPA\u011eI PAR\u00c7ALARI\" \/>\n<meta property=\"og:description\" content=\"VOLVO BEKO LODER S\u0130L\u0130ND\u0130R KAPA\u011eI PAR\u00c7ALARI a\u015fa\u011f\u0131daki VOLVO \u0130\u015f Makineleri Modelleri BL60, BL60B, BL61, BL61 PLUS, BL61B, BL70, BL70B, BL71, BL71 PLUS, BL71B\" \/>\n<meta property=\"og:url\" content=\"https:\/\/eyli.com.tr\/beko-loder-silindir-kapak\/\" \/>\n<meta property=\"og:site_name\" content=\"Eyli \u0130\u015f Makineleri\" \/>\n<meta property=\"article:publisher\" content=\"https:\/\/www.facebook.com\/eylicomtr\" \/>\n<meta property=\"article:modified_time\" content=\"2016-10-18T11:32:30+00:00\" \/>\n<meta property=\"og:image\" content=\"http:\/\/eyli.com.tr\/wp-content\/uploads\/2016\/05\/bekoloder-silindir-kapak.png\" \/>\n<meta name=\"twitter:card\" content=\"summary_large_image\" \/>\n<meta name=\"twitter:label1\" content=\"Est. reading time\" \/>\n\t<meta name=\"twitter:data1\" content=\"2 minutes\" \/>\n<script type=\"application\/ld+json\" class=\"yoast-schema-graph\">{\"@context\":\"https:\/\/schema.org\",\"@graph\":[{\"@type\":\"WebPage\",\"@id\":\"https:\/\/eyli.com.tr\/beko-loder-silindir-kapak\/\",\"url\":\"https:\/\/eyli.com.tr\/beko-loder-silindir-kapak\/\",\"name\":\"VOLVO BEKO LODER S\u0130L\u0130ND\u0130R KAPA\u011eI PAR\u00c7ALARI\",\"isPartOf\":{\"@id\":\"https:\/\/eyli.com.tr\/#website\"},\"primaryImageOfPage\":{\"@id\":\"https:\/\/eyli.com.tr\/beko-loder-silindir-kapak\/#primaryimage\"},\"image\":{\"@id\":\"https:\/\/eyli.com.tr\/beko-loder-silindir-kapak\/#primaryimage\"},\"thumbnailUrl\":\"http:\/\/eyli.com.tr\/wp-content\/uploads\/2016\/05\/bekoloder-silindir-kapak.png\",\"datePublished\":\"2016-05-03T10:07:39+00:00\",\"dateModified\":\"2016-10-18T11:32:30+00:00\",\"description\":\"VOLVO BEKO LODER S\u0130L\u0130ND\u0130R KAPA\u011eI PAR\u00c7ALARI a\u015fa\u011f\u0131daki VOLVO \u0130\u015f Makineleri Modelleri BL60, BL60B, BL61, BL61 PLUS, BL61B, BL70, BL70B, BL71, BL71 PLUS, BL71B\",\"breadcrumb\":{\"@id\":\"https:\/\/eyli.com.tr\/beko-loder-silindir-kapak\/#breadcrumb\"},\"inLanguage\":\"en-US\",\"potentialAction\":[{\"@type\":\"ReadAction\",\"target\":[\"https:\/\/eyli.com.tr\/beko-loder-silindir-kapak\/\"]}]},{\"@type\":\"ImageObject\",\"inLanguage\":\"en-US\",\"@id\":\"https:\/\/eyli.com.tr\/beko-loder-silindir-kapak\/#primaryimage\",\"url\":\"http:\/\/eyli.com.tr\/wp-content\/uploads\/2016\/05\/bekoloder-silindir-kapak.png\",\"contentUrl\":\"http:\/\/eyli.com.tr\/wp-content\/uploads\/2016\/05\/bekoloder-silindir-kapak.png\"},{\"@type\":\"BreadcrumbList\",\"@id\":\"https:\/\/eyli.com.tr\/beko-loder-silindir-kapak\/#breadcrumb\",\"itemListElement\":[{\"@type\":\"ListItem\",\"position\":1,\"name\":\"Ana sayfa\",\"item\":\"https:\/\/eyli.com.tr\/\"},{\"@type\":\"ListItem\",\"position\":2,\"name\":\"Beko Loder Silindir Kapak\"}]},{\"@type\":\"WebSite\",\"@id\":\"https:\/\/eyli.com.tr\/#website\",\"url\":\"https:\/\/eyli.com.tr\/\",\"name\":\"Eyli \u0130\u015f Makineleri\",\"description\":\"\",\"publisher\":{\"@id\":\"https:\/\/eyli.com.tr\/#organization\"},\"potentialAction\":[{\"@type\":\"SearchAction\",\"target\":{\"@type\":\"EntryPoint\",\"urlTemplate\":\"https:\/\/eyli.com.tr\/?s={search_term_string}\"},\"query-input\":{\"@type\":\"PropertyValueSpecification\",\"valueRequired\":true,\"valueName\":\"search_term_string\"}}],\"inLanguage\":\"en-US\"},{\"@type\":\"Organization\",\"@id\":\"https:\/\/eyli.com.tr\/#organization\",\"name\":\"Eyli \u0130\u015f Makineleri\",\"url\":\"https:\/\/eyli.com.tr\/\",\"logo\":{\"@type\":\"ImageObject\",\"inLanguage\":\"en-US\",\"@id\":\"https:\/\/eyli.com.tr\/#\/schema\/logo\/image\/\",\"url\":\"https:\/\/eyli.com.tr\/wp-content\/uploads\/2020\/04\/WhatsApp-Image-2020-04-23-at-03.11.52-e1587829137284.jpeg\",\"contentUrl\":\"https:\/\/eyli.com.tr\/wp-content\/uploads\/2020\/04\/WhatsApp-Image-2020-04-23-at-03.11.52-e1587829137284.jpeg\",\"width\":1600,\"height\":900,\"caption\":\"Eyli \u0130\u015f Makineleri\"},\"image\":{\"@id\":\"https:\/\/eyli.com.tr\/#\/schema\/logo\/image\/\"},\"sameAs\":[\"https:\/\/www.facebook.com\/eylicomtr\"]}]}<\/script>\n<!-- \/ Yoast SEO plugin. -->","yoast_head_json":{"title":"VOLVO BEKO LODER S\u0130L\u0130ND\u0130R KAPA\u011eI PAR\u00c7ALARI","description":"VOLVO BEKO LODER S\u0130L\u0130ND\u0130R KAPA\u011eI PAR\u00c7ALARI a\u015fa\u011f\u0131daki VOLVO \u0130\u015f Makineleri Modelleri BL60, BL60B, BL61, BL61 PLUS, BL61B, BL70, BL70B, BL71, BL71 PLUS, BL71B","robots":{"index":"index","follow":"follow","max-snippet":"max-snippet:-1","max-image-preview":"max-image-preview:large","max-video-preview":"max-video-preview:-1"},"canonical":"https:\/\/eyli.com.tr\/beko-loder-silindir-kapak\/","og_locale":"en_US","og_type":"article","og_title":"VOLVO BEKO LODER S\u0130L\u0130ND\u0130R KAPA\u011eI PAR\u00c7ALARI","og_description":"VOLVO BEKO LODER S\u0130L\u0130ND\u0130R KAPA\u011eI PAR\u00c7ALARI a\u015fa\u011f\u0131daki VOLVO \u0130\u015f Makineleri Modelleri BL60, BL60B, BL61, BL61 PLUS, BL61B, BL70, BL70B, BL71, BL71 PLUS, BL71B","og_url":"https:\/\/eyli.com.tr\/beko-loder-silindir-kapak\/","og_site_name":"Eyli \u0130\u015f Makineleri","article_publisher":"https:\/\/www.facebook.com\/eylicomtr","article_modified_time":"2016-10-18T11:32:30+00:00","og_image":[{"url":"http:\/\/eyli.com.tr\/wp-content\/uploads\/2016\/05\/bekoloder-silindir-kapak.png","type":"","width":"","height":""}],"twitter_card":"summary_large_image","twitter_misc":{"Est. reading time":"2 minutes"},"schema":{"@context":"https:\/\/schema.org","@graph":[{"@type":"WebPage","@id":"https:\/\/eyli.com.tr\/beko-loder-silindir-kapak\/","url":"https:\/\/eyli.com.tr\/beko-loder-silindir-kapak\/","name":"VOLVO BEKO LODER S\u0130L\u0130ND\u0130R KAPA\u011eI PAR\u00c7ALARI","isPartOf":{"@id":"https:\/\/eyli.com.tr\/#website"},"primaryImageOfPage":{"@id":"https:\/\/eyli.com.tr\/beko-loder-silindir-kapak\/#primaryimage"},"image":{"@id":"https:\/\/eyli.com.tr\/beko-loder-silindir-kapak\/#primaryimage"},"thumbnailUrl":"http:\/\/eyli.com.tr\/wp-content\/uploads\/2016\/05\/bekoloder-silindir-kapak.png","datePublished":"2016-05-03T10:07:39+00:00","dateModified":"2016-10-18T11:32:30+00:00","description":"VOLVO BEKO LODER S\u0130L\u0130ND\u0130R KAPA\u011eI PAR\u00c7ALARI a\u015fa\u011f\u0131daki VOLVO \u0130\u015f Makineleri Modelleri BL60, BL60B, BL61, BL61 PLUS, BL61B, BL70, BL70B, BL71, BL71 PLUS, BL71B","breadcrumb":{"@id":"https:\/\/eyli.com.tr\/beko-loder-silindir-kapak\/#breadcrumb"},"inLanguage":"en-US","potentialAction":[{"@type":"ReadAction","target":["https:\/\/eyli.com.tr\/beko-loder-silindir-kapak\/"]}]},{"@type":"ImageObject","inLanguage":"en-US","@id":"https:\/\/eyli.com.tr\/beko-loder-silindir-kapak\/#primaryimage","url":"http:\/\/eyli.com.tr\/wp-content\/uploads\/2016\/05\/bekoloder-silindir-kapak.png","contentUrl":"http:\/\/eyli.com.tr\/wp-content\/uploads\/2016\/05\/bekoloder-silindir-kapak.png"},{"@type":"BreadcrumbList","@id":"https:\/\/eyli.com.tr\/beko-loder-silindir-kapak\/#breadcrumb","itemListElement":[{"@type":"ListItem","position":1,"name":"Ana sayfa","item":"https:\/\/eyli.com.tr\/"},{"@type":"ListItem","position":2,"name":"Beko Loder Silindir Kapak"}]},{"@type":"WebSite","@id":"https:\/\/eyli.com.tr\/#website","url":"https:\/\/eyli.com.tr\/","name":"Eyli \u0130\u015f Makineleri","description":"","publisher":{"@id":"https:\/\/eyli.com.tr\/#organization"},"potentialAction":[{"@type":"SearchAction","target":{"@type":"EntryPoint","urlTemplate":"https:\/\/eyli.com.tr\/?s={search_term_string}"},"query-input":{"@type":"PropertyValueSpecification","valueRequired":true,"valueName":"search_term_string"}}],"inLanguage":"en-US"},{"@type":"Organization","@id":"https:\/\/eyli.com.tr\/#organization","name":"Eyli \u0130\u015f Makineleri","url":"https:\/\/eyli.com.tr\/","logo":{"@type":"ImageObject","inLanguage":"en-US","@id":"https:\/\/eyli.com.tr\/#\/schema\/logo\/image\/","url":"https:\/\/eyli.com.tr\/wp-content\/uploads\/2020\/04\/WhatsApp-Image-2020-04-23-at-03.11.52-e1587829137284.jpeg","contentUrl":"https:\/\/eyli.com.tr\/wp-content\/uploads\/2020\/04\/WhatsApp-Image-2020-04-23-at-03.11.52-e1587829137284.jpeg","width":1600,"height":900,"caption":"Eyli \u0130\u015f Makineleri"},"image":{"@id":"https:\/\/eyli.com.tr\/#\/schema\/logo\/image\/"},"sameAs":["https:\/\/www.facebook.com\/eylicomtr"]}]}},"_links":{"self":[{"href":"https:\/\/eyli.com.tr\/en\/wp-json\/wp\/v2\/pages\/369","targetHints":{"allow":["GET"]}}],"collection":[{"href":"https:\/\/eyli.com.tr\/en\/wp-json\/wp\/v2\/pages"}],"about":[{"href":"https:\/\/eyli.com.tr\/en\/wp-json\/wp\/v2\/types\/page"}],"author":[{"embeddable":true,"href":"https:\/\/eyli.com.tr\/en\/wp-json\/wp\/v2\/users\/1"}],"replies":[{"embeddable":true,"href":"https:\/\/eyli.com.tr\/en\/wp-json\/wp\/v2\/comments?post=369"}],"version-history":[{"count":6,"href":"https:\/\/eyli.com.tr\/en\/wp-json\/wp\/v2\/pages\/369\/revisions"}],"predecessor-version":[{"id":1774,"href":"https:\/\/eyli.com.tr\/en\/wp-json\/wp\/v2\/pages\/369\/revisions\/1774"}],"wp:attachment":[{"href":"https:\/\/eyli.com.tr\/en\/wp-json\/wp\/v2\/media?parent=369"}],"curies":[{"name":"wp","href":"https:\/\/api.w.org\/{rel}","templated":true}]}}