{"id":332,"date":"2016-05-02T15:55:31","date_gmt":"2016-05-02T12:55:31","guid":{"rendered":"http:\/\/eyli.com.tr\/?page_id=332"},"modified":"2016-05-04T00:27:30","modified_gmt":"2016-05-03T21:27:30","slug":"2-el-2007-model-volvo-kaya-kamyonu","status":"publish","type":"page","link":"https:\/\/eyli.com.tr\/en\/2-el-2007-model-volvo-kaya-kamyonu\/","title":{"rendered":"2.El 2007 Model Volvo Kaya Kamyonu"},"content":{"rendered":"<div style=\"width:100%\"><div class=\"wd_error\"><p><strong>There is no gallery selected or the gallery was deleted.<\/strong><\/p><\/div><\/div>\n<p>&nbsp;<\/p>\n<p><strong>MARKA\u00a0<\/strong><\/p>\n<p>Volvo A35E<\/p>\n<p><strong>MODEL\u00a0<\/strong><\/p>\n<p>2007<\/p>\n<p><strong>\u00c7ALI\u015eMA SAAT<\/strong><\/p>\n<p>12.000<\/p>\n<p><strong>\u00c7EK\u0130\u015e<\/strong><\/p>\n<p>6&#215;6<\/p>\n<p><strong>BO\u015e A\u011eIRLIK<\/strong><\/p>\n<p>33,5 ton<\/p>\n<p><strong>Y\u00dcKL\u00dc A\u011eIRLIK<\/strong><\/p>\n<p>61 ton<\/p>\n<p><strong>MAKS\u0130MUM HIZ<\/strong><\/p>\n<p>55 km<\/p>\n<p><strong>MAZOT TANK<\/strong><\/p>\n<p>480 lt<\/p>\n<p><strong>SO\u011eUTMA SUYU<\/strong><\/p>\n<p>117 lt<\/p>\n<p><strong>\u015eANZUMAN YA\u011e<\/strong><\/p>\n<p>49 lt<\/p>\n<p><strong>H\u0130DROLIK TANK<\/strong><\/p>\n<p>250lt<\/p>\n<p><strong>F\u0130YAT<\/strong><br \/>\n93,000 <strong>EURO<\/strong><\/p>\n<p>Saatteki d\u00fc\u015f\u00fck yak\u0131t\u0131 ile en \u00f6n s\u0131rada olan <strong>VOLVO<\/strong> ocaklardaki deste\u011finiz olmaya devam ediyor<\/p>\n","protected":false},"excerpt":{"rendered":"<p>&nbsp; MARKA\u00a0 Volvo A35E MODEL\u00a0 2007 \u00c7ALI\u015eMA SAAT 12.000 \u00c7EK\u0130\u015e 6&#215;6 BO\u015e A\u011eIRLIK 33,5 ton Y\u00dcKL\u00dc A\u011eIRLIK 61 ton MAKS\u0130MUM HIZ 55 km MAZOT TANK 480 lt SO\u011eUTMA SUYU 117 lt \u015eANZUMAN YA\u011e 49 lt H\u0130DROLIK TANK 250lt F\u0130YAT 93,000 EURO Saatteki d\u00fc\u015f\u00fck yak\u0131t\u0131 ile en \u00f6n s\u0131rada olan VOLVO ocaklardaki deste\u011finiz olmaya devam ediyor<\/p>\n","protected":false},"author":1,"featured_media":0,"parent":0,"menu_order":0,"comment_status":"closed","ping_status":"closed","template":"page-fullwidth.php","meta":{"footnotes":""},"class_list":["post-332","page","type-page","status-publish","hentry"],"yoast_head":"<!-- This site is optimized with the Yoast SEO plugin v26.8 - https:\/\/yoast.com\/product\/yoast-seo-wordpress\/ -->\n<title>2.El 2007 Model Volvo Kaya Kamyonu - Eyli \u0130\u015f Makineleri<\/title>\n<meta name=\"robots\" content=\"index, follow, max-snippet:-1, max-image-preview:large, max-video-preview:-1\" \/>\n<link rel=\"canonical\" href=\"https:\/\/eyli.com.tr\/2-el-2007-model-volvo-kaya-kamyonu\/\" \/>\n<meta property=\"og:locale\" content=\"en_US\" \/>\n<meta property=\"og:type\" content=\"article\" \/>\n<meta property=\"og:title\" content=\"2.El 2007 Model Volvo Kaya Kamyonu - Eyli \u0130\u015f Makineleri\" \/>\n<meta property=\"og:description\" content=\"&nbsp; MARKA\u00a0 Volvo A35E MODEL\u00a0 2007 \u00c7ALI\u015eMA SAAT 12.000 \u00c7EK\u0130\u015e 6&#215;6 BO\u015e A\u011eIRLIK 33,5 ton Y\u00dcKL\u00dc A\u011eIRLIK 61 ton MAKS\u0130MUM HIZ 55 km MAZOT TANK 480 lt SO\u011eUTMA SUYU 117 lt \u015eANZUMAN YA\u011e 49 lt H\u0130DROLIK TANK 250lt F\u0130YAT 93,000 EURO Saatteki d\u00fc\u015f\u00fck yak\u0131t\u0131 ile en \u00f6n s\u0131rada olan VOLVO ocaklardaki deste\u011finiz olmaya devam ediyor\" \/>\n<meta property=\"og:url\" content=\"https:\/\/eyli.com.tr\/2-el-2007-model-volvo-kaya-kamyonu\/\" \/>\n<meta property=\"og:site_name\" content=\"Eyli \u0130\u015f Makineleri\" \/>\n<meta property=\"article:publisher\" content=\"https:\/\/www.facebook.com\/eylicomtr\" \/>\n<meta property=\"article:modified_time\" content=\"2016-05-03T21:27:30+00:00\" \/>\n<meta name=\"twitter:card\" content=\"summary_large_image\" \/>\n<script type=\"application\/ld+json\" class=\"yoast-schema-graph\">{\"@context\":\"https:\/\/schema.org\",\"@graph\":[{\"@type\":\"WebPage\",\"@id\":\"https:\/\/eyli.com.tr\/2-el-2007-model-volvo-kaya-kamyonu\/\",\"url\":\"https:\/\/eyli.com.tr\/2-el-2007-model-volvo-kaya-kamyonu\/\",\"name\":\"2.El 2007 Model Volvo Kaya Kamyonu - Eyli \u0130\u015f Makineleri\",\"isPartOf\":{\"@id\":\"https:\/\/eyli.com.tr\/#website\"},\"datePublished\":\"2016-05-02T12:55:31+00:00\",\"dateModified\":\"2016-05-03T21:27:30+00:00\",\"breadcrumb\":{\"@id\":\"https:\/\/eyli.com.tr\/2-el-2007-model-volvo-kaya-kamyonu\/#breadcrumb\"},\"inLanguage\":\"en-US\",\"potentialAction\":[{\"@type\":\"ReadAction\",\"target\":[\"https:\/\/eyli.com.tr\/2-el-2007-model-volvo-kaya-kamyonu\/\"]}]},{\"@type\":\"BreadcrumbList\",\"@id\":\"https:\/\/eyli.com.tr\/2-el-2007-model-volvo-kaya-kamyonu\/#breadcrumb\",\"itemListElement\":[{\"@type\":\"ListItem\",\"position\":1,\"name\":\"Ana sayfa\",\"item\":\"https:\/\/eyli.com.tr\/\"},{\"@type\":\"ListItem\",\"position\":2,\"name\":\"2.El 2007 Model Volvo Kaya Kamyonu\"}]},{\"@type\":\"WebSite\",\"@id\":\"https:\/\/eyli.com.tr\/#website\",\"url\":\"https:\/\/eyli.com.tr\/\",\"name\":\"Eyli \u0130\u015f Makineleri\",\"description\":\"\",\"publisher\":{\"@id\":\"https:\/\/eyli.com.tr\/#organization\"},\"potentialAction\":[{\"@type\":\"SearchAction\",\"target\":{\"@type\":\"EntryPoint\",\"urlTemplate\":\"https:\/\/eyli.com.tr\/?s={search_term_string}\"},\"query-input\":{\"@type\":\"PropertyValueSpecification\",\"valueRequired\":true,\"valueName\":\"search_term_string\"}}],\"inLanguage\":\"en-US\"},{\"@type\":\"Organization\",\"@id\":\"https:\/\/eyli.com.tr\/#organization\",\"name\":\"Eyli \u0130\u015f Makineleri\",\"url\":\"https:\/\/eyli.com.tr\/\",\"logo\":{\"@type\":\"ImageObject\",\"inLanguage\":\"en-US\",\"@id\":\"https:\/\/eyli.com.tr\/#\/schema\/logo\/image\/\",\"url\":\"https:\/\/eyli.com.tr\/wp-content\/uploads\/2020\/04\/WhatsApp-Image-2020-04-23-at-03.11.52-e1587829137284.jpeg\",\"contentUrl\":\"https:\/\/eyli.com.tr\/wp-content\/uploads\/2020\/04\/WhatsApp-Image-2020-04-23-at-03.11.52-e1587829137284.jpeg\",\"width\":1600,\"height\":900,\"caption\":\"Eyli \u0130\u015f Makineleri\"},\"image\":{\"@id\":\"https:\/\/eyli.com.tr\/#\/schema\/logo\/image\/\"},\"sameAs\":[\"https:\/\/www.facebook.com\/eylicomtr\"]}]}<\/script>\n<!-- \/ Yoast SEO plugin. -->","yoast_head_json":{"title":"2.El 2007 Model Volvo Kaya Kamyonu - Eyli \u0130\u015f Makineleri","robots":{"index":"index","follow":"follow","max-snippet":"max-snippet:-1","max-image-preview":"max-image-preview:large","max-video-preview":"max-video-preview:-1"},"canonical":"https:\/\/eyli.com.tr\/2-el-2007-model-volvo-kaya-kamyonu\/","og_locale":"en_US","og_type":"article","og_title":"2.El 2007 Model Volvo Kaya Kamyonu - Eyli \u0130\u015f Makineleri","og_description":"&nbsp; MARKA\u00a0 Volvo A35E MODEL\u00a0 2007 \u00c7ALI\u015eMA SAAT 12.000 \u00c7EK\u0130\u015e 6&#215;6 BO\u015e A\u011eIRLIK 33,5 ton Y\u00dcKL\u00dc A\u011eIRLIK 61 ton MAKS\u0130MUM HIZ 55 km MAZOT TANK 480 lt SO\u011eUTMA SUYU 117 lt \u015eANZUMAN YA\u011e 49 lt H\u0130DROLIK TANK 250lt F\u0130YAT 93,000 EURO Saatteki d\u00fc\u015f\u00fck yak\u0131t\u0131 ile en \u00f6n s\u0131rada olan VOLVO ocaklardaki deste\u011finiz olmaya devam ediyor","og_url":"https:\/\/eyli.com.tr\/2-el-2007-model-volvo-kaya-kamyonu\/","og_site_name":"Eyli \u0130\u015f Makineleri","article_publisher":"https:\/\/www.facebook.com\/eylicomtr","article_modified_time":"2016-05-03T21:27:30+00:00","twitter_card":"summary_large_image","schema":{"@context":"https:\/\/schema.org","@graph":[{"@type":"WebPage","@id":"https:\/\/eyli.com.tr\/2-el-2007-model-volvo-kaya-kamyonu\/","url":"https:\/\/eyli.com.tr\/2-el-2007-model-volvo-kaya-kamyonu\/","name":"2.El 2007 Model Volvo Kaya Kamyonu - Eyli \u0130\u015f Makineleri","isPartOf":{"@id":"https:\/\/eyli.com.tr\/#website"},"datePublished":"2016-05-02T12:55:31+00:00","dateModified":"2016-05-03T21:27:30+00:00","breadcrumb":{"@id":"https:\/\/eyli.com.tr\/2-el-2007-model-volvo-kaya-kamyonu\/#breadcrumb"},"inLanguage":"en-US","potentialAction":[{"@type":"ReadAction","target":["https:\/\/eyli.com.tr\/2-el-2007-model-volvo-kaya-kamyonu\/"]}]},{"@type":"BreadcrumbList","@id":"https:\/\/eyli.com.tr\/2-el-2007-model-volvo-kaya-kamyonu\/#breadcrumb","itemListElement":[{"@type":"ListItem","position":1,"name":"Ana sayfa","item":"https:\/\/eyli.com.tr\/"},{"@type":"ListItem","position":2,"name":"2.El 2007 Model Volvo Kaya Kamyonu"}]},{"@type":"WebSite","@id":"https:\/\/eyli.com.tr\/#website","url":"https:\/\/eyli.com.tr\/","name":"Eyli \u0130\u015f Makineleri","description":"","publisher":{"@id":"https:\/\/eyli.com.tr\/#organization"},"potentialAction":[{"@type":"SearchAction","target":{"@type":"EntryPoint","urlTemplate":"https:\/\/eyli.com.tr\/?s={search_term_string}"},"query-input":{"@type":"PropertyValueSpecification","valueRequired":true,"valueName":"search_term_string"}}],"inLanguage":"en-US"},{"@type":"Organization","@id":"https:\/\/eyli.com.tr\/#organization","name":"Eyli \u0130\u015f Makineleri","url":"https:\/\/eyli.com.tr\/","logo":{"@type":"ImageObject","inLanguage":"en-US","@id":"https:\/\/eyli.com.tr\/#\/schema\/logo\/image\/","url":"https:\/\/eyli.com.tr\/wp-content\/uploads\/2020\/04\/WhatsApp-Image-2020-04-23-at-03.11.52-e1587829137284.jpeg","contentUrl":"https:\/\/eyli.com.tr\/wp-content\/uploads\/2020\/04\/WhatsApp-Image-2020-04-23-at-03.11.52-e1587829137284.jpeg","width":1600,"height":900,"caption":"Eyli \u0130\u015f Makineleri"},"image":{"@id":"https:\/\/eyli.com.tr\/#\/schema\/logo\/image\/"},"sameAs":["https:\/\/www.facebook.com\/eylicomtr"]}]}},"_links":{"self":[{"href":"https:\/\/eyli.com.tr\/en\/wp-json\/wp\/v2\/pages\/332","targetHints":{"allow":["GET"]}}],"collection":[{"href":"https:\/\/eyli.com.tr\/en\/wp-json\/wp\/v2\/pages"}],"about":[{"href":"https:\/\/eyli.com.tr\/en\/wp-json\/wp\/v2\/types\/page"}],"author":[{"embeddable":true,"href":"https:\/\/eyli.com.tr\/en\/wp-json\/wp\/v2\/users\/1"}],"replies":[{"embeddable":true,"href":"https:\/\/eyli.com.tr\/en\/wp-json\/wp\/v2\/comments?post=332"}],"version-history":[{"count":6,"href":"https:\/\/eyli.com.tr\/en\/wp-json\/wp\/v2\/pages\/332\/revisions"}],"predecessor-version":[{"id":405,"href":"https:\/\/eyli.com.tr\/en\/wp-json\/wp\/v2\/pages\/332\/revisions\/405"}],"wp:attachment":[{"href":"https:\/\/eyli.com.tr\/en\/wp-json\/wp\/v2\/media?parent=332"}],"curies":[{"name":"wp","href":"https:\/\/api.w.org\/{rel}","templated":true}]}}