{"id":265,"date":"2016-04-30T22:11:22","date_gmt":"2016-04-30T19:11:22","guid":{"rendered":"http:\/\/localhost:85\/sinyol\/?page_id=265"},"modified":"2016-10-10T13:41:24","modified_gmt":"2016-10-10T10:41:24","slug":"hakkimizda","status":"publish","type":"page","link":"https:\/\/eyli.com.tr\/en\/hakkimizda\/","title":{"rendered":"About Us"},"content":{"rendered":"<p>As Eyli Construction Machine Spare Parts and Equipments with its headquarters in Ostim \/ Ankara and with a branch office in Denizli, we have successfully been active in construction Machines industry for 11 years.<\/p>\n<p>We continue dealing with the spare parts of the construction machines of different manufacturers, Volvo being first.<\/p>\n<p>The spare parts that we manufacture are exported to primarily European and Middle Eastern Countries then to other countries under the brand \u201cEYL\u0130\u201d.<\/p>\n<p>In addition, we undertake the mass manufacturing of the spare parts of any construction machine in our factory upon your orders.<\/p>\n<p>The product inventory of our company, which has adopted the principle of providing the best service possible by ensuring the customer satisfaction both in domestic and international markets, consist of over 3.000 parts.<\/p>\n<p>As Eyli Construction Machine, we greatly care about our business. We have all the necessary knowledge, background, experience and technologic infrastructure regarding our field of business.<\/p>\n<p>Today, the time is most valuable for all of us. We are striving to use such limited time in the most productive manner possible for all of us.<\/p>\n<p>Please trust in 3 things that we have in order to have a journey with you, our esteemed customers;<\/p>\n<ul>\n<li>Quality,<\/li>\n<li>Trust,<\/li>\n<li><a href=\"http:\/\/tureng.com\/tr\/turkce-ingilizce\/sincerity\">Sincerity<\/a><\/li>\n<\/ul>\n<p>Regards.<\/p>\n<p>&nbsp;<\/p>\n<p><strong>Our Mission<\/strong><\/p>\n<p>For 11 years, we have been the reason of preference for our customers by taking the ever changing customer and market needs into account and by never compromising from the quality. We have always stood by the services we provided with all of our sincerity. With our teams, comprised of the experts in their respective fields, we formed a convenient service network for our customers, and provide our services with our high quality product inventory.<\/p>\n<p>&nbsp;<\/p>\n<p><strong>Our Vision<\/strong><\/p>\n<p>As it can be understood from the title, our corporate vision, the point that we wish to reach is keeping the satisfaction levels of our customers at the highest and to become a company that is well aware of its corporate responsibilities that provide high quality, fast and reliable services to the world in our sector.<\/p>\n<p>&nbsp;<\/p>\n<p><strong>Our Values<\/strong><\/p>\n<p>The essential value of our company is to work honestly without compromising from the quality. Identifying the needs and requirements of our customers and meeting them in an proper manner is highly important for our company. At this point, our power of innovation is what distinguishes us within the sector.<\/p>\n<p><strong>EYL\u0130 \u0130\u015e MAK\u0130NELER\u0130<\/strong><\/p>","protected":false},"excerpt":{"rendered":"<p>As Eyli Construction Machine Spare Parts and Equipments with its headquarters in Ostim \/ Ankara and with a branch office in Denizli, we have successfully been active in construction Machines industry for 11 years. We continue dealing with the spare parts of the construction machines of different manufacturers, Volvo being first. The spare parts that [&hellip;]<\/p>\n","protected":false},"author":1,"featured_media":0,"parent":0,"menu_order":0,"comment_status":"closed","ping_status":"closed","template":"page-fullwidth.php","meta":{"footnotes":""},"class_list":["post-265","page","type-page","status-publish","hentry"],"yoast_head":"<!-- This site is optimized with the Yoast SEO plugin v26.8 - https:\/\/yoast.com\/product\/yoast-seo-wordpress\/ -->\n<title>Eyli Volvo \u0130\u015f makineleri yedek par\u00e7alar\u0131 Hakk\u0131nda<\/title>\n<meta name=\"description\" content=\"Eyli Volvo \u0130\u015f Makineleri Yedek Par\u00e7alar\u0131 ve Ekipmanlar\u0131 end\u00fcstri lideridir ve yeniden yap\u0131lm\u0131\u015f, orjinal yeni, rektifiye ve kullan\u0131lm\u0131\u015f a\u011f\u0131r i\u015f makineleri tedarik\u00e7isiniz olmaya g\u00f6n\u00fcll\u00fcd\u00fcr.\" \/>\n<meta name=\"robots\" content=\"index, follow, max-snippet:-1, max-image-preview:large, max-video-preview:-1\" \/>\n<link rel=\"canonical\" href=\"https:\/\/eyli.com.tr\/hakkimizda\/\" \/>\n<meta property=\"og:locale\" content=\"en_US\" \/>\n<meta property=\"og:type\" content=\"article\" \/>\n<meta property=\"og:title\" content=\"Eyli Volvo \u0130\u015f makineleri yedek par\u00e7alar\u0131 Hakk\u0131nda\" \/>\n<meta property=\"og:description\" content=\"Eyli Volvo \u0130\u015f Makineleri Yedek Par\u00e7alar\u0131 ve Ekipmanlar\u0131 end\u00fcstri lideridir ve yeniden yap\u0131lm\u0131\u015f, orjinal yeni, rektifiye ve kullan\u0131lm\u0131\u015f a\u011f\u0131r i\u015f makineleri tedarik\u00e7isiniz olmaya g\u00f6n\u00fcll\u00fcd\u00fcr.\" \/>\n<meta property=\"og:url\" content=\"https:\/\/eyli.com.tr\/hakkimizda\/\" \/>\n<meta property=\"og:site_name\" content=\"Eyli \u0130\u015f Makineleri\" \/>\n<meta property=\"article:publisher\" content=\"https:\/\/www.facebook.com\/eylicomtr\" \/>\n<meta property=\"article:modified_time\" content=\"2016-10-10T10:41:24+00:00\" \/>\n<meta name=\"twitter:card\" content=\"summary_large_image\" \/>\n<meta name=\"twitter:label1\" content=\"Est. reading time\" \/>\n\t<meta name=\"twitter:data1\" content=\"4 minutes\" \/>\n<script type=\"application\/ld+json\" class=\"yoast-schema-graph\">{\"@context\":\"https:\/\/schema.org\",\"@graph\":[{\"@type\":\"WebPage\",\"@id\":\"https:\/\/eyli.com.tr\/hakkimizda\/\",\"url\":\"https:\/\/eyli.com.tr\/hakkimizda\/\",\"name\":\"Eyli Volvo \u0130\u015f makineleri yedek par\u00e7alar\u0131 Hakk\u0131nda\",\"isPartOf\":{\"@id\":\"https:\/\/eyli.com.tr\/#website\"},\"datePublished\":\"2016-04-30T19:11:22+00:00\",\"dateModified\":\"2016-10-10T10:41:24+00:00\",\"description\":\"Eyli Volvo \u0130\u015f Makineleri Yedek Par\u00e7alar\u0131 ve Ekipmanlar\u0131 end\u00fcstri lideridir ve yeniden yap\u0131lm\u0131\u015f, orjinal yeni, rektifiye ve kullan\u0131lm\u0131\u015f a\u011f\u0131r i\u015f makineleri tedarik\u00e7isiniz olmaya g\u00f6n\u00fcll\u00fcd\u00fcr.\",\"breadcrumb\":{\"@id\":\"https:\/\/eyli.com.tr\/hakkimizda\/#breadcrumb\"},\"inLanguage\":\"en-US\",\"potentialAction\":[{\"@type\":\"ReadAction\",\"target\":[\"https:\/\/eyli.com.tr\/hakkimizda\/\"]}]},{\"@type\":\"BreadcrumbList\",\"@id\":\"https:\/\/eyli.com.tr\/hakkimizda\/#breadcrumb\",\"itemListElement\":[{\"@type\":\"ListItem\",\"position\":1,\"name\":\"Ana sayfa\",\"item\":\"https:\/\/eyli.com.tr\/\"},{\"@type\":\"ListItem\",\"position\":2,\"name\":\"Hakk\u0131m\u0131zda\"}]},{\"@type\":\"WebSite\",\"@id\":\"https:\/\/eyli.com.tr\/#website\",\"url\":\"https:\/\/eyli.com.tr\/\",\"name\":\"Eyli \u0130\u015f Makineleri\",\"description\":\"\",\"publisher\":{\"@id\":\"https:\/\/eyli.com.tr\/#organization\"},\"potentialAction\":[{\"@type\":\"SearchAction\",\"target\":{\"@type\":\"EntryPoint\",\"urlTemplate\":\"https:\/\/eyli.com.tr\/?s={search_term_string}\"},\"query-input\":{\"@type\":\"PropertyValueSpecification\",\"valueRequired\":true,\"valueName\":\"search_term_string\"}}],\"inLanguage\":\"en-US\"},{\"@type\":\"Organization\",\"@id\":\"https:\/\/eyli.com.tr\/#organization\",\"name\":\"Eyli \u0130\u015f Makineleri\",\"url\":\"https:\/\/eyli.com.tr\/\",\"logo\":{\"@type\":\"ImageObject\",\"inLanguage\":\"en-US\",\"@id\":\"https:\/\/eyli.com.tr\/#\/schema\/logo\/image\/\",\"url\":\"https:\/\/eyli.com.tr\/wp-content\/uploads\/2020\/04\/WhatsApp-Image-2020-04-23-at-03.11.52-e1587829137284.jpeg\",\"contentUrl\":\"https:\/\/eyli.com.tr\/wp-content\/uploads\/2020\/04\/WhatsApp-Image-2020-04-23-at-03.11.52-e1587829137284.jpeg\",\"width\":1600,\"height\":900,\"caption\":\"Eyli \u0130\u015f Makineleri\"},\"image\":{\"@id\":\"https:\/\/eyli.com.tr\/#\/schema\/logo\/image\/\"},\"sameAs\":[\"https:\/\/www.facebook.com\/eylicomtr\"]}]}<\/script>\n<!-- \/ Yoast SEO plugin. -->","yoast_head_json":{"title":"Eyli Volvo \u0130\u015f makineleri yedek par\u00e7alar\u0131 Hakk\u0131nda","description":"Eyli Volvo \u0130\u015f Makineleri Yedek Par\u00e7alar\u0131 ve Ekipmanlar\u0131 end\u00fcstri lideridir ve yeniden yap\u0131lm\u0131\u015f, orjinal yeni, rektifiye ve kullan\u0131lm\u0131\u015f a\u011f\u0131r i\u015f makineleri tedarik\u00e7isiniz olmaya g\u00f6n\u00fcll\u00fcd\u00fcr.","robots":{"index":"index","follow":"follow","max-snippet":"max-snippet:-1","max-image-preview":"max-image-preview:large","max-video-preview":"max-video-preview:-1"},"canonical":"https:\/\/eyli.com.tr\/hakkimizda\/","og_locale":"en_US","og_type":"article","og_title":"Eyli Volvo \u0130\u015f makineleri yedek par\u00e7alar\u0131 Hakk\u0131nda","og_description":"Eyli Volvo \u0130\u015f Makineleri Yedek Par\u00e7alar\u0131 ve Ekipmanlar\u0131 end\u00fcstri lideridir ve yeniden yap\u0131lm\u0131\u015f, orjinal yeni, rektifiye ve kullan\u0131lm\u0131\u015f a\u011f\u0131r i\u015f makineleri tedarik\u00e7isiniz olmaya g\u00f6n\u00fcll\u00fcd\u00fcr.","og_url":"https:\/\/eyli.com.tr\/hakkimizda\/","og_site_name":"Eyli \u0130\u015f Makineleri","article_publisher":"https:\/\/www.facebook.com\/eylicomtr","article_modified_time":"2016-10-10T10:41:24+00:00","twitter_card":"summary_large_image","twitter_misc":{"Est. reading time":"4 minutes"},"schema":{"@context":"https:\/\/schema.org","@graph":[{"@type":"WebPage","@id":"https:\/\/eyli.com.tr\/hakkimizda\/","url":"https:\/\/eyli.com.tr\/hakkimizda\/","name":"Eyli Volvo \u0130\u015f makineleri yedek par\u00e7alar\u0131 Hakk\u0131nda","isPartOf":{"@id":"https:\/\/eyli.com.tr\/#website"},"datePublished":"2016-04-30T19:11:22+00:00","dateModified":"2016-10-10T10:41:24+00:00","description":"Eyli Volvo \u0130\u015f Makineleri Yedek Par\u00e7alar\u0131 ve Ekipmanlar\u0131 end\u00fcstri lideridir ve yeniden yap\u0131lm\u0131\u015f, orjinal yeni, rektifiye ve kullan\u0131lm\u0131\u015f a\u011f\u0131r i\u015f makineleri tedarik\u00e7isiniz olmaya g\u00f6n\u00fcll\u00fcd\u00fcr.","breadcrumb":{"@id":"https:\/\/eyli.com.tr\/hakkimizda\/#breadcrumb"},"inLanguage":"en-US","potentialAction":[{"@type":"ReadAction","target":["https:\/\/eyli.com.tr\/hakkimizda\/"]}]},{"@type":"BreadcrumbList","@id":"https:\/\/eyli.com.tr\/hakkimizda\/#breadcrumb","itemListElement":[{"@type":"ListItem","position":1,"name":"Ana sayfa","item":"https:\/\/eyli.com.tr\/"},{"@type":"ListItem","position":2,"name":"Hakk\u0131m\u0131zda"}]},{"@type":"WebSite","@id":"https:\/\/eyli.com.tr\/#website","url":"https:\/\/eyli.com.tr\/","name":"Eyli \u0130\u015f Makineleri","description":"","publisher":{"@id":"https:\/\/eyli.com.tr\/#organization"},"potentialAction":[{"@type":"SearchAction","target":{"@type":"EntryPoint","urlTemplate":"https:\/\/eyli.com.tr\/?s={search_term_string}"},"query-input":{"@type":"PropertyValueSpecification","valueRequired":true,"valueName":"search_term_string"}}],"inLanguage":"en-US"},{"@type":"Organization","@id":"https:\/\/eyli.com.tr\/#organization","name":"Eyli \u0130\u015f Makineleri","url":"https:\/\/eyli.com.tr\/","logo":{"@type":"ImageObject","inLanguage":"en-US","@id":"https:\/\/eyli.com.tr\/#\/schema\/logo\/image\/","url":"https:\/\/eyli.com.tr\/wp-content\/uploads\/2020\/04\/WhatsApp-Image-2020-04-23-at-03.11.52-e1587829137284.jpeg","contentUrl":"https:\/\/eyli.com.tr\/wp-content\/uploads\/2020\/04\/WhatsApp-Image-2020-04-23-at-03.11.52-e1587829137284.jpeg","width":1600,"height":900,"caption":"Eyli \u0130\u015f Makineleri"},"image":{"@id":"https:\/\/eyli.com.tr\/#\/schema\/logo\/image\/"},"sameAs":["https:\/\/www.facebook.com\/eylicomtr"]}]}},"_links":{"self":[{"href":"https:\/\/eyli.com.tr\/en\/wp-json\/wp\/v2\/pages\/265","targetHints":{"allow":["GET"]}}],"collection":[{"href":"https:\/\/eyli.com.tr\/en\/wp-json\/wp\/v2\/pages"}],"about":[{"href":"https:\/\/eyli.com.tr\/en\/wp-json\/wp\/v2\/types\/page"}],"author":[{"embeddable":true,"href":"https:\/\/eyli.com.tr\/en\/wp-json\/wp\/v2\/users\/1"}],"replies":[{"embeddable":true,"href":"https:\/\/eyli.com.tr\/en\/wp-json\/wp\/v2\/comments?post=265"}],"version-history":[{"count":12,"href":"https:\/\/eyli.com.tr\/en\/wp-json\/wp\/v2\/pages\/265\/revisions"}],"predecessor-version":[{"id":1639,"href":"https:\/\/eyli.com.tr\/en\/wp-json\/wp\/v2\/pages\/265\/revisions\/1639"}],"wp:attachment":[{"href":"https:\/\/eyli.com.tr\/en\/wp-json\/wp\/v2\/media?parent=265"}],"curies":[{"name":"wp","href":"https:\/\/api.w.org\/{rel}","templated":true}]}}