{"id":252,"date":"2016-04-23T11:05:21","date_gmt":"2016-04-23T08:05:21","guid":{"rendered":"http:\/\/localhost:85\/sinyol\/?page_id=252"},"modified":"2021-06-17T23:03:00","modified_gmt":"2021-06-17T20:03:00","slug":"yedek-parca","status":"publish","type":"page","link":"https:\/\/eyli.com.tr\/en\/yedek-parca\/","title":{"rendered":"Spare Parts"},"content":{"rendered":"<p><\/p>\n<div class=\"row\">\n<div class=\"col-md-2 col-md-offset-1\">\n<table class=\"table table-bordered\">\n<tbody>\n<tr>\n<td>\n<h2 style=\"text-align: center;\"><a href=\"http:\/\/eyli.com.tr\/volvo-beko-loder\/\">Backhoe Loader<\/a><\/h2>\n<\/td>\n<\/tr>\n<tr>\n<td>\n<ul>\n<li><a href=\"http:\/\/eyli.com.tr\/beko-loder-motor\/\">Engine<\/a><\/li>\n<li><a href=\"http:\/\/eyli.com.tr\/beko-loder-silindir-kapak\/\">Cylinder Head<\/a><\/li>\n<li><a href=\"http:\/\/eyli.com.tr\/beko-loder-silindir-blok\/\">Cylinder Block<\/a><\/li>\n<li><a href=\"http:\/\/eyli.com.tr\/beko-loder-piston-set\/\">Piston set<\/a><\/li>\n<li><a href=\"http:\/\/eyli.com.tr\/beko-loder-motor-yag-sogutucusu\/\">Engine Oil Cooler<\/a><\/li>\n<li><a href=\"http:\/\/eyli.com.tr\/beko-loder-mazot-otomatik\/\">Diesel Hand Primer<\/a><\/li>\n<li><a href=\"http:\/\/eyli.com.tr\/beko-loder-mazot-samandira\/\">Fuel Gauge Sender Unit<\/a><\/li>\n<li><a href=\"http:\/\/eyli.com.tr\/beko-loder-enjektor-pompasi\/\">Injector Pump<\/a><\/li>\n<li><a href=\"http:\/\/eyli.com.tr\/beko-loder-mazot-pompasi\/\">Diesel Fuel Pump<\/a><\/li>\n<li><a href=\"http:\/\/eyli.com.tr\/beko-loder-enjektor-pompasi-2\/\">Injector Pump<\/a><\/li>\n<li><a href=\"http:\/\/eyli.com.tr\/beko-loder-turbo\/\">Turbo<\/a><\/li>\n<li><a href=\"http:\/\/eyli.com.tr\/beko-loder-radyator\/\">Radiator<\/a><\/li>\n<li><a href=\"http:\/\/eyli.com.tr\/beko-loder-su-pompasi\/\">Water Pump<\/a><\/li>\n<li><a href=\"http:\/\/eyli.com.tr\/beko-loder-motor-kayis\/\">Engine Belt<\/a><\/li>\n<li><a href=\"http:\/\/eyli.com.tr\/beko-loder-termostat\/\">Thermostat<\/a><\/li>\n<li><a href=\"http:\/\/eyli.com.tr\/beko-loder-motor-stop-selenoid\/\">Engine Stop Selenoid<\/a><\/li>\n<li><a href=\"http:\/\/eyli.com.tr\/beko-loder-lamba\/\">Lamps<\/a><\/li>\n<li><a href=\"http:\/\/eyli.com.tr\/beko-loder-beyin\/\">Electronic Control Unit<\/a><\/li>\n<li><a href=\"http:\/\/eyli.com.tr\/beko-loder-saft\/\">Shaft<\/a><\/li>\n<li><a href=\"http:\/\/eyli.com.tr\/beko-loder-on-aks\/\">Front Axle<\/a><\/li>\n<li><a href=\"http:\/\/eyli.com.tr\/beko-loder-arka-aks\/\">Rear Axle<\/a><\/li>\n<li><a href=\"http:\/\/eyli.com.tr\/beko-loder-ayna-maruti\/\">Final Drive<\/a><\/li>\n<li><a href=\"http:\/\/eyli.com.tr\/beko-loder-aks\/\">Axle<\/a><\/li>\n<li><a href=\"http:\/\/eyli.com.tr\/beko-loder-cer\/\">Cer<\/a><\/li>\n<li><a href=\"http:\/\/eyli.com.tr\/beko-loder-rot-kolu\/\">Track Rod<\/a><\/li>\n<li><a href=\"http:\/\/eyli.com.tr\/beko-loder-jant\/\">Rim<\/a><\/li>\n<li><a href=\"http:\/\/eyli.com.tr\/beko-loder-kabin-takoz\/\">Cab Tilt Stopper<\/a><\/li>\n<li><a href=\"http:\/\/eyli.com.tr\/beko-loder-on-cam\/\">Windshield<\/a><\/li>\n<li><a href=\"http:\/\/eyli.com.tr\/beko-loder-hidrolik-pompa\/\">Hydraulic Pump<\/a><\/li>\n<li><a href=\"http:\/\/eyli.com.tr\/beko-loder-valf-kit\/\">Valve kit<\/a><\/li>\n<li><a href=\"http:\/\/eyli.com.tr\/beko-loder-hidrolik-silindir\/\">Hydraulic Cylinder<\/a><\/li>\n<li><a href=\"http:\/\/eyli.com.tr\/beko-loder-kece-takimi\/\">Sealing Ring Set<\/a><\/li>\n<li><a href=\"http:\/\/eyli.com.tr\/beko-loder-donus-braket\/\">Turning Bracket<\/a><\/li>\n<li><a href=\"http:\/\/eyli.com.tr\/beko-loder-bom-silindir-kece-takimi\/\">Boom Cylinder Seal Ring Set<\/a><\/li>\n<li><a href=\"http:\/\/eyli.com.tr\/beko-loder-arm-silindir-kece-takimi\/\">Arm Cylinder Seal Set<\/a><\/li>\n<li><a href=\"http:\/\/eyli.com.tr\/beko-loder-donus-silindir-kece-takimi\/\">Turning Cylinder Seal Set<\/a><\/li>\n<\/ul>\n<p>&nbsp;<\/p>\n<ul>\n<li><a href=\"http:\/\/eyli.com.tr\/volvo-beko-loder-bl60-bl60b-yedek-parca\/\">BL60<\/a><\/li>\n<li><a href=\"http:\/\/eyli.com.tr\/volvo-beko-loder-bl60-bl60b-yedek-parca\/\">BL60B<\/a><\/li>\n<li><a href=\"http:\/\/eyli.com.tr\/volvo-beko-loder-bl61-bl61b-bl61-plus\/\">BL61<\/a><\/li>\n<li><a href=\"http:\/\/eyli.com.tr\/volvo-beko-loder-bl61-bl61b-bl61-plus\/\">BL61 PLUS<\/a><\/li>\n<li><a href=\"http:\/\/eyli.com.tr\/volvo-beko-loder-bl61-bl61b-bl61-plus\/\">BL61B<\/a><\/li>\n<li><a href=\"http:\/\/eyli.com.tr\/volvo-beko-loder-bl70-bl70b-yedek-parca\/\">BL70<\/a><\/li>\n<li><a href=\"http:\/\/eyli.com.tr\/volvo-beko-loder-bl70-bl70b-yedek-parca\/\">BL70B<\/a><\/li>\n<li><a href=\"http:\/\/eyli.com.tr\/volvo-beko-loder-bl71-bl71-plus-bl71b-yedek-parca\/\">BL71<\/a><\/li>\n<li><a href=\"http:\/\/eyli.com.tr\/volvo-beko-loder-bl71-bl71-plus-bl71b-yedek-parca\/\">BL71 PLUS<\/a><\/li>\n<li><a href=\"http:\/\/eyli.com.tr\/volvo-beko-loder-bl71-bl71-plus-bl71b-yedek-parca\/\">BL71B<\/a><\/li>\n<\/ul>\n<\/td>\n<\/tr>\n<\/tbody>\n<\/table>\n<\/div>\n<div class=\"col-md-2\"><\/div>\n<div class=\"col-md-2\"><\/div>\n<div class=\"col-md-2\"><\/div>\n<\/div>\n<p>&nbsp;<\/p>\n<p><strong>Spare Parts for Volvo Construction Machines <\/strong><\/p>\n<p>Eyli Construction Machine Spare Parts and Equipments provides new \/ original and second hand Volvo Spare Parts for a broad spectrum of Volvo Construction Machine Models. In addition, our partner network enables us to access to a large inventory of new and used Volvo Construction Machine parts as well.<\/p>\n<p>Please contact us for the new or second hand Volvo Construction Machine parts that has recently arrived from the link below;<\/p>\n<p>\u2013<a href=\"http:\/\/www.eyli.com.tr\/\">http:\/\/www.eyli.com.tr<\/a><\/p>\n<p>Eyli Construction Machine Spare Parts and Equipments has an inventory, consisting of more than 3000 new and used parts for the use in Volvo and other prominent manufacturers of construction machines. We sell spare parts and accessories for construction machines with reasonable prices.<\/p>","protected":false},"excerpt":{"rendered":"<p>Backhoe Loader Engine Cylinder Head Cylinder Block Piston set Engine Oil Cooler Diesel Hand Primer Fuel Gauge Sender Unit Injector Pump Diesel Fuel Pump Injector Pump Turbo Radiator Water Pump Engine Belt Thermostat Engine Stop Selenoid Lamps Electronic Control Unit Shaft Front Axle Rear Axle Final Drive Axle Cer Track Rod Rim Cab Tilt Stopper [&hellip;]<\/p>\n","protected":false},"author":1,"featured_media":0,"parent":0,"menu_order":0,"comment_status":"closed","ping_status":"closed","template":"page-fullwidth.php","meta":{"footnotes":""},"class_list":["post-252","page","type-page","status-publish","hentry"],"yoast_head":"<!-- This site is optimized with the Yoast SEO plugin v26.8 - https:\/\/yoast.com\/product\/yoast-seo-wordpress\/ -->\n<title>Volvo \u0130\u015f Makineleri Yedek Par\u00e7a, Kaya Kamyonlar\u0131,Beko Loder ve Y\u00fckleyiciler i\u00e7in Yedek Par\u00e7alar<\/title>\n<meta name=\"description\" content=\"Volvo \u0130\u015f Makineleri Yedek Par\u00e7a, Kaya Kamyonlar\u0131,Beko Loder ve Y\u00fckleyiciler, Greyderler i\u00e7in \u0130\u015f makineleri Yedek Par\u00e7alar\u0131\" \/>\n<meta name=\"robots\" content=\"index, follow, max-snippet:-1, max-image-preview:large, max-video-preview:-1\" \/>\n<link rel=\"canonical\" href=\"https:\/\/eyli.com.tr\/yedek-parca\/\" \/>\n<meta property=\"og:locale\" content=\"en_US\" \/>\n<meta property=\"og:type\" content=\"article\" \/>\n<meta property=\"og:title\" content=\"Volvo \u0130\u015f Makineleri Yedek Par\u00e7a, Kaya Kamyonlar\u0131,Beko Loder ve Y\u00fckleyiciler i\u00e7in Yedek Par\u00e7alar\" \/>\n<meta property=\"og:description\" content=\"Volvo \u0130\u015f Makineleri Yedek Par\u00e7a, Kaya Kamyonlar\u0131,Beko Loder ve Y\u00fckleyiciler, Greyderler i\u00e7in \u0130\u015f makineleri Yedek Par\u00e7alar\u0131\" \/>\n<meta property=\"og:url\" content=\"https:\/\/eyli.com.tr\/yedek-parca\/\" \/>\n<meta property=\"og:site_name\" content=\"Eyli \u0130\u015f Makineleri\" \/>\n<meta property=\"article:publisher\" content=\"https:\/\/www.facebook.com\/eylicomtr\" \/>\n<meta property=\"article:modified_time\" content=\"2021-06-17T20:03:00+00:00\" \/>\n<meta name=\"twitter:card\" content=\"summary_large_image\" \/>\n<meta name=\"twitter:label1\" content=\"Est. reading time\" \/>\n\t<meta name=\"twitter:data1\" content=\"3 minutes\" \/>\n<script type=\"application\/ld+json\" class=\"yoast-schema-graph\">{\"@context\":\"https:\/\/schema.org\",\"@graph\":[{\"@type\":\"WebPage\",\"@id\":\"https:\/\/eyli.com.tr\/yedek-parca\/\",\"url\":\"https:\/\/eyli.com.tr\/yedek-parca\/\",\"name\":\"Volvo \u0130\u015f Makineleri Yedek Par\u00e7a, Kaya Kamyonlar\u0131,Beko Loder ve Y\u00fckleyiciler i\u00e7in Yedek Par\u00e7alar\",\"isPartOf\":{\"@id\":\"https:\/\/eyli.com.tr\/#website\"},\"datePublished\":\"2016-04-23T08:05:21+00:00\",\"dateModified\":\"2021-06-17T20:03:00+00:00\",\"description\":\"Volvo \u0130\u015f Makineleri Yedek Par\u00e7a, Kaya Kamyonlar\u0131,Beko Loder ve Y\u00fckleyiciler, Greyderler i\u00e7in \u0130\u015f makineleri Yedek Par\u00e7alar\u0131\",\"breadcrumb\":{\"@id\":\"https:\/\/eyli.com.tr\/yedek-parca\/#breadcrumb\"},\"inLanguage\":\"en-US\",\"potentialAction\":[{\"@type\":\"ReadAction\",\"target\":[\"https:\/\/eyli.com.tr\/yedek-parca\/\"]}]},{\"@type\":\"BreadcrumbList\",\"@id\":\"https:\/\/eyli.com.tr\/yedek-parca\/#breadcrumb\",\"itemListElement\":[{\"@type\":\"ListItem\",\"position\":1,\"name\":\"Ana sayfa\",\"item\":\"https:\/\/eyli.com.tr\/\"},{\"@type\":\"ListItem\",\"position\":2,\"name\":\"Yedek Par\u00e7a\"}]},{\"@type\":\"WebSite\",\"@id\":\"https:\/\/eyli.com.tr\/#website\",\"url\":\"https:\/\/eyli.com.tr\/\",\"name\":\"Eyli \u0130\u015f Makineleri\",\"description\":\"\",\"publisher\":{\"@id\":\"https:\/\/eyli.com.tr\/#organization\"},\"potentialAction\":[{\"@type\":\"SearchAction\",\"target\":{\"@type\":\"EntryPoint\",\"urlTemplate\":\"https:\/\/eyli.com.tr\/?s={search_term_string}\"},\"query-input\":{\"@type\":\"PropertyValueSpecification\",\"valueRequired\":true,\"valueName\":\"search_term_string\"}}],\"inLanguage\":\"en-US\"},{\"@type\":\"Organization\",\"@id\":\"https:\/\/eyli.com.tr\/#organization\",\"name\":\"Eyli \u0130\u015f Makineleri\",\"url\":\"https:\/\/eyli.com.tr\/\",\"logo\":{\"@type\":\"ImageObject\",\"inLanguage\":\"en-US\",\"@id\":\"https:\/\/eyli.com.tr\/#\/schema\/logo\/image\/\",\"url\":\"https:\/\/eyli.com.tr\/wp-content\/uploads\/2020\/04\/WhatsApp-Image-2020-04-23-at-03.11.52-e1587829137284.jpeg\",\"contentUrl\":\"https:\/\/eyli.com.tr\/wp-content\/uploads\/2020\/04\/WhatsApp-Image-2020-04-23-at-03.11.52-e1587829137284.jpeg\",\"width\":1600,\"height\":900,\"caption\":\"Eyli \u0130\u015f Makineleri\"},\"image\":{\"@id\":\"https:\/\/eyli.com.tr\/#\/schema\/logo\/image\/\"},\"sameAs\":[\"https:\/\/www.facebook.com\/eylicomtr\"]}]}<\/script>\n<!-- \/ Yoast SEO plugin. -->","yoast_head_json":{"title":"Volvo \u0130\u015f Makineleri Yedek Par\u00e7a, Kaya Kamyonlar\u0131,Beko Loder ve Y\u00fckleyiciler i\u00e7in Yedek Par\u00e7alar","description":"Volvo \u0130\u015f Makineleri Yedek Par\u00e7a, Kaya Kamyonlar\u0131,Beko Loder ve Y\u00fckleyiciler, Greyderler i\u00e7in \u0130\u015f makineleri Yedek Par\u00e7alar\u0131","robots":{"index":"index","follow":"follow","max-snippet":"max-snippet:-1","max-image-preview":"max-image-preview:large","max-video-preview":"max-video-preview:-1"},"canonical":"https:\/\/eyli.com.tr\/yedek-parca\/","og_locale":"en_US","og_type":"article","og_title":"Volvo \u0130\u015f Makineleri Yedek Par\u00e7a, Kaya Kamyonlar\u0131,Beko Loder ve Y\u00fckleyiciler i\u00e7in Yedek Par\u00e7alar","og_description":"Volvo \u0130\u015f Makineleri Yedek Par\u00e7a, Kaya Kamyonlar\u0131,Beko Loder ve Y\u00fckleyiciler, Greyderler i\u00e7in \u0130\u015f makineleri Yedek Par\u00e7alar\u0131","og_url":"https:\/\/eyli.com.tr\/yedek-parca\/","og_site_name":"Eyli \u0130\u015f Makineleri","article_publisher":"https:\/\/www.facebook.com\/eylicomtr","article_modified_time":"2021-06-17T20:03:00+00:00","twitter_card":"summary_large_image","twitter_misc":{"Est. reading time":"3 minutes"},"schema":{"@context":"https:\/\/schema.org","@graph":[{"@type":"WebPage","@id":"https:\/\/eyli.com.tr\/yedek-parca\/","url":"https:\/\/eyli.com.tr\/yedek-parca\/","name":"Volvo \u0130\u015f Makineleri Yedek Par\u00e7a, Kaya Kamyonlar\u0131,Beko Loder ve Y\u00fckleyiciler i\u00e7in Yedek Par\u00e7alar","isPartOf":{"@id":"https:\/\/eyli.com.tr\/#website"},"datePublished":"2016-04-23T08:05:21+00:00","dateModified":"2021-06-17T20:03:00+00:00","description":"Volvo \u0130\u015f Makineleri Yedek Par\u00e7a, Kaya Kamyonlar\u0131,Beko Loder ve Y\u00fckleyiciler, Greyderler i\u00e7in \u0130\u015f makineleri Yedek Par\u00e7alar\u0131","breadcrumb":{"@id":"https:\/\/eyli.com.tr\/yedek-parca\/#breadcrumb"},"inLanguage":"en-US","potentialAction":[{"@type":"ReadAction","target":["https:\/\/eyli.com.tr\/yedek-parca\/"]}]},{"@type":"BreadcrumbList","@id":"https:\/\/eyli.com.tr\/yedek-parca\/#breadcrumb","itemListElement":[{"@type":"ListItem","position":1,"name":"Ana sayfa","item":"https:\/\/eyli.com.tr\/"},{"@type":"ListItem","position":2,"name":"Yedek Par\u00e7a"}]},{"@type":"WebSite","@id":"https:\/\/eyli.com.tr\/#website","url":"https:\/\/eyli.com.tr\/","name":"Eyli \u0130\u015f Makineleri","description":"","publisher":{"@id":"https:\/\/eyli.com.tr\/#organization"},"potentialAction":[{"@type":"SearchAction","target":{"@type":"EntryPoint","urlTemplate":"https:\/\/eyli.com.tr\/?s={search_term_string}"},"query-input":{"@type":"PropertyValueSpecification","valueRequired":true,"valueName":"search_term_string"}}],"inLanguage":"en-US"},{"@type":"Organization","@id":"https:\/\/eyli.com.tr\/#organization","name":"Eyli \u0130\u015f Makineleri","url":"https:\/\/eyli.com.tr\/","logo":{"@type":"ImageObject","inLanguage":"en-US","@id":"https:\/\/eyli.com.tr\/#\/schema\/logo\/image\/","url":"https:\/\/eyli.com.tr\/wp-content\/uploads\/2020\/04\/WhatsApp-Image-2020-04-23-at-03.11.52-e1587829137284.jpeg","contentUrl":"https:\/\/eyli.com.tr\/wp-content\/uploads\/2020\/04\/WhatsApp-Image-2020-04-23-at-03.11.52-e1587829137284.jpeg","width":1600,"height":900,"caption":"Eyli \u0130\u015f Makineleri"},"image":{"@id":"https:\/\/eyli.com.tr\/#\/schema\/logo\/image\/"},"sameAs":["https:\/\/www.facebook.com\/eylicomtr"]}]}},"_links":{"self":[{"href":"https:\/\/eyli.com.tr\/en\/wp-json\/wp\/v2\/pages\/252","targetHints":{"allow":["GET"]}}],"collection":[{"href":"https:\/\/eyli.com.tr\/en\/wp-json\/wp\/v2\/pages"}],"about":[{"href":"https:\/\/eyli.com.tr\/en\/wp-json\/wp\/v2\/types\/page"}],"author":[{"embeddable":true,"href":"https:\/\/eyli.com.tr\/en\/wp-json\/wp\/v2\/users\/1"}],"replies":[{"embeddable":true,"href":"https:\/\/eyli.com.tr\/en\/wp-json\/wp\/v2\/comments?post=252"}],"version-history":[{"count":21,"href":"https:\/\/eyli.com.tr\/en\/wp-json\/wp\/v2\/pages\/252\/revisions"}],"predecessor-version":[{"id":2177,"href":"https:\/\/eyli.com.tr\/en\/wp-json\/wp\/v2\/pages\/252\/revisions\/2177"}],"wp:attachment":[{"href":"https:\/\/eyli.com.tr\/en\/wp-json\/wp\/v2\/media?parent=252"}],"curies":[{"name":"wp","href":"https:\/\/api.w.org\/{rel}","templated":true}]}}