{"id":240,"date":"2016-04-23T01:19:40","date_gmt":"2016-04-22T22:19:40","guid":{"rendered":"http:\/\/localhost:85\/sinyol\/?page_id=240"},"modified":"2021-06-17T23:07:13","modified_gmt":"2021-06-17T20:07:13","slug":"is-makinesi","status":"publish","type":"page","link":"https:\/\/eyli.com.tr\/en\/is-makinesi\/","title":{"rendered":"Constructions Machines"},"content":{"rendered":"<p><\/p>\n<table class=\"table table-bordered\">\n<tbody>\n<tr>\n<td><\/td>\n<td style=\"text-align: center; vertical-align: middle;\"><\/td>\n<\/tr>\n<tr>\n<td><a href=\"http:\/\/eyli.com.tr\/wp-content\/uploads\/2016\/04\/volvo-BL71.jpg\"><img loading=\"lazy\" decoding=\"async\" class=\"aligncenter size-full wp-image-207\" src=\"http:\/\/localhost:85\/sinyol\/wp-content\/uploads\/2016\/04\/volvo-BL71.jpg\" alt=\"volvo-BL71\" width=\"200\" height=\"200\" srcset=\"https:\/\/eyli.com.tr\/wp-content\/uploads\/2016\/04\/volvo-BL71.jpg 200w, https:\/\/eyli.com.tr\/wp-content\/uploads\/2016\/04\/volvo-BL71-150x150.jpg 150w\" sizes=\"auto, (max-width: 200px) 100vw, 200px\" \/><\/a><\/td>\n<td style=\"text-align: center; vertical-align: middle;\">\n<h2><a href=\"https:\/\/eyli.com.tr\/en\/volvo-beko-loder\/\">Backhoe Loader<\/a><\/h2>\n<\/td>\n<\/tr>\n<tr>\n<td><\/td>\n<td style=\"text-align: center; vertical-align: middle;\"><\/td>\n<\/tr>\n<tr>\n<td><\/td>\n<td style=\"text-align: center; vertical-align: middle;\"><\/td>\n<\/tr>\n<tr>\n<td><\/td>\n<td style=\"text-align: center; vertical-align: middle;\"><\/td>\n<\/tr>\n<\/tbody>\n<\/table>\n<p><\/p>","protected":false},"excerpt":{"rendered":"<p>Sorry, this entry is only available in Turkish.<\/p>\n","protected":false},"author":1,"featured_media":0,"parent":0,"menu_order":0,"comment_status":"closed","ping_status":"closed","template":"page-fullwidth.php","meta":{"footnotes":""},"class_list":["post-240","page","type-page","status-publish","hentry"],"yoast_head":"<!-- This site is optimized with the Yoast SEO plugin v26.8 - https:\/\/yoast.com\/product\/yoast-seo-wordpress\/ -->\n<title>2. El i\u015f makineleri sat\u0131\u015f\u0131, 2. el Kaya Kamyonlar\u0131, Beko loderler<\/title>\n<meta name=\"robots\" content=\"index, follow, max-snippet:-1, max-image-preview:large, max-video-preview:-1\" \/>\n<link rel=\"canonical\" href=\"https:\/\/eyli.com.tr\/is-makinesi\/\" \/>\n<meta property=\"og:locale\" content=\"en_US\" \/>\n<meta property=\"og:type\" content=\"article\" \/>\n<meta property=\"og:title\" content=\"2. El i\u015f makineleri sat\u0131\u015f\u0131, 2. el Kaya Kamyonlar\u0131, Beko loderler\" \/>\n<meta property=\"og:description\" content=\"Sorry, this entry is only available in Turkish.\" \/>\n<meta property=\"og:url\" content=\"https:\/\/eyli.com.tr\/is-makinesi\/\" \/>\n<meta property=\"og:site_name\" content=\"Eyli \u0130\u015f Makineleri\" \/>\n<meta property=\"article:publisher\" content=\"https:\/\/www.facebook.com\/eylicomtr\" \/>\n<meta property=\"article:modified_time\" content=\"2021-06-17T20:07:13+00:00\" \/>\n<meta property=\"og:image\" content=\"http:\/\/eyli.com.tr\/wp-content\/uploads\/2016\/04\/volvo-BL71.jpg\" \/>\n<meta name=\"twitter:card\" content=\"summary_large_image\" \/>\n<script type=\"application\/ld+json\" class=\"yoast-schema-graph\">{\"@context\":\"https:\/\/schema.org\",\"@graph\":[{\"@type\":\"WebPage\",\"@id\":\"https:\/\/eyli.com.tr\/is-makinesi\/\",\"url\":\"https:\/\/eyli.com.tr\/is-makinesi\/\",\"name\":\"2. El i\u015f makineleri sat\u0131\u015f\u0131, 2. el Kaya Kamyonlar\u0131, Beko loderler\",\"isPartOf\":{\"@id\":\"https:\/\/eyli.com.tr\/#website\"},\"primaryImageOfPage\":{\"@id\":\"https:\/\/eyli.com.tr\/is-makinesi\/#primaryimage\"},\"image\":{\"@id\":\"https:\/\/eyli.com.tr\/is-makinesi\/#primaryimage\"},\"thumbnailUrl\":\"http:\/\/eyli.com.tr\/wp-content\/uploads\/2016\/04\/volvo-BL71.jpg\",\"datePublished\":\"2016-04-22T22:19:40+00:00\",\"dateModified\":\"2021-06-17T20:07:13+00:00\",\"breadcrumb\":{\"@id\":\"https:\/\/eyli.com.tr\/is-makinesi\/#breadcrumb\"},\"inLanguage\":\"en-US\",\"potentialAction\":[{\"@type\":\"ReadAction\",\"target\":[\"https:\/\/eyli.com.tr\/is-makinesi\/\"]}]},{\"@type\":\"ImageObject\",\"inLanguage\":\"en-US\",\"@id\":\"https:\/\/eyli.com.tr\/is-makinesi\/#primaryimage\",\"url\":\"http:\/\/eyli.com.tr\/wp-content\/uploads\/2016\/04\/volvo-BL71.jpg\",\"contentUrl\":\"http:\/\/eyli.com.tr\/wp-content\/uploads\/2016\/04\/volvo-BL71.jpg\"},{\"@type\":\"BreadcrumbList\",\"@id\":\"https:\/\/eyli.com.tr\/is-makinesi\/#breadcrumb\",\"itemListElement\":[{\"@type\":\"ListItem\",\"position\":1,\"name\":\"Ana sayfa\",\"item\":\"https:\/\/eyli.com.tr\/\"},{\"@type\":\"ListItem\",\"position\":2,\"name\":\"\u0130\u015e MAK\u0130NES\u0130\"}]},{\"@type\":\"WebSite\",\"@id\":\"https:\/\/eyli.com.tr\/#website\",\"url\":\"https:\/\/eyli.com.tr\/\",\"name\":\"Eyli \u0130\u015f Makineleri\",\"description\":\"\",\"publisher\":{\"@id\":\"https:\/\/eyli.com.tr\/#organization\"},\"potentialAction\":[{\"@type\":\"SearchAction\",\"target\":{\"@type\":\"EntryPoint\",\"urlTemplate\":\"https:\/\/eyli.com.tr\/?s={search_term_string}\"},\"query-input\":{\"@type\":\"PropertyValueSpecification\",\"valueRequired\":true,\"valueName\":\"search_term_string\"}}],\"inLanguage\":\"en-US\"},{\"@type\":\"Organization\",\"@id\":\"https:\/\/eyli.com.tr\/#organization\",\"name\":\"Eyli \u0130\u015f Makineleri\",\"url\":\"https:\/\/eyli.com.tr\/\",\"logo\":{\"@type\":\"ImageObject\",\"inLanguage\":\"en-US\",\"@id\":\"https:\/\/eyli.com.tr\/#\/schema\/logo\/image\/\",\"url\":\"https:\/\/eyli.com.tr\/wp-content\/uploads\/2020\/04\/WhatsApp-Image-2020-04-23-at-03.11.52-e1587829137284.jpeg\",\"contentUrl\":\"https:\/\/eyli.com.tr\/wp-content\/uploads\/2020\/04\/WhatsApp-Image-2020-04-23-at-03.11.52-e1587829137284.jpeg\",\"width\":1600,\"height\":900,\"caption\":\"Eyli \u0130\u015f Makineleri\"},\"image\":{\"@id\":\"https:\/\/eyli.com.tr\/#\/schema\/logo\/image\/\"},\"sameAs\":[\"https:\/\/www.facebook.com\/eylicomtr\"]}]}<\/script>\n<!-- \/ Yoast SEO plugin. -->","yoast_head_json":{"title":"2. El i\u015f makineleri sat\u0131\u015f\u0131, 2. el Kaya Kamyonlar\u0131, Beko loderler","robots":{"index":"index","follow":"follow","max-snippet":"max-snippet:-1","max-image-preview":"max-image-preview:large","max-video-preview":"max-video-preview:-1"},"canonical":"https:\/\/eyli.com.tr\/is-makinesi\/","og_locale":"en_US","og_type":"article","og_title":"2. El i\u015f makineleri sat\u0131\u015f\u0131, 2. el Kaya Kamyonlar\u0131, Beko loderler","og_description":"Sorry, this entry is only available in Turkish.","og_url":"https:\/\/eyli.com.tr\/is-makinesi\/","og_site_name":"Eyli \u0130\u015f Makineleri","article_publisher":"https:\/\/www.facebook.com\/eylicomtr","article_modified_time":"2021-06-17T20:07:13+00:00","og_image":[{"url":"http:\/\/eyli.com.tr\/wp-content\/uploads\/2016\/04\/volvo-BL71.jpg","type":"","width":"","height":""}],"twitter_card":"summary_large_image","schema":{"@context":"https:\/\/schema.org","@graph":[{"@type":"WebPage","@id":"https:\/\/eyli.com.tr\/is-makinesi\/","url":"https:\/\/eyli.com.tr\/is-makinesi\/","name":"2. El i\u015f makineleri sat\u0131\u015f\u0131, 2. el Kaya Kamyonlar\u0131, Beko loderler","isPartOf":{"@id":"https:\/\/eyli.com.tr\/#website"},"primaryImageOfPage":{"@id":"https:\/\/eyli.com.tr\/is-makinesi\/#primaryimage"},"image":{"@id":"https:\/\/eyli.com.tr\/is-makinesi\/#primaryimage"},"thumbnailUrl":"http:\/\/eyli.com.tr\/wp-content\/uploads\/2016\/04\/volvo-BL71.jpg","datePublished":"2016-04-22T22:19:40+00:00","dateModified":"2021-06-17T20:07:13+00:00","breadcrumb":{"@id":"https:\/\/eyli.com.tr\/is-makinesi\/#breadcrumb"},"inLanguage":"en-US","potentialAction":[{"@type":"ReadAction","target":["https:\/\/eyli.com.tr\/is-makinesi\/"]}]},{"@type":"ImageObject","inLanguage":"en-US","@id":"https:\/\/eyli.com.tr\/is-makinesi\/#primaryimage","url":"http:\/\/eyli.com.tr\/wp-content\/uploads\/2016\/04\/volvo-BL71.jpg","contentUrl":"http:\/\/eyli.com.tr\/wp-content\/uploads\/2016\/04\/volvo-BL71.jpg"},{"@type":"BreadcrumbList","@id":"https:\/\/eyli.com.tr\/is-makinesi\/#breadcrumb","itemListElement":[{"@type":"ListItem","position":1,"name":"Ana sayfa","item":"https:\/\/eyli.com.tr\/"},{"@type":"ListItem","position":2,"name":"\u0130\u015e MAK\u0130NES\u0130"}]},{"@type":"WebSite","@id":"https:\/\/eyli.com.tr\/#website","url":"https:\/\/eyli.com.tr\/","name":"Eyli \u0130\u015f Makineleri","description":"","publisher":{"@id":"https:\/\/eyli.com.tr\/#organization"},"potentialAction":[{"@type":"SearchAction","target":{"@type":"EntryPoint","urlTemplate":"https:\/\/eyli.com.tr\/?s={search_term_string}"},"query-input":{"@type":"PropertyValueSpecification","valueRequired":true,"valueName":"search_term_string"}}],"inLanguage":"en-US"},{"@type":"Organization","@id":"https:\/\/eyli.com.tr\/#organization","name":"Eyli \u0130\u015f Makineleri","url":"https:\/\/eyli.com.tr\/","logo":{"@type":"ImageObject","inLanguage":"en-US","@id":"https:\/\/eyli.com.tr\/#\/schema\/logo\/image\/","url":"https:\/\/eyli.com.tr\/wp-content\/uploads\/2020\/04\/WhatsApp-Image-2020-04-23-at-03.11.52-e1587829137284.jpeg","contentUrl":"https:\/\/eyli.com.tr\/wp-content\/uploads\/2020\/04\/WhatsApp-Image-2020-04-23-at-03.11.52-e1587829137284.jpeg","width":1600,"height":900,"caption":"Eyli \u0130\u015f Makineleri"},"image":{"@id":"https:\/\/eyli.com.tr\/#\/schema\/logo\/image\/"},"sameAs":["https:\/\/www.facebook.com\/eylicomtr"]}]}},"_links":{"self":[{"href":"https:\/\/eyli.com.tr\/en\/wp-json\/wp\/v2\/pages\/240","targetHints":{"allow":["GET"]}}],"collection":[{"href":"https:\/\/eyli.com.tr\/en\/wp-json\/wp\/v2\/pages"}],"about":[{"href":"https:\/\/eyli.com.tr\/en\/wp-json\/wp\/v2\/types\/page"}],"author":[{"embeddable":true,"href":"https:\/\/eyli.com.tr\/en\/wp-json\/wp\/v2\/users\/1"}],"replies":[{"embeddable":true,"href":"https:\/\/eyli.com.tr\/en\/wp-json\/wp\/v2\/comments?post=240"}],"version-history":[{"count":37,"href":"https:\/\/eyli.com.tr\/en\/wp-json\/wp\/v2\/pages\/240\/revisions"}],"predecessor-version":[{"id":2178,"href":"https:\/\/eyli.com.tr\/en\/wp-json\/wp\/v2\/pages\/240\/revisions\/2178"}],"wp:attachment":[{"href":"https:\/\/eyli.com.tr\/en\/wp-json\/wp\/v2\/media?parent=240"}],"curies":[{"name":"wp","href":"https:\/\/api.w.org\/{rel}","templated":true}]}}