{"id":234,"date":"2016-04-23T01:09:51","date_gmt":"2016-04-22T22:09:51","guid":{"rendered":"http:\/\/localhost:85\/sinyol\/?page_id=234"},"modified":"2016-10-16T23:54:35","modified_gmt":"2016-10-16T20:54:35","slug":"volvo-ekskavator","status":"publish","type":"page","link":"https:\/\/eyli.com.tr\/en\/volvo-ekskavator\/","title":{"rendered":"Volvo Excavator"},"content":{"rendered":"<p><\/p>\n<table class=\"table table-bordered\">\n<tbody>\n<tr>\n<td rowspan=\"2\">\u00a0 <img loading=\"lazy\" decoding=\"async\" class=\"aligncenter size-large wp-image-235\" src=\"http:\/\/eyli.com.tr\/wp-content\/uploads\/2016\/04\/VOLVO_EC360BLC-1024x768.jpg\" alt=\"VOLVO_EC360BLC\" width=\"640\" height=\"480\" srcset=\"https:\/\/eyli.com.tr\/wp-content\/uploads\/2016\/04\/VOLVO_EC360BLC-1024x768.jpg 1024w, https:\/\/eyli.com.tr\/wp-content\/uploads\/2016\/04\/VOLVO_EC360BLC-300x225.jpg 300w, https:\/\/eyli.com.tr\/wp-content\/uploads\/2016\/04\/VOLVO_EC360BLC.jpg 1843w\" sizes=\"auto, (max-width: 640px) 100vw, 640px\" \/><\/td>\n<td style=\"text-align: center;\">\n<h2>Model<\/h2>\n<\/td>\n<td style=\"text-align: center;\">\n<h2>Spare Parts<\/h2>\n<\/td>\n<\/tr>\n<tr>\n<td>\n<ul>\n<li><a href=\"http:\/\/eyli.com.tr\/volvo-ekskavator-ec180b-lc\/\">EC180B<\/a><\/li>\n<li><a href=\"http:\/\/eyli.com.tr\/volvo-ekskavator-ec210b-lc\/\">EC210B<\/a><\/li>\n<li><a href=\"http:\/\/eyli.com.tr\/volvo-ekskavator-ec240b-lc\/\">EC240B<\/a><\/li>\n<li><a href=\"http:\/\/eyli.com.tr\/volvo-ekskavator-ec290b-lc\/\">EC290B<\/a><\/li>\n<li><a href=\"http:\/\/eyli.com.tr\/volvo-ekskavator-ec360b-lc\/\">EC360B<\/a><\/li>\n<li><a href=\"http:\/\/eyli.com.tr\/volvo-ekskavator-ec460b-lc\/\">EC460B<\/a><\/li>\n<\/ul>\n<\/td>\n<td>\n<ul>\n<li><a href=\"http:\/\/eyli.com.tr\/ekskavator-motor\/\">Engine<\/a><\/li>\n<li><a href=\"http:\/\/eyli.com.tr\/ekskavator-silindir-kapak\/\">Cylinder Head<\/a><\/li>\n<li><a href=\"http:\/\/eyli.com.tr\/ekskavator-piston\/\">Piston<\/a><\/li>\n<li><a href=\"http:\/\/eyli.com.tr\/ekskavator-krank\/\">Crank<\/a><\/li>\n<li><a href=\"http:\/\/eyli.com.tr\/ekskavator-karter\/\">Crank Case<\/a><\/li>\n<li><a href=\"http:\/\/eyli.com.tr\/ekskavator-takoz\/\">Cusion<\/a><\/li>\n<li><a href=\"http:\/\/eyli.com.tr\/ekskavator-yag-pompasi\/\">Oil Pump<\/a><\/li>\n<li><a href=\"http:\/\/eyli.com.tr\/ekskavator-yag-sogutucu\/\">Oil Cooler<\/a><\/li>\n<li><a href=\"http:\/\/eyli.com.tr\/ekskavator-mazot-pompasi\/\">Fuel Pump<\/a><\/li>\n<li><a href=\"http:\/\/eyli.com.tr\/ekskavator-enjektor\/\">Injector<\/a><\/li>\n<li><a href=\"http:\/\/eyli.com.tr\/ekskavator-turbo\/\">Turbo<\/a><\/li>\n<li><a href=\"http:\/\/eyli.com.tr\/ekskavator-radyator\/\">Radiator<\/a><\/li>\n<li><a href=\"http:\/\/eyli.com.tr\/ekskavator-mars-motoru\/\">Starter Engine<\/a><\/li>\n<li><a href=\"http:\/\/eyli.com.tr\/ekskavator-kariyer\/\">Carrier<\/a><\/li>\n<li><a href=\"http:\/\/eyli.com.tr\/ekskavator-gunes-dislisi\/\">Planetary Gear<\/a><\/li>\n<li><a href=\"http:\/\/eyli.com.tr\/ekskavator-sanziman\/\">Gearbox<\/a><\/li>\n<li><a href=\"http:\/\/eyli.com.tr\/ekskavator-saft\/\">Shaft<\/a><\/li>\n<li><a href=\"http:\/\/eyli.com.tr\/ekskavator-kule-donus-motoru\/\">Turret Traversing Engine<\/a><\/li>\n<li><a href=\"http:\/\/eyli.com.tr\/ekskavator-yuruyus-motoru\/\">Drive Train Engine<\/a><\/li>\n<li><a href=\"http:\/\/eyli.com.tr\/ekskavator-hidrolik-pompa\/\">Hydraulic pump<\/a><\/li>\n<li><a href=\"http:\/\/eyli.com.tr\/ekskavator-valf\/\">Valve<\/a><\/li>\n<li><a href=\"http:\/\/eyli.com.tr\/ekskavator-mazot-otomatik\/\">Diesel Fuel Hand Primer<\/a><\/li>\n<li><a href=\"http:\/\/eyli.com.tr\/ekskavator-hidrolik-silindir\/\">Hydraulic\u00a0Cylinder<\/a><\/li>\n<li><a href=\"http:\/\/eyli.com.tr\/ekskavator-arm-piston\/\">Arm piston<\/a><\/li>\n<li><a href=\"http:\/\/eyli.com.tr\/ekskavator-boom-piston\/\">Boom piston<\/a><\/li>\n<li><a href=\"http:\/\/eyli.com.tr\/ekskavator-on-cam\/\">Windshield<\/a><\/li>\n<li><a href=\"http:\/\/eyli.com.tr\/ekskavator-donus-disli\/\">Swing Gear<\/a><\/li>\n<li><a href=\"http:\/\/eyli.com.tr\/ekskavator-palet-civatalari\/\">Track Bolts<\/a><\/li>\n<\/ul>\n<\/td>\n<\/tr>\n<\/tbody>\n<\/table>\n<p><strong>EXCAVATOR<\/strong><\/p>\n<p>The excavators are heavy duty construction machines. They are used for digging the ground or carrying large objects. There are usually two tracks on the frame of the vehicle. The operator sits on the cabin and controls the excavator. There is a platform, rotating at the angles of 180 or 360 degrees around the tracks. One set of controls drives the vehicles front or back while the other set controls the arm and the rolling digger. The control of the machine is made via the hydraulic fluid, hydraulic cylinders and the hydraulic motors.<\/p>\n<p>The size of the excavators may vary depending on the work to be done. Some of them feature wheels instead of tracks.<\/p>","protected":false},"excerpt":{"rendered":"<p>\u00a0 Model Spare Parts EC180B EC210B EC240B EC290B EC360B EC460B Engine Cylinder Head Piston Crank Crank Case Cusion Oil Pump Oil Cooler Fuel Pump Injector Turbo Radiator Starter Engine Carrier Planetary Gear Gearbox Shaft Turret Traversing Engine Drive Train Engine Hydraulic pump Valve Diesel Fuel Hand Primer Hydraulic\u00a0Cylinder Arm piston Boom piston Windshield Swing Gear [&hellip;]<\/p>\n","protected":false},"author":1,"featured_media":0,"parent":0,"menu_order":0,"comment_status":"closed","ping_status":"closed","template":"page-fullwidth.php","meta":{"footnotes":""},"class_list":["post-234","page","type-page","status-publish","hentry"],"yoast_head":"<!-- This site is optimized with the Yoast SEO plugin v26.8 - https:\/\/yoast.com\/product\/yoast-seo-wordpress\/ -->\n<title>Volvo Ekskavat\u00f6r Yedek Par\u00e7alar\u0131, Ekskavat\u00f6r Yedek Par\u00e7as\u0131<\/title>\n<meta name=\"robots\" content=\"index, follow, max-snippet:-1, max-image-preview:large, max-video-preview:-1\" \/>\n<link rel=\"canonical\" href=\"https:\/\/eyli.com.tr\/volvo-ekskavator\/\" \/>\n<meta property=\"og:locale\" content=\"en_US\" \/>\n<meta property=\"og:type\" content=\"article\" \/>\n<meta property=\"og:title\" content=\"Volvo Ekskavat\u00f6r Yedek Par\u00e7alar\u0131, Ekskavat\u00f6r Yedek Par\u00e7as\u0131\" \/>\n<meta property=\"og:description\" content=\"\u00a0 Model Spare Parts EC180B EC210B EC240B EC290B EC360B EC460B Engine Cylinder Head Piston Crank Crank Case Cusion Oil Pump Oil Cooler Fuel Pump Injector Turbo Radiator Starter Engine Carrier Planetary Gear Gearbox Shaft Turret Traversing Engine Drive Train Engine Hydraulic pump Valve Diesel Fuel Hand Primer Hydraulic\u00a0Cylinder Arm piston Boom piston Windshield Swing Gear [&hellip;]\" \/>\n<meta property=\"og:url\" content=\"https:\/\/eyli.com.tr\/volvo-ekskavator\/\" \/>\n<meta property=\"og:site_name\" content=\"Eyli \u0130\u015f Makineleri\" \/>\n<meta property=\"article:publisher\" content=\"https:\/\/www.facebook.com\/eylicomtr\" \/>\n<meta property=\"article:modified_time\" content=\"2016-10-16T20:54:35+00:00\" \/>\n<meta property=\"og:image\" content=\"http:\/\/eyli.com.tr\/wp-content\/uploads\/2016\/04\/VOLVO_EC360BLC-1024x768.jpg\" \/>\n<meta name=\"twitter:card\" content=\"summary_large_image\" \/>\n<meta name=\"twitter:label1\" content=\"Est. reading time\" \/>\n\t<meta name=\"twitter:data1\" content=\"2 minutes\" \/>\n<script type=\"application\/ld+json\" class=\"yoast-schema-graph\">{\"@context\":\"https:\/\/schema.org\",\"@graph\":[{\"@type\":\"WebPage\",\"@id\":\"https:\/\/eyli.com.tr\/volvo-ekskavator\/\",\"url\":\"https:\/\/eyli.com.tr\/volvo-ekskavator\/\",\"name\":\"Volvo Ekskavat\u00f6r Yedek Par\u00e7alar\u0131, Ekskavat\u00f6r Yedek Par\u00e7as\u0131\",\"isPartOf\":{\"@id\":\"https:\/\/eyli.com.tr\/#website\"},\"primaryImageOfPage\":{\"@id\":\"https:\/\/eyli.com.tr\/volvo-ekskavator\/#primaryimage\"},\"image\":{\"@id\":\"https:\/\/eyli.com.tr\/volvo-ekskavator\/#primaryimage\"},\"thumbnailUrl\":\"http:\/\/eyli.com.tr\/wp-content\/uploads\/2016\/04\/VOLVO_EC360BLC-1024x768.jpg\",\"datePublished\":\"2016-04-22T22:09:51+00:00\",\"dateModified\":\"2016-10-16T20:54:35+00:00\",\"breadcrumb\":{\"@id\":\"https:\/\/eyli.com.tr\/volvo-ekskavator\/#breadcrumb\"},\"inLanguage\":\"en-US\",\"potentialAction\":[{\"@type\":\"ReadAction\",\"target\":[\"https:\/\/eyli.com.tr\/volvo-ekskavator\/\"]}]},{\"@type\":\"ImageObject\",\"inLanguage\":\"en-US\",\"@id\":\"https:\/\/eyli.com.tr\/volvo-ekskavator\/#primaryimage\",\"url\":\"http:\/\/eyli.com.tr\/wp-content\/uploads\/2016\/04\/VOLVO_EC360BLC-1024x768.jpg\",\"contentUrl\":\"http:\/\/eyli.com.tr\/wp-content\/uploads\/2016\/04\/VOLVO_EC360BLC-1024x768.jpg\"},{\"@type\":\"BreadcrumbList\",\"@id\":\"https:\/\/eyli.com.tr\/volvo-ekskavator\/#breadcrumb\",\"itemListElement\":[{\"@type\":\"ListItem\",\"position\":1,\"name\":\"Ana sayfa\",\"item\":\"https:\/\/eyli.com.tr\/\"},{\"@type\":\"ListItem\",\"position\":2,\"name\":\"Volvo Ekskavat\u00f6r\"}]},{\"@type\":\"WebSite\",\"@id\":\"https:\/\/eyli.com.tr\/#website\",\"url\":\"https:\/\/eyli.com.tr\/\",\"name\":\"Eyli \u0130\u015f Makineleri\",\"description\":\"\",\"publisher\":{\"@id\":\"https:\/\/eyli.com.tr\/#organization\"},\"potentialAction\":[{\"@type\":\"SearchAction\",\"target\":{\"@type\":\"EntryPoint\",\"urlTemplate\":\"https:\/\/eyli.com.tr\/?s={search_term_string}\"},\"query-input\":{\"@type\":\"PropertyValueSpecification\",\"valueRequired\":true,\"valueName\":\"search_term_string\"}}],\"inLanguage\":\"en-US\"},{\"@type\":\"Organization\",\"@id\":\"https:\/\/eyli.com.tr\/#organization\",\"name\":\"Eyli \u0130\u015f Makineleri\",\"url\":\"https:\/\/eyli.com.tr\/\",\"logo\":{\"@type\":\"ImageObject\",\"inLanguage\":\"en-US\",\"@id\":\"https:\/\/eyli.com.tr\/#\/schema\/logo\/image\/\",\"url\":\"https:\/\/eyli.com.tr\/wp-content\/uploads\/2020\/04\/WhatsApp-Image-2020-04-23-at-03.11.52-e1587829137284.jpeg\",\"contentUrl\":\"https:\/\/eyli.com.tr\/wp-content\/uploads\/2020\/04\/WhatsApp-Image-2020-04-23-at-03.11.52-e1587829137284.jpeg\",\"width\":1600,\"height\":900,\"caption\":\"Eyli \u0130\u015f Makineleri\"},\"image\":{\"@id\":\"https:\/\/eyli.com.tr\/#\/schema\/logo\/image\/\"},\"sameAs\":[\"https:\/\/www.facebook.com\/eylicomtr\"]}]}<\/script>\n<!-- \/ Yoast SEO plugin. -->","yoast_head_json":{"title":"Volvo Ekskavat\u00f6r Yedek Par\u00e7alar\u0131, Ekskavat\u00f6r Yedek Par\u00e7as\u0131","robots":{"index":"index","follow":"follow","max-snippet":"max-snippet:-1","max-image-preview":"max-image-preview:large","max-video-preview":"max-video-preview:-1"},"canonical":"https:\/\/eyli.com.tr\/volvo-ekskavator\/","og_locale":"en_US","og_type":"article","og_title":"Volvo Ekskavat\u00f6r Yedek Par\u00e7alar\u0131, Ekskavat\u00f6r Yedek Par\u00e7as\u0131","og_description":"\u00a0 Model Spare Parts EC180B EC210B EC240B EC290B EC360B EC460B Engine Cylinder Head Piston Crank Crank Case Cusion Oil Pump Oil Cooler Fuel Pump Injector Turbo Radiator Starter Engine Carrier Planetary Gear Gearbox Shaft Turret Traversing Engine Drive Train Engine Hydraulic pump Valve Diesel Fuel Hand Primer Hydraulic\u00a0Cylinder Arm piston Boom piston Windshield Swing Gear [&hellip;]","og_url":"https:\/\/eyli.com.tr\/volvo-ekskavator\/","og_site_name":"Eyli \u0130\u015f Makineleri","article_publisher":"https:\/\/www.facebook.com\/eylicomtr","article_modified_time":"2016-10-16T20:54:35+00:00","og_image":[{"url":"http:\/\/eyli.com.tr\/wp-content\/uploads\/2016\/04\/VOLVO_EC360BLC-1024x768.jpg","type":"","width":"","height":""}],"twitter_card":"summary_large_image","twitter_misc":{"Est. reading time":"2 minutes"},"schema":{"@context":"https:\/\/schema.org","@graph":[{"@type":"WebPage","@id":"https:\/\/eyli.com.tr\/volvo-ekskavator\/","url":"https:\/\/eyli.com.tr\/volvo-ekskavator\/","name":"Volvo Ekskavat\u00f6r Yedek Par\u00e7alar\u0131, Ekskavat\u00f6r Yedek Par\u00e7as\u0131","isPartOf":{"@id":"https:\/\/eyli.com.tr\/#website"},"primaryImageOfPage":{"@id":"https:\/\/eyli.com.tr\/volvo-ekskavator\/#primaryimage"},"image":{"@id":"https:\/\/eyli.com.tr\/volvo-ekskavator\/#primaryimage"},"thumbnailUrl":"http:\/\/eyli.com.tr\/wp-content\/uploads\/2016\/04\/VOLVO_EC360BLC-1024x768.jpg","datePublished":"2016-04-22T22:09:51+00:00","dateModified":"2016-10-16T20:54:35+00:00","breadcrumb":{"@id":"https:\/\/eyli.com.tr\/volvo-ekskavator\/#breadcrumb"},"inLanguage":"en-US","potentialAction":[{"@type":"ReadAction","target":["https:\/\/eyli.com.tr\/volvo-ekskavator\/"]}]},{"@type":"ImageObject","inLanguage":"en-US","@id":"https:\/\/eyli.com.tr\/volvo-ekskavator\/#primaryimage","url":"http:\/\/eyli.com.tr\/wp-content\/uploads\/2016\/04\/VOLVO_EC360BLC-1024x768.jpg","contentUrl":"http:\/\/eyli.com.tr\/wp-content\/uploads\/2016\/04\/VOLVO_EC360BLC-1024x768.jpg"},{"@type":"BreadcrumbList","@id":"https:\/\/eyli.com.tr\/volvo-ekskavator\/#breadcrumb","itemListElement":[{"@type":"ListItem","position":1,"name":"Ana sayfa","item":"https:\/\/eyli.com.tr\/"},{"@type":"ListItem","position":2,"name":"Volvo Ekskavat\u00f6r"}]},{"@type":"WebSite","@id":"https:\/\/eyli.com.tr\/#website","url":"https:\/\/eyli.com.tr\/","name":"Eyli \u0130\u015f Makineleri","description":"","publisher":{"@id":"https:\/\/eyli.com.tr\/#organization"},"potentialAction":[{"@type":"SearchAction","target":{"@type":"EntryPoint","urlTemplate":"https:\/\/eyli.com.tr\/?s={search_term_string}"},"query-input":{"@type":"PropertyValueSpecification","valueRequired":true,"valueName":"search_term_string"}}],"inLanguage":"en-US"},{"@type":"Organization","@id":"https:\/\/eyli.com.tr\/#organization","name":"Eyli \u0130\u015f Makineleri","url":"https:\/\/eyli.com.tr\/","logo":{"@type":"ImageObject","inLanguage":"en-US","@id":"https:\/\/eyli.com.tr\/#\/schema\/logo\/image\/","url":"https:\/\/eyli.com.tr\/wp-content\/uploads\/2020\/04\/WhatsApp-Image-2020-04-23-at-03.11.52-e1587829137284.jpeg","contentUrl":"https:\/\/eyli.com.tr\/wp-content\/uploads\/2020\/04\/WhatsApp-Image-2020-04-23-at-03.11.52-e1587829137284.jpeg","width":1600,"height":900,"caption":"Eyli \u0130\u015f Makineleri"},"image":{"@id":"https:\/\/eyli.com.tr\/#\/schema\/logo\/image\/"},"sameAs":["https:\/\/www.facebook.com\/eylicomtr"]}]}},"_links":{"self":[{"href":"https:\/\/eyli.com.tr\/en\/wp-json\/wp\/v2\/pages\/234","targetHints":{"allow":["GET"]}}],"collection":[{"href":"https:\/\/eyli.com.tr\/en\/wp-json\/wp\/v2\/pages"}],"about":[{"href":"https:\/\/eyli.com.tr\/en\/wp-json\/wp\/v2\/types\/page"}],"author":[{"embeddable":true,"href":"https:\/\/eyli.com.tr\/en\/wp-json\/wp\/v2\/users\/1"}],"replies":[{"embeddable":true,"href":"https:\/\/eyli.com.tr\/en\/wp-json\/wp\/v2\/comments?post=234"}],"version-history":[{"count":15,"href":"https:\/\/eyli.com.tr\/en\/wp-json\/wp\/v2\/pages\/234\/revisions"}],"predecessor-version":[{"id":1729,"href":"https:\/\/eyli.com.tr\/en\/wp-json\/wp\/v2\/pages\/234\/revisions\/1729"}],"wp:attachment":[{"href":"https:\/\/eyli.com.tr\/en\/wp-json\/wp\/v2\/media?parent=234"}],"curies":[{"name":"wp","href":"https:\/\/api.w.org\/{rel}","templated":true}]}}