{"id":228,"date":"2016-04-23T01:03:59","date_gmt":"2016-04-22T22:03:59","guid":{"rendered":"http:\/\/localhost:85\/sinyol\/?page_id=228"},"modified":"2016-10-11T17:27:08","modified_gmt":"2016-10-11T14:27:08","slug":"volvo-tekerlekli-yukleyici","status":"publish","type":"page","link":"https:\/\/eyli.com.tr\/en\/volvo-tekerlekli-yukleyici\/","title":{"rendered":"Volvo Wheeled Loader"},"content":{"rendered":"<p><\/p>\n<table class=\"table table-bordered\">\n<tbody>\n<tr>\n<td rowspan=\"2\">\u00a0 <img loading=\"lazy\" decoding=\"async\" class=\"aligncenter size-large wp-image-229\" src=\"http:\/\/eyli.com.tr\/wp-content\/uploads\/2016\/04\/Volvo-L350F-1024x768.jpg\" alt=\"Volvo-L350F\" width=\"640\" height=\"480\" srcset=\"https:\/\/eyli.com.tr\/wp-content\/uploads\/2016\/04\/Volvo-L350F-1024x768.jpg 1024w, https:\/\/eyli.com.tr\/wp-content\/uploads\/2016\/04\/Volvo-L350F-300x225.jpg 300w, https:\/\/eyli.com.tr\/wp-content\/uploads\/2016\/04\/Volvo-L350F.jpg 1600w\" sizes=\"auto, (max-width: 640px) 100vw, 640px\" \/><\/td>\n<td style=\"text-align: center;\">\n<h2>Model<\/h2>\n<\/td>\n<td style=\"text-align: center;\">\n<h2>Spare Parts<\/h2>\n<\/td>\n<\/tr>\n<tr>\n<td>\n<ul>\n<li><a href=\"http:\/\/eyli.com.tr\/volvo-tekerlekli-yukleyici-l120e-l120f-l120g\/\">L120E<\/a><\/li>\n<li><a href=\"http:\/\/eyli.com.tr\/volvo-tekerlekli-yukleyici-l120e-l120f-l120g\/\">L120F<\/a><\/li>\n<li><a href=\"http:\/\/eyli.com.tr\/volvo-tekerlekli-yukleyici-l120e-l120f-l120g\/\">L120G<\/a><\/li>\n<li><a href=\"http:\/\/eyli.com.tr\/volvo-tekerlekli-yukleyici-l150e-l150f-l150g\/\">L150E<\/a><\/li>\n<li><a href=\"http:\/\/eyli.com.tr\/volvo-tekerlekli-yukleyici-l150e-l150f-l150g\/\">L150F<\/a><\/li>\n<li><a href=\"http:\/\/eyli.com.tr\/volvo-tekerlekli-yukleyici-l150e-l150f-l150g\/\">L150G<\/a><\/li>\n<li><a href=\"http:\/\/eyli.com.tr\/volvo-tekerlekli-yukleyici-l180e-l180f-l180g\/\">L180E<\/a><\/li>\n<li><a href=\"http:\/\/eyli.com.tr\/volvo-tekerlekli-yukleyici-l180e-l180f-l180g\/\">L180F<\/a><\/li>\n<li><a href=\"http:\/\/eyli.com.tr\/volvo-tekerlekli-yukleyici-l180e-l180f-l180g\/\">L180G<\/a><\/li>\n<li><a href=\"http:\/\/eyli.com.tr\/volvo-tekerlekli-yukleyici-l220e-l220f-l220g\/\">L220E<\/a><\/li>\n<li><a href=\"http:\/\/eyli.com.tr\/volvo-tekerlekli-yukleyici-l220e-l220f-l220g\/\">L220F<\/a><\/li>\n<li><a href=\"http:\/\/eyli.com.tr\/volvo-tekerlekli-yukleyici-l220e-l220f-l220g\/\">L220G<\/a><\/li>\n<li><a href=\"http:\/\/eyli.com.tr\/tekerlekli-yukleyici-l250g\/\">L250G<\/a><\/li>\n<li><a href=\"http:\/\/eyli.com.tr\/volvo-tekerlekli-yukleyici-l330c\/\">L330C<\/a><\/li>\n<li><a href=\"http:\/\/eyli.com.tr\/volvo-tekerlekli-yukleyici-l350f\/\">L350F<\/a><\/li>\n<\/ul>\n<\/td>\n<td>\n<ul>\n<li><a href=\"http:\/\/eyli.com.tr\/tekerlekli-yukleyici-motor\/\">Engine<\/a><\/li>\n<li><a href=\"http:\/\/eyli.com.tr\/tekerlekli-yukleyici-motor-tamir-kit\/\">Engine Repair Kit<\/a><\/li>\n<li><a href=\"http:\/\/eyli.com.tr\/tekerlekli-yukleyici-silindir-kapak-contasi\/\">Cylinder Head Gasket<\/a><\/li>\n<li><a href=\"http:\/\/eyli.com.tr\/tekerlekli-yukleyici-emme-subap\/\">Intake Valve<\/a><\/li>\n<li><a href=\"http:\/\/eyli.com.tr\/tekerlekli-yukleyici-eksoz-subap\/\">Exhaust Valve<\/a><\/li>\n<li><a href=\"http:\/\/eyli.com.tr\/tekerlekli-yukleyici-piston-set\/\">Piston set<\/a><\/li>\n<li><a href=\"http:\/\/eyli.com.tr\/tekerlekli-yukleyici-yag-sogutucu\/\">Oil Cooler<\/a><\/li>\n<li><a href=\"http:\/\/eyli.com.tr\/tekerlekli-yukleyici-enjektor\/\">Injector<\/a><\/li>\n<li><a href=\"http:\/\/eyli.com.tr\/tekerlekli-yukleyici-turbo\/\">Turbo<\/a><\/li>\n<li><a href=\"http:\/\/eyli.com.tr\/tekerlekli-yukleyici-su-pompasi-su-tanki\/\">Water Pump (Water Tank)<\/a><\/li>\n<li><a href=\"http:\/\/eyli.com.tr\/tekerlekli-yukleyici-su-pompasi-devir-daim\/\">Water Pump (Cycle Engine)<\/a><\/li>\n<li><a href=\"http:\/\/eyli.com.tr\/tekerlekli-yukleyici-fan\/\">Fan<\/a><\/li>\n<li><a href=\"http:\/\/eyli.com.tr\/tekerlekli-yukleyici-tork\/\">Torque<\/a><\/li>\n<li><a href=\"http:\/\/eyli.com.tr\/tekerlekli-yukleyici-sanziman\/\">Transmission<\/a><\/li>\n<li><a href=\"http:\/\/eyli.com.tr\/tekerlekli-yukleyici-saft\/\">Shaft<\/a><\/li>\n<li><a href=\"http:\/\/eyli.com.tr\/tekerlekli-yukleyici-ayna-mahruti\/\">Final Drive<\/a><\/li>\n<li><a href=\"http:\/\/eyli.com.tr\/tekerlekli-yukleyici-hidrolik-yag-sogutucu\/\">Hydraulic Oil Cooler<\/a><\/li>\n<li><a href=\"http:\/\/eyli.com.tr\/tekerlekli-yukleyici-on-fren-balata\/\">Frontal Brake Pads<\/a><\/li>\n<li><a href=\"http:\/\/eyli.com.tr\/tekerlekli-yukleyici-arka-fren-balata\/\">Rear Brake Pads<\/a><\/li>\n<li><a href=\"http:\/\/eyli.com.tr\/tekerlekli-yukleyici-fren-tupleri\/\">Brake Tubes<\/a><\/li>\n<li><a href=\"http:\/\/eyli.com.tr\/tekerlekli-yukleyici-valf\/\">Valve<\/a><\/li>\n<li><a href=\"http:\/\/eyli.com.tr\/tekerlekli-yukleyici-direksiyon-pompasi\/\">Steering Wheel Pump<\/a><\/li>\n<li><a href=\"http:\/\/eyli.com.tr\/tekerlekli-yukleyici-kabin-takozlari\/\">Cab Tilt Stop<\/a><\/li>\n<li><a href=\"http:\/\/eyli.com.tr\/tekerlekli-yukleyici-amortisor\/\">Shock Absorber<\/a><\/li>\n<li><a href=\"http:\/\/eyli.com.tr\/tekerlekli-yukleyici-hidrolik-pompa\/\">Hydraulic Pump<\/a><\/li>\n<li><a href=\"http:\/\/eyli.com.tr\/tekerlekli-yukleyici-cekirge\/\">Hopper<\/a><\/li>\n<li><a href=\"http:\/\/eyli.com.tr\/tekerlekli-yukleyici-hidrolik-silindir\/\">Hydraulic Cylinder<\/a><\/li>\n<\/ul>\n<\/td>\n<\/tr>\n<\/tbody>\n<\/table>\n<p><strong>The Wheeled Loader<\/strong><\/p>\n<p>The wheeled loader (or a trowel) is used to load the materials to a dumper hauler, conveyor belt or feed hopper. The possible materials include asphalt, junk material, earth, pebble, logs, raw materials, converted materials, rock, sand, sawdust etc. There are many types and brands of wheeled loaders. The most popular brands are Volvo, Caterpiller and Komatsu. The most used type is front loader.<\/p>\n<p>&nbsp;<\/p>","protected":false},"excerpt":{"rendered":"<p>\u00a0 Model Spare Parts L120E L120F L120G L150E L150F L150G L180E L180F L180G L220E L220F L220G L250G L330C L350F Engine Engine Repair Kit Cylinder Head Gasket Intake Valve Exhaust Valve Piston set Oil Cooler Injector Turbo Water Pump (Water Tank) Water Pump (Cycle Engine) Fan Torque Transmission Shaft Final Drive Hydraulic Oil Cooler Frontal Brake [&hellip;]<\/p>\n","protected":false},"author":1,"featured_media":0,"parent":0,"menu_order":0,"comment_status":"closed","ping_status":"closed","template":"page-fullwidth.php","meta":{"footnotes":""},"class_list":["post-228","page","type-page","status-publish","hentry"],"yoast_head":"<!-- This site is optimized with the Yoast SEO plugin v26.8 - https:\/\/yoast.com\/product\/yoast-seo-wordpress\/ -->\n<title>Volvo Tekerlekli Y\u00fckleyici Yedek Par\u00e7alar\u0131<\/title>\n<meta name=\"robots\" content=\"index, follow, max-snippet:-1, max-image-preview:large, max-video-preview:-1\" \/>\n<link rel=\"canonical\" href=\"https:\/\/eyli.com.tr\/volvo-tekerlekli-yukleyici\/\" \/>\n<meta property=\"og:locale\" content=\"en_US\" \/>\n<meta property=\"og:type\" content=\"article\" \/>\n<meta property=\"og:title\" content=\"Volvo Tekerlekli Y\u00fckleyici Yedek Par\u00e7alar\u0131\" \/>\n<meta property=\"og:description\" content=\"\u00a0 Model Spare Parts L120E L120F L120G L150E L150F L150G L180E L180F L180G L220E L220F L220G L250G L330C L350F Engine Engine Repair Kit Cylinder Head Gasket Intake Valve Exhaust Valve Piston set Oil Cooler Injector Turbo Water Pump (Water Tank) Water Pump (Cycle Engine) Fan Torque Transmission Shaft Final Drive Hydraulic Oil Cooler Frontal Brake [&hellip;]\" \/>\n<meta property=\"og:url\" content=\"https:\/\/eyli.com.tr\/volvo-tekerlekli-yukleyici\/\" \/>\n<meta property=\"og:site_name\" content=\"Eyli \u0130\u015f Makineleri\" \/>\n<meta property=\"article:publisher\" content=\"https:\/\/www.facebook.com\/eylicomtr\" \/>\n<meta property=\"article:modified_time\" content=\"2016-10-11T14:27:08+00:00\" \/>\n<meta property=\"og:image\" content=\"http:\/\/eyli.com.tr\/wp-content\/uploads\/2016\/04\/Volvo-L350F-1024x768.jpg\" \/>\n<meta name=\"twitter:card\" content=\"summary_large_image\" \/>\n<meta name=\"twitter:label1\" content=\"Est. reading time\" \/>\n\t<meta name=\"twitter:data1\" content=\"2 minutes\" \/>\n<script type=\"application\/ld+json\" class=\"yoast-schema-graph\">{\"@context\":\"https:\/\/schema.org\",\"@graph\":[{\"@type\":\"WebPage\",\"@id\":\"https:\/\/eyli.com.tr\/volvo-tekerlekli-yukleyici\/\",\"url\":\"https:\/\/eyli.com.tr\/volvo-tekerlekli-yukleyici\/\",\"name\":\"Volvo Tekerlekli Y\u00fckleyici Yedek Par\u00e7alar\u0131\",\"isPartOf\":{\"@id\":\"https:\/\/eyli.com.tr\/#website\"},\"primaryImageOfPage\":{\"@id\":\"https:\/\/eyli.com.tr\/volvo-tekerlekli-yukleyici\/#primaryimage\"},\"image\":{\"@id\":\"https:\/\/eyli.com.tr\/volvo-tekerlekli-yukleyici\/#primaryimage\"},\"thumbnailUrl\":\"http:\/\/eyli.com.tr\/wp-content\/uploads\/2016\/04\/Volvo-L350F-1024x768.jpg\",\"datePublished\":\"2016-04-22T22:03:59+00:00\",\"dateModified\":\"2016-10-11T14:27:08+00:00\",\"breadcrumb\":{\"@id\":\"https:\/\/eyli.com.tr\/volvo-tekerlekli-yukleyici\/#breadcrumb\"},\"inLanguage\":\"en-US\",\"potentialAction\":[{\"@type\":\"ReadAction\",\"target\":[\"https:\/\/eyli.com.tr\/volvo-tekerlekli-yukleyici\/\"]}]},{\"@type\":\"ImageObject\",\"inLanguage\":\"en-US\",\"@id\":\"https:\/\/eyli.com.tr\/volvo-tekerlekli-yukleyici\/#primaryimage\",\"url\":\"http:\/\/eyli.com.tr\/wp-content\/uploads\/2016\/04\/Volvo-L350F-1024x768.jpg\",\"contentUrl\":\"http:\/\/eyli.com.tr\/wp-content\/uploads\/2016\/04\/Volvo-L350F-1024x768.jpg\"},{\"@type\":\"BreadcrumbList\",\"@id\":\"https:\/\/eyli.com.tr\/volvo-tekerlekli-yukleyici\/#breadcrumb\",\"itemListElement\":[{\"@type\":\"ListItem\",\"position\":1,\"name\":\"Ana sayfa\",\"item\":\"https:\/\/eyli.com.tr\/\"},{\"@type\":\"ListItem\",\"position\":2,\"name\":\"Volvo Tekerlekli Y\u00fckleyici\"}]},{\"@type\":\"WebSite\",\"@id\":\"https:\/\/eyli.com.tr\/#website\",\"url\":\"https:\/\/eyli.com.tr\/\",\"name\":\"Eyli \u0130\u015f Makineleri\",\"description\":\"\",\"publisher\":{\"@id\":\"https:\/\/eyli.com.tr\/#organization\"},\"potentialAction\":[{\"@type\":\"SearchAction\",\"target\":{\"@type\":\"EntryPoint\",\"urlTemplate\":\"https:\/\/eyli.com.tr\/?s={search_term_string}\"},\"query-input\":{\"@type\":\"PropertyValueSpecification\",\"valueRequired\":true,\"valueName\":\"search_term_string\"}}],\"inLanguage\":\"en-US\"},{\"@type\":\"Organization\",\"@id\":\"https:\/\/eyli.com.tr\/#organization\",\"name\":\"Eyli \u0130\u015f Makineleri\",\"url\":\"https:\/\/eyli.com.tr\/\",\"logo\":{\"@type\":\"ImageObject\",\"inLanguage\":\"en-US\",\"@id\":\"https:\/\/eyli.com.tr\/#\/schema\/logo\/image\/\",\"url\":\"https:\/\/eyli.com.tr\/wp-content\/uploads\/2020\/04\/WhatsApp-Image-2020-04-23-at-03.11.52-e1587829137284.jpeg\",\"contentUrl\":\"https:\/\/eyli.com.tr\/wp-content\/uploads\/2020\/04\/WhatsApp-Image-2020-04-23-at-03.11.52-e1587829137284.jpeg\",\"width\":1600,\"height\":900,\"caption\":\"Eyli \u0130\u015f Makineleri\"},\"image\":{\"@id\":\"https:\/\/eyli.com.tr\/#\/schema\/logo\/image\/\"},\"sameAs\":[\"https:\/\/www.facebook.com\/eylicomtr\"]}]}<\/script>\n<!-- \/ Yoast SEO plugin. -->","yoast_head_json":{"title":"Volvo Tekerlekli Y\u00fckleyici Yedek Par\u00e7alar\u0131","robots":{"index":"index","follow":"follow","max-snippet":"max-snippet:-1","max-image-preview":"max-image-preview:large","max-video-preview":"max-video-preview:-1"},"canonical":"https:\/\/eyli.com.tr\/volvo-tekerlekli-yukleyici\/","og_locale":"en_US","og_type":"article","og_title":"Volvo Tekerlekli Y\u00fckleyici Yedek Par\u00e7alar\u0131","og_description":"\u00a0 Model Spare Parts L120E L120F L120G L150E L150F L150G L180E L180F L180G L220E L220F L220G L250G L330C L350F Engine Engine Repair Kit Cylinder Head Gasket Intake Valve Exhaust Valve Piston set Oil Cooler Injector Turbo Water Pump (Water Tank) Water Pump (Cycle Engine) Fan Torque Transmission Shaft Final Drive Hydraulic Oil Cooler Frontal Brake [&hellip;]","og_url":"https:\/\/eyli.com.tr\/volvo-tekerlekli-yukleyici\/","og_site_name":"Eyli \u0130\u015f Makineleri","article_publisher":"https:\/\/www.facebook.com\/eylicomtr","article_modified_time":"2016-10-11T14:27:08+00:00","og_image":[{"url":"http:\/\/eyli.com.tr\/wp-content\/uploads\/2016\/04\/Volvo-L350F-1024x768.jpg","type":"","width":"","height":""}],"twitter_card":"summary_large_image","twitter_misc":{"Est. reading time":"2 minutes"},"schema":{"@context":"https:\/\/schema.org","@graph":[{"@type":"WebPage","@id":"https:\/\/eyli.com.tr\/volvo-tekerlekli-yukleyici\/","url":"https:\/\/eyli.com.tr\/volvo-tekerlekli-yukleyici\/","name":"Volvo Tekerlekli Y\u00fckleyici Yedek Par\u00e7alar\u0131","isPartOf":{"@id":"https:\/\/eyli.com.tr\/#website"},"primaryImageOfPage":{"@id":"https:\/\/eyli.com.tr\/volvo-tekerlekli-yukleyici\/#primaryimage"},"image":{"@id":"https:\/\/eyli.com.tr\/volvo-tekerlekli-yukleyici\/#primaryimage"},"thumbnailUrl":"http:\/\/eyli.com.tr\/wp-content\/uploads\/2016\/04\/Volvo-L350F-1024x768.jpg","datePublished":"2016-04-22T22:03:59+00:00","dateModified":"2016-10-11T14:27:08+00:00","breadcrumb":{"@id":"https:\/\/eyli.com.tr\/volvo-tekerlekli-yukleyici\/#breadcrumb"},"inLanguage":"en-US","potentialAction":[{"@type":"ReadAction","target":["https:\/\/eyli.com.tr\/volvo-tekerlekli-yukleyici\/"]}]},{"@type":"ImageObject","inLanguage":"en-US","@id":"https:\/\/eyli.com.tr\/volvo-tekerlekli-yukleyici\/#primaryimage","url":"http:\/\/eyli.com.tr\/wp-content\/uploads\/2016\/04\/Volvo-L350F-1024x768.jpg","contentUrl":"http:\/\/eyli.com.tr\/wp-content\/uploads\/2016\/04\/Volvo-L350F-1024x768.jpg"},{"@type":"BreadcrumbList","@id":"https:\/\/eyli.com.tr\/volvo-tekerlekli-yukleyici\/#breadcrumb","itemListElement":[{"@type":"ListItem","position":1,"name":"Ana sayfa","item":"https:\/\/eyli.com.tr\/"},{"@type":"ListItem","position":2,"name":"Volvo Tekerlekli Y\u00fckleyici"}]},{"@type":"WebSite","@id":"https:\/\/eyli.com.tr\/#website","url":"https:\/\/eyli.com.tr\/","name":"Eyli \u0130\u015f Makineleri","description":"","publisher":{"@id":"https:\/\/eyli.com.tr\/#organization"},"potentialAction":[{"@type":"SearchAction","target":{"@type":"EntryPoint","urlTemplate":"https:\/\/eyli.com.tr\/?s={search_term_string}"},"query-input":{"@type":"PropertyValueSpecification","valueRequired":true,"valueName":"search_term_string"}}],"inLanguage":"en-US"},{"@type":"Organization","@id":"https:\/\/eyli.com.tr\/#organization","name":"Eyli \u0130\u015f Makineleri","url":"https:\/\/eyli.com.tr\/","logo":{"@type":"ImageObject","inLanguage":"en-US","@id":"https:\/\/eyli.com.tr\/#\/schema\/logo\/image\/","url":"https:\/\/eyli.com.tr\/wp-content\/uploads\/2020\/04\/WhatsApp-Image-2020-04-23-at-03.11.52-e1587829137284.jpeg","contentUrl":"https:\/\/eyli.com.tr\/wp-content\/uploads\/2020\/04\/WhatsApp-Image-2020-04-23-at-03.11.52-e1587829137284.jpeg","width":1600,"height":900,"caption":"Eyli \u0130\u015f Makineleri"},"image":{"@id":"https:\/\/eyli.com.tr\/#\/schema\/logo\/image\/"},"sameAs":["https:\/\/www.facebook.com\/eylicomtr"]}]}},"_links":{"self":[{"href":"https:\/\/eyli.com.tr\/en\/wp-json\/wp\/v2\/pages\/228","targetHints":{"allow":["GET"]}}],"collection":[{"href":"https:\/\/eyli.com.tr\/en\/wp-json\/wp\/v2\/pages"}],"about":[{"href":"https:\/\/eyli.com.tr\/en\/wp-json\/wp\/v2\/types\/page"}],"author":[{"embeddable":true,"href":"https:\/\/eyli.com.tr\/en\/wp-json\/wp\/v2\/users\/1"}],"replies":[{"embeddable":true,"href":"https:\/\/eyli.com.tr\/en\/wp-json\/wp\/v2\/comments?post=228"}],"version-history":[{"count":14,"href":"https:\/\/eyli.com.tr\/en\/wp-json\/wp\/v2\/pages\/228\/revisions"}],"predecessor-version":[{"id":1693,"href":"https:\/\/eyli.com.tr\/en\/wp-json\/wp\/v2\/pages\/228\/revisions\/1693"}],"wp:attachment":[{"href":"https:\/\/eyli.com.tr\/en\/wp-json\/wp\/v2\/media?parent=228"}],"curies":[{"name":"wp","href":"https:\/\/api.w.org\/{rel}","templated":true}]}}