{"id":225,"date":"2016-04-23T01:00:22","date_gmt":"2016-04-22T22:00:22","guid":{"rendered":"http:\/\/localhost:85\/sinyol\/?page_id=225"},"modified":"2016-10-11T15:53:30","modified_gmt":"2016-10-11T12:53:30","slug":"volvo-kaya-kamyonu","status":"publish","type":"page","link":"https:\/\/eyli.com.tr\/en\/volvo-kaya-kamyonu\/","title":{"rendered":"Volvo Haulers"},"content":{"rendered":"<p><\/p>\n<table class=\"table table-bordered\">\n<tbody>\n<tr>\n<td rowspan=\"2\">\u00a0 <img loading=\"lazy\" decoding=\"async\" class=\"aligncenter size-full wp-image-226\" src=\"http:\/\/eyli.com.tr\/wp-content\/uploads\/2016\/04\/Volvo_A40D.jpg\" alt=\"Volvo_A40D\" width=\"350\" height=\"182\" srcset=\"https:\/\/eyli.com.tr\/wp-content\/uploads\/2016\/04\/Volvo_A40D.jpg 350w, https:\/\/eyli.com.tr\/wp-content\/uploads\/2016\/04\/Volvo_A40D-300x156.jpg 300w\" sizes=\"auto, (max-width: 350px) 100vw, 350px\" \/><\/td>\n<td style=\"text-align: center;\">\n<h2>Model<\/h2>\n<\/td>\n<td style=\"text-align: center;\">\n<h2>Spare Parts<\/h2>\n<\/td>\n<\/tr>\n<tr>\n<td>\n<ul>\n<li><a href=\"http:\/\/eyli.com.tr\/volvo-kaya-kamyonu-a25d-a25e\/\">A25D<\/a><\/li>\n<li><a href=\"http:\/\/eyli.com.tr\/volvo-kaya-kamyonu-a25d-a25e\/\">A25E<\/a><\/li>\n<li><a href=\"http:\/\/eyli.com.tr\/volvo-kaya-kamyonu-a30d-a30e\/\">A30D<\/a><\/li>\n<li><a href=\"http:\/\/eyli.com.tr\/volvo-kaya-kamyonu-a30d-a30e\/\">A30E<\/a><\/li>\n<li><a href=\"http:\/\/eyli.com.tr\/volvo-kaya-kamyonu-a35d-a35e-a35f\/\">A35D<\/a><\/li>\n<li><a href=\"http:\/\/eyli.com.tr\/volvo-kaya-kamyonu-a35d-a35e-a35f\/\">A35E<\/a><\/li>\n<li><a href=\"http:\/\/eyli.com.tr\/volvo-kaya-kamyonu-a35d-a35e-a35f\/\">A35F<\/a><\/li>\n<li><a href=\"http:\/\/eyli.com.tr\/volvo-kaya-kamyonu-a40d-a40e-a40f-a40g\/\">A40D<\/a><\/li>\n<li><a href=\"http:\/\/eyli.com.tr\/volvo-kaya-kamyonu-a40d-a40e-a40f-a40g\/\">A40E<\/a><\/li>\n<li><a href=\"http:\/\/eyli.com.tr\/volvo-kaya-kamyonu-a40d-a40e-a40f-a40g\/\">A40F<\/a><\/li>\n<li><a href=\"http:\/\/eyli.com.tr\/volvo-kaya-kamyonu-a40d-a40e-a40f-a40g\/\">A40G<\/a><\/li>\n<\/ul>\n<\/td>\n<td>\n<ul>\n<li><a href=\"http:\/\/eyli.com.tr\/kaya-kamyonu-motor\/\">Engine<\/a><\/li>\n<li><a href=\"http:\/\/eyli.com.tr\/kaya-kamyonu-motor-tamir-kit\/\">Engine Repair Kits<\/a><\/li>\n<li><a href=\"http:\/\/eyli.com.tr\/kaya-kamyonu-piston\/\">Piston<\/a><\/li>\n<li><a href=\"http:\/\/eyli.com.tr\/kaya-kamyonu-enjektor\/\">Injector<\/a><\/li>\n<li><a href=\"http:\/\/eyli.com.tr\/kaya-kamyonu-turbo\/\">Turbo<\/a><\/li>\n<li><a href=\"http:\/\/eyli.com.tr\/kaya-kamyonu-su-pompasi\/\">Water Pump<\/a><\/li>\n<li><a href=\"http:\/\/eyli.com.tr\/kaya-kamyonu-sanziman\/\">Transmission<\/a><\/li>\n<li><a href=\"http:\/\/eyli.com.tr\/kaya-kamyonu-saft\/\">Shaft<\/a><\/li>\n<li><a href=\"http:\/\/eyli.com.tr\/kaya-kamyonu-on-aks\/\">Frontal Axle<\/a><\/li>\n<li><a href=\"http:\/\/eyli.com.tr\/kaya-kamyonu-arka-aks\/\">Rear Axle<\/a><\/li>\n<li><a href=\"http:\/\/eyli.com.tr\/kaya-kamyonu-ayna-maruti\/\">Final Drive<\/a><\/li>\n<li><a href=\"http:\/\/eyli.com.tr\/kaya-kamyonu-silindir\/\">Cylinder<\/a><\/li>\n<li><a href=\"http:\/\/eyli.com.tr\/kaya-kamyonu-tork\/\">Torque<\/a><\/li>\n<li><a href=\"http:\/\/eyli.com.tr\/kaya-kamyonu-yag-sogutucu\/\">Oil Cooler<\/a><\/li>\n<\/ul>\n<\/td>\n<\/tr>\n<\/tbody>\n<\/table>\n<p>&nbsp;<\/p>\n<p><strong>ARTICULATED HAULERS (DUMPER HAULERS)<\/strong><\/p>\n<p>The Articulated Haulers are the heavy duty versions of the dumper trucks that are used for hauling large loads on rugged terrain. Such vehicles are generally four wheel drive and mostly comprised of two sections; the frontal section called the tractor and the rear section that includes the dumper frame, called hauler or trailer. The steering is performed by turning the frontal section in relation to the rears section via hydraulic rams. In this way, all wheels follow the same path on the road and the result is a perfect all terrain vehicle.<\/p>\n<p>The primal manufacturers include Caterpillar, Terex, John Deere Equipment, Doosan, Volvo CE, and Komatsu Limited. Volvo, who commences half of the global sales, is the market leader in Hauler segment and is also known to be the pioneer in this regard after launching this product first in 1966.<\/p>\n<p>Although being conceived as a dirt and damper hauler at first, the chassis frame of this vehicle has been used in various other applications since then. From the heavy duty concrete breaker, water tank and container truck to large scale all terrain tow truck, hooked loader or crane and to log carrier and wood cheaper, it has assumed various roles.<\/p>","protected":false},"excerpt":{"rendered":"<p>\u00a0 Model Spare Parts A25D A25E A30D A30E A35D A35E A35F A40D A40E A40F A40G Engine Engine Repair Kits Piston Injector Turbo Water Pump Transmission Shaft Frontal Axle Rear Axle Final Drive Cylinder Torque Oil Cooler &nbsp; ARTICULATED HAULERS (DUMPER HAULERS) The Articulated Haulers are the heavy duty versions of the dumper trucks that are [&hellip;]<\/p>\n","protected":false},"author":1,"featured_media":0,"parent":0,"menu_order":0,"comment_status":"closed","ping_status":"closed","template":"page-fullwidth.php","meta":{"footnotes":""},"class_list":["post-225","page","type-page","status-publish","hentry"],"yoast_head":"<!-- This site is optimized with the Yoast SEO plugin v26.8 - https:\/\/yoast.com\/product\/yoast-seo-wordpress\/ -->\n<title>Volvo Kaya Kamyonu Yedek Par\u00e7alar\u0131, Kaya Kamyonu Yedek Par\u00e7as\u0131<\/title>\n<meta name=\"robots\" content=\"index, follow, max-snippet:-1, max-image-preview:large, max-video-preview:-1\" \/>\n<link rel=\"canonical\" href=\"https:\/\/eyli.com.tr\/volvo-kaya-kamyonu\/\" \/>\n<meta property=\"og:locale\" content=\"en_US\" \/>\n<meta property=\"og:type\" content=\"article\" \/>\n<meta property=\"og:title\" content=\"Volvo Kaya Kamyonu Yedek Par\u00e7alar\u0131, Kaya Kamyonu Yedek Par\u00e7as\u0131\" \/>\n<meta property=\"og:description\" content=\"\u00a0 Model Spare Parts A25D A25E A30D A30E A35D A35E A35F A40D A40E A40F A40G Engine Engine Repair Kits Piston Injector Turbo Water Pump Transmission Shaft Frontal Axle Rear Axle Final Drive Cylinder Torque Oil Cooler &nbsp; ARTICULATED HAULERS (DUMPER HAULERS) The Articulated Haulers are the heavy duty versions of the dumper trucks that are [&hellip;]\" \/>\n<meta property=\"og:url\" content=\"https:\/\/eyli.com.tr\/volvo-kaya-kamyonu\/\" \/>\n<meta property=\"og:site_name\" content=\"Eyli \u0130\u015f Makineleri\" \/>\n<meta property=\"article:publisher\" content=\"https:\/\/www.facebook.com\/eylicomtr\" \/>\n<meta property=\"article:modified_time\" content=\"2016-10-11T12:53:30+00:00\" \/>\n<meta property=\"og:image\" content=\"http:\/\/eyli.com.tr\/wp-content\/uploads\/2016\/04\/Volvo_A40D.jpg\" \/>\n<meta name=\"twitter:card\" content=\"summary_large_image\" \/>\n<meta name=\"twitter:label1\" content=\"Est. reading time\" \/>\n\t<meta name=\"twitter:data1\" content=\"3 minutes\" \/>\n<script type=\"application\/ld+json\" class=\"yoast-schema-graph\">{\"@context\":\"https:\/\/schema.org\",\"@graph\":[{\"@type\":\"WebPage\",\"@id\":\"https:\/\/eyli.com.tr\/volvo-kaya-kamyonu\/\",\"url\":\"https:\/\/eyli.com.tr\/volvo-kaya-kamyonu\/\",\"name\":\"Volvo Kaya Kamyonu Yedek Par\u00e7alar\u0131, Kaya Kamyonu Yedek Par\u00e7as\u0131\",\"isPartOf\":{\"@id\":\"https:\/\/eyli.com.tr\/#website\"},\"primaryImageOfPage\":{\"@id\":\"https:\/\/eyli.com.tr\/volvo-kaya-kamyonu\/#primaryimage\"},\"image\":{\"@id\":\"https:\/\/eyli.com.tr\/volvo-kaya-kamyonu\/#primaryimage\"},\"thumbnailUrl\":\"http:\/\/eyli.com.tr\/wp-content\/uploads\/2016\/04\/Volvo_A40D.jpg\",\"datePublished\":\"2016-04-22T22:00:22+00:00\",\"dateModified\":\"2016-10-11T12:53:30+00:00\",\"breadcrumb\":{\"@id\":\"https:\/\/eyli.com.tr\/volvo-kaya-kamyonu\/#breadcrumb\"},\"inLanguage\":\"en-US\",\"potentialAction\":[{\"@type\":\"ReadAction\",\"target\":[\"https:\/\/eyli.com.tr\/volvo-kaya-kamyonu\/\"]}]},{\"@type\":\"ImageObject\",\"inLanguage\":\"en-US\",\"@id\":\"https:\/\/eyli.com.tr\/volvo-kaya-kamyonu\/#primaryimage\",\"url\":\"http:\/\/eyli.com.tr\/wp-content\/uploads\/2016\/04\/Volvo_A40D.jpg\",\"contentUrl\":\"http:\/\/eyli.com.tr\/wp-content\/uploads\/2016\/04\/Volvo_A40D.jpg\"},{\"@type\":\"BreadcrumbList\",\"@id\":\"https:\/\/eyli.com.tr\/volvo-kaya-kamyonu\/#breadcrumb\",\"itemListElement\":[{\"@type\":\"ListItem\",\"position\":1,\"name\":\"Ana sayfa\",\"item\":\"https:\/\/eyli.com.tr\/\"},{\"@type\":\"ListItem\",\"position\":2,\"name\":\"Volvo Kaya Kamyonu\"}]},{\"@type\":\"WebSite\",\"@id\":\"https:\/\/eyli.com.tr\/#website\",\"url\":\"https:\/\/eyli.com.tr\/\",\"name\":\"Eyli \u0130\u015f Makineleri\",\"description\":\"\",\"publisher\":{\"@id\":\"https:\/\/eyli.com.tr\/#organization\"},\"potentialAction\":[{\"@type\":\"SearchAction\",\"target\":{\"@type\":\"EntryPoint\",\"urlTemplate\":\"https:\/\/eyli.com.tr\/?s={search_term_string}\"},\"query-input\":{\"@type\":\"PropertyValueSpecification\",\"valueRequired\":true,\"valueName\":\"search_term_string\"}}],\"inLanguage\":\"en-US\"},{\"@type\":\"Organization\",\"@id\":\"https:\/\/eyli.com.tr\/#organization\",\"name\":\"Eyli \u0130\u015f Makineleri\",\"url\":\"https:\/\/eyli.com.tr\/\",\"logo\":{\"@type\":\"ImageObject\",\"inLanguage\":\"en-US\",\"@id\":\"https:\/\/eyli.com.tr\/#\/schema\/logo\/image\/\",\"url\":\"https:\/\/eyli.com.tr\/wp-content\/uploads\/2020\/04\/WhatsApp-Image-2020-04-23-at-03.11.52-e1587829137284.jpeg\",\"contentUrl\":\"https:\/\/eyli.com.tr\/wp-content\/uploads\/2020\/04\/WhatsApp-Image-2020-04-23-at-03.11.52-e1587829137284.jpeg\",\"width\":1600,\"height\":900,\"caption\":\"Eyli \u0130\u015f Makineleri\"},\"image\":{\"@id\":\"https:\/\/eyli.com.tr\/#\/schema\/logo\/image\/\"},\"sameAs\":[\"https:\/\/www.facebook.com\/eylicomtr\"]}]}<\/script>\n<!-- \/ Yoast SEO plugin. -->","yoast_head_json":{"title":"Volvo Kaya Kamyonu Yedek Par\u00e7alar\u0131, Kaya Kamyonu Yedek Par\u00e7as\u0131","robots":{"index":"index","follow":"follow","max-snippet":"max-snippet:-1","max-image-preview":"max-image-preview:large","max-video-preview":"max-video-preview:-1"},"canonical":"https:\/\/eyli.com.tr\/volvo-kaya-kamyonu\/","og_locale":"en_US","og_type":"article","og_title":"Volvo Kaya Kamyonu Yedek Par\u00e7alar\u0131, Kaya Kamyonu Yedek Par\u00e7as\u0131","og_description":"\u00a0 Model Spare Parts A25D A25E A30D A30E A35D A35E A35F A40D A40E A40F A40G Engine Engine Repair Kits Piston Injector Turbo Water Pump Transmission Shaft Frontal Axle Rear Axle Final Drive Cylinder Torque Oil Cooler &nbsp; ARTICULATED HAULERS (DUMPER HAULERS) The Articulated Haulers are the heavy duty versions of the dumper trucks that are [&hellip;]","og_url":"https:\/\/eyli.com.tr\/volvo-kaya-kamyonu\/","og_site_name":"Eyli \u0130\u015f Makineleri","article_publisher":"https:\/\/www.facebook.com\/eylicomtr","article_modified_time":"2016-10-11T12:53:30+00:00","og_image":[{"url":"http:\/\/eyli.com.tr\/wp-content\/uploads\/2016\/04\/Volvo_A40D.jpg","type":"","width":"","height":""}],"twitter_card":"summary_large_image","twitter_misc":{"Est. reading time":"3 minutes"},"schema":{"@context":"https:\/\/schema.org","@graph":[{"@type":"WebPage","@id":"https:\/\/eyli.com.tr\/volvo-kaya-kamyonu\/","url":"https:\/\/eyli.com.tr\/volvo-kaya-kamyonu\/","name":"Volvo Kaya Kamyonu Yedek Par\u00e7alar\u0131, Kaya Kamyonu Yedek Par\u00e7as\u0131","isPartOf":{"@id":"https:\/\/eyli.com.tr\/#website"},"primaryImageOfPage":{"@id":"https:\/\/eyli.com.tr\/volvo-kaya-kamyonu\/#primaryimage"},"image":{"@id":"https:\/\/eyli.com.tr\/volvo-kaya-kamyonu\/#primaryimage"},"thumbnailUrl":"http:\/\/eyli.com.tr\/wp-content\/uploads\/2016\/04\/Volvo_A40D.jpg","datePublished":"2016-04-22T22:00:22+00:00","dateModified":"2016-10-11T12:53:30+00:00","breadcrumb":{"@id":"https:\/\/eyli.com.tr\/volvo-kaya-kamyonu\/#breadcrumb"},"inLanguage":"en-US","potentialAction":[{"@type":"ReadAction","target":["https:\/\/eyli.com.tr\/volvo-kaya-kamyonu\/"]}]},{"@type":"ImageObject","inLanguage":"en-US","@id":"https:\/\/eyli.com.tr\/volvo-kaya-kamyonu\/#primaryimage","url":"http:\/\/eyli.com.tr\/wp-content\/uploads\/2016\/04\/Volvo_A40D.jpg","contentUrl":"http:\/\/eyli.com.tr\/wp-content\/uploads\/2016\/04\/Volvo_A40D.jpg"},{"@type":"BreadcrumbList","@id":"https:\/\/eyli.com.tr\/volvo-kaya-kamyonu\/#breadcrumb","itemListElement":[{"@type":"ListItem","position":1,"name":"Ana sayfa","item":"https:\/\/eyli.com.tr\/"},{"@type":"ListItem","position":2,"name":"Volvo Kaya Kamyonu"}]},{"@type":"WebSite","@id":"https:\/\/eyli.com.tr\/#website","url":"https:\/\/eyli.com.tr\/","name":"Eyli \u0130\u015f Makineleri","description":"","publisher":{"@id":"https:\/\/eyli.com.tr\/#organization"},"potentialAction":[{"@type":"SearchAction","target":{"@type":"EntryPoint","urlTemplate":"https:\/\/eyli.com.tr\/?s={search_term_string}"},"query-input":{"@type":"PropertyValueSpecification","valueRequired":true,"valueName":"search_term_string"}}],"inLanguage":"en-US"},{"@type":"Organization","@id":"https:\/\/eyli.com.tr\/#organization","name":"Eyli \u0130\u015f Makineleri","url":"https:\/\/eyli.com.tr\/","logo":{"@type":"ImageObject","inLanguage":"en-US","@id":"https:\/\/eyli.com.tr\/#\/schema\/logo\/image\/","url":"https:\/\/eyli.com.tr\/wp-content\/uploads\/2020\/04\/WhatsApp-Image-2020-04-23-at-03.11.52-e1587829137284.jpeg","contentUrl":"https:\/\/eyli.com.tr\/wp-content\/uploads\/2020\/04\/WhatsApp-Image-2020-04-23-at-03.11.52-e1587829137284.jpeg","width":1600,"height":900,"caption":"Eyli \u0130\u015f Makineleri"},"image":{"@id":"https:\/\/eyli.com.tr\/#\/schema\/logo\/image\/"},"sameAs":["https:\/\/www.facebook.com\/eylicomtr"]}]}},"_links":{"self":[{"href":"https:\/\/eyli.com.tr\/en\/wp-json\/wp\/v2\/pages\/225","targetHints":{"allow":["GET"]}}],"collection":[{"href":"https:\/\/eyli.com.tr\/en\/wp-json\/wp\/v2\/pages"}],"about":[{"href":"https:\/\/eyli.com.tr\/en\/wp-json\/wp\/v2\/types\/page"}],"author":[{"embeddable":true,"href":"https:\/\/eyli.com.tr\/en\/wp-json\/wp\/v2\/users\/1"}],"replies":[{"embeddable":true,"href":"https:\/\/eyli.com.tr\/en\/wp-json\/wp\/v2\/comments?post=225"}],"version-history":[{"count":12,"href":"https:\/\/eyli.com.tr\/en\/wp-json\/wp\/v2\/pages\/225\/revisions"}],"predecessor-version":[{"id":1673,"href":"https:\/\/eyli.com.tr\/en\/wp-json\/wp\/v2\/pages\/225\/revisions\/1673"}],"wp:attachment":[{"href":"https:\/\/eyli.com.tr\/en\/wp-json\/wp\/v2\/media?parent=225"}],"curies":[{"name":"wp","href":"https:\/\/api.w.org\/{rel}","templated":true}]}}