{"id":195,"date":"2016-04-20T14:28:24","date_gmt":"2016-04-20T11:28:24","guid":{"rendered":"http:\/\/localhost:85\/sinyol\/?page_id=195"},"modified":"2022-10-10T12:47:35","modified_gmt":"2022-10-10T09:47:35","slug":"%d0%b3%d0%bb%d0%b0%d0%b2%d0%bd%d0%b0%d1%8f","status":"publish","type":"page","link":"https:\/\/eyli.com.tr\/en\/%d0%b3%d0%bb%d0%b0%d0%b2%d0%bd%d0%b0%d1%8f\/","title":{"rendered":"Home"},"content":{"rendered":"<p><\/p>\n<div class=\"row\">\n<div class=\"col-md-2 col-md-offset-1\">\n<p style=\"text-align: center;\"><a href=\"https:\/\/eyli.com.tr\/en\/foto-galeri\/\"><img loading=\"lazy\" decoding=\"async\" class=\"aligncenter wp-image-2110 size-full\" src=\"http:\/\/eyli.com.tr\/wp-content\/uploads\/2020\/04\/cer-set.jpg\" alt=\"\" width=\"400\" height=\"400\" srcset=\"https:\/\/eyli.com.tr\/wp-content\/uploads\/2020\/04\/cer-set.jpg 400w, https:\/\/eyli.com.tr\/wp-content\/uploads\/2020\/04\/cer-set-300x300.jpg 300w, https:\/\/eyli.com.tr\/wp-content\/uploads\/2020\/04\/cer-set-150x150.jpg 150w, https:\/\/eyli.com.tr\/wp-content\/uploads\/2020\/04\/cer-set-350x350.jpg 350w\" sizes=\"auto, (max-width: 400px) 100vw, 400px\" \/><\/a><\/p>\n<p style=\"text-align: center;\"><a href=\"https:\/\/eyli.com.tr\/en\/foto-galeri\/\">VOLVO BL71<\/a><\/p>\n<\/div>\n<div class=\"col-md-2\">\n<p style=\"text-align: center;\"><a href=\"https:\/\/eyli.com.tr\/en\/foto-galeri\/\"><img loading=\"lazy\" decoding=\"async\" class=\"aligncenter wp-image-2111 size-full\" src=\"http:\/\/eyli.com.tr\/wp-content\/uploads\/2020\/04\/ayna-mahruti.jpg\" alt=\"\" width=\"400\" height=\"400\" srcset=\"https:\/\/eyli.com.tr\/wp-content\/uploads\/2020\/04\/ayna-mahruti.jpg 400w, https:\/\/eyli.com.tr\/wp-content\/uploads\/2020\/04\/ayna-mahruti-300x300.jpg 300w, https:\/\/eyli.com.tr\/wp-content\/uploads\/2020\/04\/ayna-mahruti-150x150.jpg 150w, https:\/\/eyli.com.tr\/wp-content\/uploads\/2020\/04\/ayna-mahruti-350x350.jpg 350w\" sizes=\"auto, (max-width: 400px) 100vw, 400px\" \/><\/a><\/p>\n<p style=\"text-align: center;\">VOLVO BL71B<\/p>\n<\/div>\n<div class=\"col-md-2\">\n<p style=\"text-align: center;\"><a href=\"https:\/\/eyli.com.tr\/en\/foto-galeri\/\"><img loading=\"lazy\" decoding=\"async\" class=\"aligncenter wp-image-2112 size-full\" src=\"http:\/\/eyli.com.tr\/wp-content\/uploads\/2020\/04\/porya-kapak.jpg\" alt=\"\" width=\"400\" height=\"400\" srcset=\"https:\/\/eyli.com.tr\/wp-content\/uploads\/2020\/04\/porya-kapak.jpg 400w, https:\/\/eyli.com.tr\/wp-content\/uploads\/2020\/04\/porya-kapak-300x300.jpg 300w, https:\/\/eyli.com.tr\/wp-content\/uploads\/2020\/04\/porya-kapak-150x150.jpg 150w, https:\/\/eyli.com.tr\/wp-content\/uploads\/2020\/04\/porya-kapak-350x350.jpg 350w\" sizes=\"auto, (max-width: 400px) 100vw, 400px\" \/><\/a><\/p>\n<p style=\"text-align: center;\">VOLVO BL61<\/p>\n<\/div>\n<div class=\"col-md-2\">\n<p><a href=\"https:\/\/eyli.com.tr\/en\/foto-galeri\/\"><img loading=\"lazy\" decoding=\"async\" class=\"aligncenter wp-image-2113 size-full\" src=\"http:\/\/eyli.com.tr\/wp-content\/uploads\/2020\/04\/rot-kollar\u0131.jpg\" alt=\"\" width=\"400\" height=\"400\" srcset=\"https:\/\/eyli.com.tr\/wp-content\/uploads\/2020\/04\/rot-kollar\u0131.jpg 400w, https:\/\/eyli.com.tr\/wp-content\/uploads\/2020\/04\/rot-kollar\u0131-300x300.jpg 300w, https:\/\/eyli.com.tr\/wp-content\/uploads\/2020\/04\/rot-kollar\u0131-150x150.jpg 150w, https:\/\/eyli.com.tr\/wp-content\/uploads\/2020\/04\/rot-kollar\u0131-350x350.jpg 350w\" sizes=\"auto, (max-width: 400px) 100vw, 400px\" \/><\/a><\/p>\n<p style=\"text-align: center;\">VOLVO BL61B<\/p>\n<\/div>\n<\/div>\n<p>&nbsp;<\/p>\n<p><strong><span class=\"VIiyi\" lang=\"en\"><span class=\"JLqJ4b\" data-language-for-alternatives=\"en\" data-language-to-translate-into=\"tr\" data-phrase-index=\"0\">Get a price from us for VOLVO BL71 AND BL61 Construction Machinery Spare Parts<\/span><\/span><\/strong><\/p>\n<p><span class=\"VIiyi\" lang=\"en\"><span class=\"JLqJ4b\" data-language-for-alternatives=\"en\" data-language-to-translate-into=\"tr\" data-phrase-index=\"0\"> Since the first day we started in 2005, we have given great importance to customer satisfaction, which enables us to be the leader in the market we serve. Since 2015, we have been exporting the spare parts we have produced under the EYLI brand to Europe. Eyli Construction Machinery Spare Parts and Equipment proudly serves the industrial and municipal markets of marble quarries, quarries, mines, chrome quarries, gold mines, dam constructions, road construction, asphalt construction, excavation, hydroelectric power generation and construction sector. It manufactures and exports spare parts for Volvo Bekoloader BL71 and BL61 models. Examples of some of the high quality spare parts we supply are Engine, Engine repair kit, Cylinder head, Cylinder head gasket, Engine block, Camshaft, Crankshaft, Engine oil sump, Engine mount, Oil pump, Diesel pump, Injector, Turbo, Air Filter, Radiator, Water pump, Transmission, Torque, Transmission repair kit, Shaft, front differential, Final drive, Differential front, Differential rear, Brake pad, Oil cooler, Parking brake pad, Hydraulic pump, Hydraulic cylinder, Grasshopper, Traction, and we can give many more parts. We offer Quality on Spare Parts: Used (Used) parts Original OEM spare parts Rectified (Refurbished) parts New alternative spare parts and components Contact us for more information<\/span><\/span><\/p>","protected":false},"excerpt":{"rendered":"<p>VOLVO BL71 VOLVO BL71B VOLVO BL61 VOLVO BL61B &nbsp; Get a price from us for VOLVO BL71 AND BL61 Construction Machinery Spare Parts Since the first day we started in 2005, we have given great importance to customer satisfaction, which enables us to be the leader in the market we serve. Since 2015, we have [&hellip;]<\/p>\n","protected":false},"author":1,"featured_media":0,"parent":0,"menu_order":0,"comment_status":"closed","ping_status":"closed","template":"page-notitle.php","meta":{"footnotes":""},"class_list":["post-195","page","type-page","status-publish","hentry"],"yoast_head":"<!-- This site is optimized with the Yoast SEO plugin v26.8 - https:\/\/yoast.com\/product\/yoast-seo-wordpress\/ -->\n<title>Eyli Volvo \u0130\u015f Makineleri Yedek Par\u00e7alar\u0131, \u0130kinci El \u0130\u015f Makineleri<\/title>\n<meta name=\"description\" content=\"Volvo i\u015f makineleri yedek par\u00e7alar\u0131, ikinci el volvo i\u015f makineleri i\u00e7in bizden fiyat al\u0131n\u0131z\" \/>\n<meta name=\"robots\" content=\"index, follow, max-snippet:-1, max-image-preview:large, max-video-preview:-1\" \/>\n<link rel=\"canonical\" href=\"https:\/\/eyli.com.tr\/\" \/>\n<meta property=\"og:locale\" content=\"en_US\" \/>\n<meta property=\"og:type\" content=\"article\" \/>\n<meta property=\"og:title\" content=\"Eyli Volvo \u0130\u015f Makineleri Yedek Par\u00e7alar\u0131, \u0130kinci El \u0130\u015f Makineleri\" \/>\n<meta property=\"og:description\" content=\"Volvo i\u015f makineleri yedek par\u00e7alar\u0131, ikinci el volvo i\u015f makineleri i\u00e7in bizden fiyat al\u0131n\u0131z\" \/>\n<meta property=\"og:url\" content=\"https:\/\/eyli.com.tr\/\" \/>\n<meta property=\"og:site_name\" content=\"Eyli \u0130\u015f Makineleri\" \/>\n<meta property=\"article:publisher\" content=\"https:\/\/www.facebook.com\/eylicomtr\" \/>\n<meta property=\"article:modified_time\" content=\"2022-10-10T09:47:35+00:00\" \/>\n<meta property=\"og:image\" content=\"http:\/\/eyli.com.tr\/wp-content\/uploads\/2020\/04\/cer-set.jpg\" \/>\n<meta name=\"twitter:card\" content=\"summary_large_image\" \/>\n<meta name=\"twitter:label1\" content=\"Est. reading time\" \/>\n\t<meta name=\"twitter:data1\" content=\"3 minutes\" \/>\n<script type=\"application\/ld+json\" class=\"yoast-schema-graph\">{\"@context\":\"https:\/\/schema.org\",\"@graph\":[{\"@type\":\"WebPage\",\"@id\":\"https:\/\/eyli.com.tr\/\",\"url\":\"https:\/\/eyli.com.tr\/\",\"name\":\"Eyli Volvo \u0130\u015f Makineleri Yedek Par\u00e7alar\u0131, \u0130kinci El \u0130\u015f Makineleri\",\"isPartOf\":{\"@id\":\"https:\/\/eyli.com.tr\/#website\"},\"primaryImageOfPage\":{\"@id\":\"https:\/\/eyli.com.tr\/#primaryimage\"},\"image\":{\"@id\":\"https:\/\/eyli.com.tr\/#primaryimage\"},\"thumbnailUrl\":\"http:\/\/eyli.com.tr\/wp-content\/uploads\/2020\/04\/cer-set.jpg\",\"datePublished\":\"2016-04-20T11:28:24+00:00\",\"dateModified\":\"2022-10-10T09:47:35+00:00\",\"description\":\"Volvo i\u015f makineleri yedek par\u00e7alar\u0131, ikinci el volvo i\u015f makineleri i\u00e7in bizden fiyat al\u0131n\u0131z\",\"breadcrumb\":{\"@id\":\"https:\/\/eyli.com.tr\/#breadcrumb\"},\"inLanguage\":\"en-US\",\"potentialAction\":[{\"@type\":\"ReadAction\",\"target\":[\"https:\/\/eyli.com.tr\/\"]}]},{\"@type\":\"ImageObject\",\"inLanguage\":\"en-US\",\"@id\":\"https:\/\/eyli.com.tr\/#primaryimage\",\"url\":\"http:\/\/eyli.com.tr\/wp-content\/uploads\/2020\/04\/cer-set.jpg\",\"contentUrl\":\"http:\/\/eyli.com.tr\/wp-content\/uploads\/2020\/04\/cer-set.jpg\"},{\"@type\":\"BreadcrumbList\",\"@id\":\"https:\/\/eyli.com.tr\/#breadcrumb\",\"itemListElement\":[{\"@type\":\"ListItem\",\"position\":1,\"name\":\"Ana sayfa\",\"item\":\"https:\/\/eyli.com.tr\/\"},{\"@type\":\"ListItem\",\"position\":2,\"name\":\"Anasayfa\"}]},{\"@type\":\"WebSite\",\"@id\":\"https:\/\/eyli.com.tr\/#website\",\"url\":\"https:\/\/eyli.com.tr\/\",\"name\":\"Eyli \u0130\u015f Makineleri\",\"description\":\"\",\"publisher\":{\"@id\":\"https:\/\/eyli.com.tr\/#organization\"},\"potentialAction\":[{\"@type\":\"SearchAction\",\"target\":{\"@type\":\"EntryPoint\",\"urlTemplate\":\"https:\/\/eyli.com.tr\/?s={search_term_string}\"},\"query-input\":{\"@type\":\"PropertyValueSpecification\",\"valueRequired\":true,\"valueName\":\"search_term_string\"}}],\"inLanguage\":\"en-US\"},{\"@type\":\"Organization\",\"@id\":\"https:\/\/eyli.com.tr\/#organization\",\"name\":\"Eyli \u0130\u015f Makineleri\",\"url\":\"https:\/\/eyli.com.tr\/\",\"logo\":{\"@type\":\"ImageObject\",\"inLanguage\":\"en-US\",\"@id\":\"https:\/\/eyli.com.tr\/#\/schema\/logo\/image\/\",\"url\":\"https:\/\/eyli.com.tr\/wp-content\/uploads\/2020\/04\/WhatsApp-Image-2020-04-23-at-03.11.52-e1587829137284.jpeg\",\"contentUrl\":\"https:\/\/eyli.com.tr\/wp-content\/uploads\/2020\/04\/WhatsApp-Image-2020-04-23-at-03.11.52-e1587829137284.jpeg\",\"width\":1600,\"height\":900,\"caption\":\"Eyli \u0130\u015f Makineleri\"},\"image\":{\"@id\":\"https:\/\/eyli.com.tr\/#\/schema\/logo\/image\/\"},\"sameAs\":[\"https:\/\/www.facebook.com\/eylicomtr\"]}]}<\/script>\n<!-- \/ Yoast SEO plugin. -->","yoast_head_json":{"title":"Eyli Volvo \u0130\u015f Makineleri Yedek Par\u00e7alar\u0131, \u0130kinci El \u0130\u015f Makineleri","description":"Volvo i\u015f makineleri yedek par\u00e7alar\u0131, ikinci el volvo i\u015f makineleri i\u00e7in bizden fiyat al\u0131n\u0131z","robots":{"index":"index","follow":"follow","max-snippet":"max-snippet:-1","max-image-preview":"max-image-preview:large","max-video-preview":"max-video-preview:-1"},"canonical":"https:\/\/eyli.com.tr\/","og_locale":"en_US","og_type":"article","og_title":"Eyli Volvo \u0130\u015f Makineleri Yedek Par\u00e7alar\u0131, \u0130kinci El \u0130\u015f Makineleri","og_description":"Volvo i\u015f makineleri yedek par\u00e7alar\u0131, ikinci el volvo i\u015f makineleri i\u00e7in bizden fiyat al\u0131n\u0131z","og_url":"https:\/\/eyli.com.tr\/","og_site_name":"Eyli \u0130\u015f Makineleri","article_publisher":"https:\/\/www.facebook.com\/eylicomtr","article_modified_time":"2022-10-10T09:47:35+00:00","og_image":[{"url":"http:\/\/eyli.com.tr\/wp-content\/uploads\/2020\/04\/cer-set.jpg","type":"","width":"","height":""}],"twitter_card":"summary_large_image","twitter_misc":{"Est. reading time":"3 minutes"},"schema":{"@context":"https:\/\/schema.org","@graph":[{"@type":"WebPage","@id":"https:\/\/eyli.com.tr\/","url":"https:\/\/eyli.com.tr\/","name":"Eyli Volvo \u0130\u015f Makineleri Yedek Par\u00e7alar\u0131, \u0130kinci El \u0130\u015f Makineleri","isPartOf":{"@id":"https:\/\/eyli.com.tr\/#website"},"primaryImageOfPage":{"@id":"https:\/\/eyli.com.tr\/#primaryimage"},"image":{"@id":"https:\/\/eyli.com.tr\/#primaryimage"},"thumbnailUrl":"http:\/\/eyli.com.tr\/wp-content\/uploads\/2020\/04\/cer-set.jpg","datePublished":"2016-04-20T11:28:24+00:00","dateModified":"2022-10-10T09:47:35+00:00","description":"Volvo i\u015f makineleri yedek par\u00e7alar\u0131, ikinci el volvo i\u015f makineleri i\u00e7in bizden fiyat al\u0131n\u0131z","breadcrumb":{"@id":"https:\/\/eyli.com.tr\/#breadcrumb"},"inLanguage":"en-US","potentialAction":[{"@type":"ReadAction","target":["https:\/\/eyli.com.tr\/"]}]},{"@type":"ImageObject","inLanguage":"en-US","@id":"https:\/\/eyli.com.tr\/#primaryimage","url":"http:\/\/eyli.com.tr\/wp-content\/uploads\/2020\/04\/cer-set.jpg","contentUrl":"http:\/\/eyli.com.tr\/wp-content\/uploads\/2020\/04\/cer-set.jpg"},{"@type":"BreadcrumbList","@id":"https:\/\/eyli.com.tr\/#breadcrumb","itemListElement":[{"@type":"ListItem","position":1,"name":"Ana sayfa","item":"https:\/\/eyli.com.tr\/"},{"@type":"ListItem","position":2,"name":"Anasayfa"}]},{"@type":"WebSite","@id":"https:\/\/eyli.com.tr\/#website","url":"https:\/\/eyli.com.tr\/","name":"Eyli \u0130\u015f Makineleri","description":"","publisher":{"@id":"https:\/\/eyli.com.tr\/#organization"},"potentialAction":[{"@type":"SearchAction","target":{"@type":"EntryPoint","urlTemplate":"https:\/\/eyli.com.tr\/?s={search_term_string}"},"query-input":{"@type":"PropertyValueSpecification","valueRequired":true,"valueName":"search_term_string"}}],"inLanguage":"en-US"},{"@type":"Organization","@id":"https:\/\/eyli.com.tr\/#organization","name":"Eyli \u0130\u015f Makineleri","url":"https:\/\/eyli.com.tr\/","logo":{"@type":"ImageObject","inLanguage":"en-US","@id":"https:\/\/eyli.com.tr\/#\/schema\/logo\/image\/","url":"https:\/\/eyli.com.tr\/wp-content\/uploads\/2020\/04\/WhatsApp-Image-2020-04-23-at-03.11.52-e1587829137284.jpeg","contentUrl":"https:\/\/eyli.com.tr\/wp-content\/uploads\/2020\/04\/WhatsApp-Image-2020-04-23-at-03.11.52-e1587829137284.jpeg","width":1600,"height":900,"caption":"Eyli \u0130\u015f Makineleri"},"image":{"@id":"https:\/\/eyli.com.tr\/#\/schema\/logo\/image\/"},"sameAs":["https:\/\/www.facebook.com\/eylicomtr"]}]}},"_links":{"self":[{"href":"https:\/\/eyli.com.tr\/en\/wp-json\/wp\/v2\/pages\/195","targetHints":{"allow":["GET"]}}],"collection":[{"href":"https:\/\/eyli.com.tr\/en\/wp-json\/wp\/v2\/pages"}],"about":[{"href":"https:\/\/eyli.com.tr\/en\/wp-json\/wp\/v2\/types\/page"}],"author":[{"embeddable":true,"href":"https:\/\/eyli.com.tr\/en\/wp-json\/wp\/v2\/users\/1"}],"replies":[{"embeddable":true,"href":"https:\/\/eyli.com.tr\/en\/wp-json\/wp\/v2\/comments?post=195"}],"version-history":[{"count":66,"href":"https:\/\/eyli.com.tr\/en\/wp-json\/wp\/v2\/pages\/195\/revisions"}],"predecessor-version":[{"id":2231,"href":"https:\/\/eyli.com.tr\/en\/wp-json\/wp\/v2\/pages\/195\/revisions\/2231"}],"wp:attachment":[{"href":"https:\/\/eyli.com.tr\/en\/wp-json\/wp\/v2\/media?parent=195"}],"curies":[{"name":"wp","href":"https:\/\/api.w.org\/{rel}","templated":true}]}}