{"id":129,"date":"2016-02-26T02:15:13","date_gmt":"2016-02-26T00:15:13","guid":{"rendered":"http:\/\/eyli.com.tr\/?page_id=129"},"modified":"2016-10-18T12:20:35","modified_gmt":"2016-10-18T09:20:35","slug":"volvo-beko-loder","status":"publish","type":"page","link":"https:\/\/eyli.com.tr\/en\/volvo-beko-loder\/","title":{"rendered":"Volvo Backhoe Loader"},"content":{"rendered":"<p><\/p>\n<table class=\"table table-bordered\">\n<tbody>\n<tr>\n<td rowspan=\"2\">\u00a0 <img loading=\"lazy\" decoding=\"async\" class=\"aligncenter size-full wp-image-220\" src=\"http:\/\/eyli.com.tr\/wp-content\/uploads\/2016\/02\/BL60.jpg\" alt=\"BL60\" width=\"475\" height=\"246\" srcset=\"https:\/\/eyli.com.tr\/wp-content\/uploads\/2016\/02\/BL60.jpg 475w, https:\/\/eyli.com.tr\/wp-content\/uploads\/2016\/02\/BL60-300x155.jpg 300w\" sizes=\"auto, (max-width: 475px) 100vw, 475px\" \/><\/td>\n<td style=\"text-align: center;\">\n<h2>Model<\/h2>\n<\/td>\n<td style=\"text-align: center;\">\n<h2>Spare Parts<\/h2>\n<\/td>\n<\/tr>\n<tr>\n<td>\n<ul>\n<li><a href=\"http:\/\/eyli.com.tr\/volvo-beko-loder-bl60-bl60b\/\">BL60<\/a><\/li>\n<li><a href=\"http:\/\/eyli.com.tr\/volvo-beko-loder-bl60-bl60b\/\">BL60B<\/a><\/li>\n<li><a href=\"http:\/\/eyli.com.tr\/volvo-beko-loder-bl61-bl61b-bl61-plus\/\">BL61<\/a><\/li>\n<li><a href=\"http:\/\/eyli.com.tr\/volvo-beko-loder-bl61-bl61b-bl61-plus\/\">BL61 PLUS<\/a><\/li>\n<li><a href=\"http:\/\/eyli.com.tr\/volvo-beko-loder-bl61-bl61b-bl61-plus\/\">BL61B<\/a><\/li>\n<li><a href=\"http:\/\/eyli.com.tr\/volvo-beko-loder-bl70-bl70b\/\">BL70<\/a><\/li>\n<li><a href=\"http:\/\/eyli.com.tr\/volvo-beko-loder-bl70-bl70b\/\">BL70B<\/a><\/li>\n<li><a href=\"http:\/\/eyli.com.tr\/volvo-beko-loder-bl71-bl71-plus-bl71b\/\">BL71<\/a><\/li>\n<li><a href=\"http:\/\/eyli.com.tr\/volvo-beko-loder-bl71-bl71-plus-bl71b\/\">BL71 PLUS<\/a><\/li>\n<li><a href=\"http:\/\/eyli.com.tr\/volvo-beko-loder-bl71-bl71-plus-bl71b\/\">BL71B<\/a><\/li>\n<\/ul>\n<\/td>\n<td>\n<ul>\n<li style=\"text-align: left;\"><a href=\"http:\/\/eyli.com.tr\/beko-loder-motor\/\">Engine<\/a><\/li>\n<li style=\"text-align: left;\"><a href=\"http:\/\/eyli.com.tr\/beko-loder-silindir-kapak\/\">Cylinder Head<\/a><\/li>\n<li style=\"text-align: left;\"><a href=\"http:\/\/eyli.com.tr\/beko-loder-silindir-blok\/\">Cylinder Block<\/a><\/li>\n<li style=\"text-align: left;\"><a href=\"http:\/\/eyli.com.tr\/beko-loder-piston-set\/\">Piston set<\/a><\/li>\n<li style=\"text-align: left;\"><a href=\"http:\/\/eyli.com.tr\/beko-loder-motor-yag-sogutucusu\/\">Engine Oil Cooler<\/a><\/li>\n<li style=\"text-align: left;\"><a href=\"http:\/\/eyli.com.tr\/beko-loder-mazot-otomatik\/\">Diesel Hand Primer<\/a><\/li>\n<li style=\"text-align: left;\"><a href=\"http:\/\/eyli.com.tr\/beko-loder-mazot-samandira\/\">Fuel Gauge Sender Unit<\/a><\/li>\n<li style=\"text-align: left;\"><a href=\"http:\/\/eyli.com.tr\/beko-loder-enjektor-pompasi\/\">Injector Pump<\/a><\/li>\n<li style=\"text-align: left;\"><a href=\"http:\/\/eyli.com.tr\/beko-loder-mazot-pompasi\/\">Diesel Fuel Pump<\/a><\/li>\n<li style=\"text-align: left;\"><a href=\"http:\/\/eyli.com.tr\/beko-loder-enjektor-pompasi-2\/\">Injector Pump<\/a><\/li>\n<li style=\"text-align: left;\"><a href=\"http:\/\/eyli.com.tr\/beko-loder-turbo\/\">Turbo<\/a><\/li>\n<li style=\"text-align: left;\"><a href=\"http:\/\/eyli.com.tr\/beko-loder-radyator\/\">Radiator<\/a><\/li>\n<li style=\"text-align: left;\"><a href=\"http:\/\/eyli.com.tr\/beko-loder-su-pompasi\/\">Water Pump<\/a><\/li>\n<li style=\"text-align: left;\"><a href=\"http:\/\/eyli.com.tr\/beko-loder-motor-kayis\/\">Engine Belt<\/a><\/li>\n<li style=\"text-align: left;\"><a href=\"http:\/\/eyli.com.tr\/beko-loder-termostat\/\">Thermostat<\/a><\/li>\n<li style=\"text-align: left;\"><a href=\"http:\/\/eyli.com.tr\/beko-loder-motor-stop-selenoid\/\">Engine Stop Selenoid<\/a><\/li>\n<li style=\"text-align: left;\"><a href=\"http:\/\/eyli.com.tr\/beko-loder-lamba\/\">Lamps<\/a><\/li>\n<li style=\"text-align: left;\"><a href=\"http:\/\/eyli.com.tr\/beko-loder-beyin\/\">Electronic Control Unit<\/a><\/li>\n<li style=\"text-align: left;\"><a href=\"http:\/\/eyli.com.tr\/beko-loder-saft\/\">Shaft<\/a><\/li>\n<li style=\"text-align: left;\"><a href=\"http:\/\/eyli.com.tr\/beko-loder-on-aks\/\">Front Axle<\/a><\/li>\n<li style=\"text-align: left;\"><a href=\"http:\/\/eyli.com.tr\/beko-loder-arka-aks\/\">Rear Axle<\/a><\/li>\n<li style=\"text-align: left;\"><a href=\"http:\/\/eyli.com.tr\/beko-loder-ayna-maruti\/\">Final Drive<\/a><\/li>\n<li style=\"text-align: left;\"><a href=\"http:\/\/eyli.com.tr\/beko-loder-aks\/\">Axle<\/a><\/li>\n<li style=\"text-align: left;\"><a href=\"http:\/\/eyli.com.tr\/beko-loder-cer\/\">Cer<\/a><\/li>\n<li style=\"text-align: left;\"><a href=\"http:\/\/eyli.com.tr\/beko-loder-rot-kolu\/\">Track Rod<\/a><\/li>\n<li style=\"text-align: left;\"><a href=\"http:\/\/eyli.com.tr\/beko-loder-jant\/\">Rim<\/a><\/li>\n<li style=\"text-align: left;\"><a href=\"http:\/\/eyli.com.tr\/beko-loder-kabin-takoz\/\">Cab Tilt Stopper<\/a><\/li>\n<li style=\"text-align: left;\"><a href=\"http:\/\/eyli.com.tr\/beko-loder-on-cam\/\">Windshield<\/a><\/li>\n<li style=\"text-align: left;\"><a href=\"http:\/\/eyli.com.tr\/beko-loder-hidrolik-pompa\/\">Hydraulic Pump<\/a><\/li>\n<li style=\"text-align: left;\"><a href=\"http:\/\/eyli.com.tr\/beko-loder-valf-kit\/\">Valve kit<\/a><\/li>\n<li style=\"text-align: left;\"><a href=\"http:\/\/eyli.com.tr\/beko-loder-hidrolik-silindir\/\">Hydraulic Cylinder<\/a><\/li>\n<li style=\"text-align: left;\"><a href=\"http:\/\/eyli.com.tr\/beko-loder-kece-takimi\/\">Sealing Ring Set<\/a><\/li>\n<li style=\"text-align: left;\"><a href=\"http:\/\/eyli.com.tr\/beko-loder-donus-braket\/\">Turning Bracket<\/a><\/li>\n<li style=\"text-align: left;\"><a href=\"http:\/\/eyli.com.tr\/beko-loder-bom-silindir-kece-takimi\/\">Boom Cylinder Seal Ring Set<\/a><\/li>\n<li style=\"text-align: left;\"><a href=\"http:\/\/eyli.com.tr\/beko-loder-arm-silindir-kece-takimi\/\">Arm Cylinder Seal Set<\/a><\/li>\n<li style=\"text-align: left;\"><a href=\"http:\/\/eyli.com.tr\/beko-loder-donus-silindir-kece-takimi\/\">Turning Cylinder Seal Set<\/a><\/li>\n<\/ul>\n<\/td>\n<\/tr>\n<\/tbody>\n<\/table>\n<p>A backhoe loader, also known as the reverse loader is a tractor like construction machine that feature a large digger on the front and a reverse digger on the rear side. Due to its relatively smaller frame and versatile characteristics, the Backhoe Loaders are commonly used in urban engineering and small scale construction projects. (Such as the construction of one single house, repair of the city roads etc.) This machine resembles agricultural tractors that are attached with frontal loader and rear diggers.<\/p>\n<p><a href=\"http:\/\/eyli.com.tr\/beko-loder-periyodik-bakimi\/\">Please click for backhoe loader periodic maintenance works.<\/a><\/p>","protected":false},"excerpt":{"rendered":"<p>\u00a0 Model Spare Parts BL60 BL60B BL61 BL61 PLUS BL61B BL70 BL70B BL71 BL71 PLUS BL71B Engine Cylinder Head Cylinder Block Piston set Engine Oil Cooler Diesel Hand Primer Fuel Gauge Sender Unit Injector Pump Diesel Fuel Pump Injector Pump Turbo Radiator Water Pump Engine Belt Thermostat Engine Stop Selenoid Lamps Electronic Control Unit Shaft [&hellip;]<\/p>\n","protected":false},"author":1,"featured_media":0,"parent":0,"menu_order":0,"comment_status":"closed","ping_status":"closed","template":"page-fullwidth.php","meta":{"footnotes":""},"class_list":["post-129","page","type-page","status-publish","hentry"],"yoast_head":"<!-- This site is optimized with the Yoast SEO plugin v26.8 - https:\/\/yoast.com\/product\/yoast-seo-wordpress\/ -->\n<title>Volvo Beko Loder Yedek Par\u00e7alar\u0131, Beko Loder Yedek Par\u00e7a<\/title>\n<meta name=\"robots\" content=\"index, follow, max-snippet:-1, max-image-preview:large, max-video-preview:-1\" \/>\n<link rel=\"canonical\" href=\"https:\/\/eyli.com.tr\/volvo-beko-loder\/\" \/>\n<meta property=\"og:locale\" content=\"en_US\" \/>\n<meta property=\"og:type\" content=\"article\" \/>\n<meta property=\"og:title\" content=\"Volvo Beko Loder Yedek Par\u00e7alar\u0131, Beko Loder Yedek Par\u00e7a\" \/>\n<meta property=\"og:description\" content=\"\u00a0 Model Spare Parts BL60 BL60B BL61 BL61 PLUS BL61B BL70 BL70B BL71 BL71 PLUS BL71B Engine Cylinder Head Cylinder Block Piston set Engine Oil Cooler Diesel Hand Primer Fuel Gauge Sender Unit Injector Pump Diesel Fuel Pump Injector Pump Turbo Radiator Water Pump Engine Belt Thermostat Engine Stop Selenoid Lamps Electronic Control Unit Shaft [&hellip;]\" \/>\n<meta property=\"og:url\" content=\"https:\/\/eyli.com.tr\/volvo-beko-loder\/\" \/>\n<meta property=\"og:site_name\" content=\"Eyli \u0130\u015f Makineleri\" \/>\n<meta property=\"article:publisher\" content=\"https:\/\/www.facebook.com\/eylicomtr\" \/>\n<meta property=\"article:modified_time\" content=\"2016-10-18T09:20:35+00:00\" \/>\n<meta property=\"og:image\" content=\"http:\/\/eyli.com.tr\/wp-content\/uploads\/2016\/02\/BL60.jpg\" \/>\n<meta name=\"twitter:card\" content=\"summary_large_image\" \/>\n<meta name=\"twitter:label1\" content=\"Est. reading time\" \/>\n\t<meta name=\"twitter:data1\" content=\"2 minutes\" \/>\n<script type=\"application\/ld+json\" class=\"yoast-schema-graph\">{\"@context\":\"https:\/\/schema.org\",\"@graph\":[{\"@type\":\"WebPage\",\"@id\":\"https:\/\/eyli.com.tr\/volvo-beko-loder\/\",\"url\":\"https:\/\/eyli.com.tr\/volvo-beko-loder\/\",\"name\":\"Volvo Beko Loder Yedek Par\u00e7alar\u0131, Beko Loder Yedek Par\u00e7a\",\"isPartOf\":{\"@id\":\"https:\/\/eyli.com.tr\/#website\"},\"primaryImageOfPage\":{\"@id\":\"https:\/\/eyli.com.tr\/volvo-beko-loder\/#primaryimage\"},\"image\":{\"@id\":\"https:\/\/eyli.com.tr\/volvo-beko-loder\/#primaryimage\"},\"thumbnailUrl\":\"http:\/\/eyli.com.tr\/wp-content\/uploads\/2016\/02\/BL60.jpg\",\"datePublished\":\"2016-02-26T00:15:13+00:00\",\"dateModified\":\"2016-10-18T09:20:35+00:00\",\"breadcrumb\":{\"@id\":\"https:\/\/eyli.com.tr\/volvo-beko-loder\/#breadcrumb\"},\"inLanguage\":\"en-US\",\"potentialAction\":[{\"@type\":\"ReadAction\",\"target\":[\"https:\/\/eyli.com.tr\/volvo-beko-loder\/\"]}]},{\"@type\":\"ImageObject\",\"inLanguage\":\"en-US\",\"@id\":\"https:\/\/eyli.com.tr\/volvo-beko-loder\/#primaryimage\",\"url\":\"http:\/\/eyli.com.tr\/wp-content\/uploads\/2016\/02\/BL60.jpg\",\"contentUrl\":\"http:\/\/eyli.com.tr\/wp-content\/uploads\/2016\/02\/BL60.jpg\"},{\"@type\":\"BreadcrumbList\",\"@id\":\"https:\/\/eyli.com.tr\/volvo-beko-loder\/#breadcrumb\",\"itemListElement\":[{\"@type\":\"ListItem\",\"position\":1,\"name\":\"Ana sayfa\",\"item\":\"https:\/\/eyli.com.tr\/\"},{\"@type\":\"ListItem\",\"position\":2,\"name\":\"Volvo Beko Loder\"}]},{\"@type\":\"WebSite\",\"@id\":\"https:\/\/eyli.com.tr\/#website\",\"url\":\"https:\/\/eyli.com.tr\/\",\"name\":\"Eyli \u0130\u015f Makineleri\",\"description\":\"\",\"publisher\":{\"@id\":\"https:\/\/eyli.com.tr\/#organization\"},\"potentialAction\":[{\"@type\":\"SearchAction\",\"target\":{\"@type\":\"EntryPoint\",\"urlTemplate\":\"https:\/\/eyli.com.tr\/?s={search_term_string}\"},\"query-input\":{\"@type\":\"PropertyValueSpecification\",\"valueRequired\":true,\"valueName\":\"search_term_string\"}}],\"inLanguage\":\"en-US\"},{\"@type\":\"Organization\",\"@id\":\"https:\/\/eyli.com.tr\/#organization\",\"name\":\"Eyli \u0130\u015f Makineleri\",\"url\":\"https:\/\/eyli.com.tr\/\",\"logo\":{\"@type\":\"ImageObject\",\"inLanguage\":\"en-US\",\"@id\":\"https:\/\/eyli.com.tr\/#\/schema\/logo\/image\/\",\"url\":\"https:\/\/eyli.com.tr\/wp-content\/uploads\/2020\/04\/WhatsApp-Image-2020-04-23-at-03.11.52-e1587829137284.jpeg\",\"contentUrl\":\"https:\/\/eyli.com.tr\/wp-content\/uploads\/2020\/04\/WhatsApp-Image-2020-04-23-at-03.11.52-e1587829137284.jpeg\",\"width\":1600,\"height\":900,\"caption\":\"Eyli \u0130\u015f Makineleri\"},\"image\":{\"@id\":\"https:\/\/eyli.com.tr\/#\/schema\/logo\/image\/\"},\"sameAs\":[\"https:\/\/www.facebook.com\/eylicomtr\"]}]}<\/script>\n<!-- \/ Yoast SEO plugin. -->","yoast_head_json":{"title":"Volvo Beko Loder Yedek Par\u00e7alar\u0131, Beko Loder Yedek Par\u00e7a","robots":{"index":"index","follow":"follow","max-snippet":"max-snippet:-1","max-image-preview":"max-image-preview:large","max-video-preview":"max-video-preview:-1"},"canonical":"https:\/\/eyli.com.tr\/volvo-beko-loder\/","og_locale":"en_US","og_type":"article","og_title":"Volvo Beko Loder Yedek Par\u00e7alar\u0131, Beko Loder Yedek Par\u00e7a","og_description":"\u00a0 Model Spare Parts BL60 BL60B BL61 BL61 PLUS BL61B BL70 BL70B BL71 BL71 PLUS BL71B Engine Cylinder Head Cylinder Block Piston set Engine Oil Cooler Diesel Hand Primer Fuel Gauge Sender Unit Injector Pump Diesel Fuel Pump Injector Pump Turbo Radiator Water Pump Engine Belt Thermostat Engine Stop Selenoid Lamps Electronic Control Unit Shaft [&hellip;]","og_url":"https:\/\/eyli.com.tr\/volvo-beko-loder\/","og_site_name":"Eyli \u0130\u015f Makineleri","article_publisher":"https:\/\/www.facebook.com\/eylicomtr","article_modified_time":"2016-10-18T09:20:35+00:00","og_image":[{"url":"http:\/\/eyli.com.tr\/wp-content\/uploads\/2016\/02\/BL60.jpg","type":"","width":"","height":""}],"twitter_card":"summary_large_image","twitter_misc":{"Est. reading time":"2 minutes"},"schema":{"@context":"https:\/\/schema.org","@graph":[{"@type":"WebPage","@id":"https:\/\/eyli.com.tr\/volvo-beko-loder\/","url":"https:\/\/eyli.com.tr\/volvo-beko-loder\/","name":"Volvo Beko Loder Yedek Par\u00e7alar\u0131, Beko Loder Yedek Par\u00e7a","isPartOf":{"@id":"https:\/\/eyli.com.tr\/#website"},"primaryImageOfPage":{"@id":"https:\/\/eyli.com.tr\/volvo-beko-loder\/#primaryimage"},"image":{"@id":"https:\/\/eyli.com.tr\/volvo-beko-loder\/#primaryimage"},"thumbnailUrl":"http:\/\/eyli.com.tr\/wp-content\/uploads\/2016\/02\/BL60.jpg","datePublished":"2016-02-26T00:15:13+00:00","dateModified":"2016-10-18T09:20:35+00:00","breadcrumb":{"@id":"https:\/\/eyli.com.tr\/volvo-beko-loder\/#breadcrumb"},"inLanguage":"en-US","potentialAction":[{"@type":"ReadAction","target":["https:\/\/eyli.com.tr\/volvo-beko-loder\/"]}]},{"@type":"ImageObject","inLanguage":"en-US","@id":"https:\/\/eyli.com.tr\/volvo-beko-loder\/#primaryimage","url":"http:\/\/eyli.com.tr\/wp-content\/uploads\/2016\/02\/BL60.jpg","contentUrl":"http:\/\/eyli.com.tr\/wp-content\/uploads\/2016\/02\/BL60.jpg"},{"@type":"BreadcrumbList","@id":"https:\/\/eyli.com.tr\/volvo-beko-loder\/#breadcrumb","itemListElement":[{"@type":"ListItem","position":1,"name":"Ana sayfa","item":"https:\/\/eyli.com.tr\/"},{"@type":"ListItem","position":2,"name":"Volvo Beko Loder"}]},{"@type":"WebSite","@id":"https:\/\/eyli.com.tr\/#website","url":"https:\/\/eyli.com.tr\/","name":"Eyli \u0130\u015f Makineleri","description":"","publisher":{"@id":"https:\/\/eyli.com.tr\/#organization"},"potentialAction":[{"@type":"SearchAction","target":{"@type":"EntryPoint","urlTemplate":"https:\/\/eyli.com.tr\/?s={search_term_string}"},"query-input":{"@type":"PropertyValueSpecification","valueRequired":true,"valueName":"search_term_string"}}],"inLanguage":"en-US"},{"@type":"Organization","@id":"https:\/\/eyli.com.tr\/#organization","name":"Eyli \u0130\u015f Makineleri","url":"https:\/\/eyli.com.tr\/","logo":{"@type":"ImageObject","inLanguage":"en-US","@id":"https:\/\/eyli.com.tr\/#\/schema\/logo\/image\/","url":"https:\/\/eyli.com.tr\/wp-content\/uploads\/2020\/04\/WhatsApp-Image-2020-04-23-at-03.11.52-e1587829137284.jpeg","contentUrl":"https:\/\/eyli.com.tr\/wp-content\/uploads\/2020\/04\/WhatsApp-Image-2020-04-23-at-03.11.52-e1587829137284.jpeg","width":1600,"height":900,"caption":"Eyli \u0130\u015f Makineleri"},"image":{"@id":"https:\/\/eyli.com.tr\/#\/schema\/logo\/image\/"},"sameAs":["https:\/\/www.facebook.com\/eylicomtr"]}]}},"_links":{"self":[{"href":"https:\/\/eyli.com.tr\/en\/wp-json\/wp\/v2\/pages\/129","targetHints":{"allow":["GET"]}}],"collection":[{"href":"https:\/\/eyli.com.tr\/en\/wp-json\/wp\/v2\/pages"}],"about":[{"href":"https:\/\/eyli.com.tr\/en\/wp-json\/wp\/v2\/types\/page"}],"author":[{"embeddable":true,"href":"https:\/\/eyli.com.tr\/en\/wp-json\/wp\/v2\/users\/1"}],"replies":[{"embeddable":true,"href":"https:\/\/eyli.com.tr\/en\/wp-json\/wp\/v2\/comments?post=129"}],"version-history":[{"count":57,"href":"https:\/\/eyli.com.tr\/en\/wp-json\/wp\/v2\/pages\/129\/revisions"}],"predecessor-version":[{"id":1768,"href":"https:\/\/eyli.com.tr\/en\/wp-json\/wp\/v2\/pages\/129\/revisions\/1768"}],"wp:attachment":[{"href":"https:\/\/eyli.com.tr\/en\/wp-json\/wp\/v2\/media?parent=129"}],"curies":[{"name":"wp","href":"https:\/\/api.w.org\/{rel}","templated":true}]}}