{"id":1219,"date":"2016-05-21T11:03:34","date_gmt":"2016-05-21T08:03:34","guid":{"rendered":"http:\/\/eyli.com.tr\/?page_id=1219"},"modified":"2016-08-31T17:17:02","modified_gmt":"2016-08-31T14:17:02","slug":"volvo-yeni-f-serisi-kaya-kamyonlarini-sunar","status":"publish","type":"page","link":"https:\/\/eyli.com.tr\/en\/volvo-yeni-f-serisi-kaya-kamyonlarini-sunar\/","title":{"rendered":"Volvo yeni F serisi kaya kamyonlar\u0131n\u0131 sunar"},"content":{"rendered":"<div class=\"embed-responsive embed-responsive-16by9 index-img\"><iframe loading=\"lazy\" class=\"embed-responsive-item\" src=\"https:\/\/www.youtube.com\/embed\/L0f8859kE-c\" width=\"300\" height=\"150\" frameborder=\"0\" allowfullscreen=\"allowfullscreen\"><\/iframe><\/div>\n<p>&nbsp;<\/p>\n<p>D\u00fcnyan\u0131n en iyi belden k\u0131rmal\u0131 <strong>kaya\u00a0kamyonu<\/strong> \u015fimdi daha da iyi. <em>Volvo yeni F serisi kaya<\/em>\u00a0kamyonlar\u0131n\u0131 sunar. Bu ara\u00e7lar en zorlu ko\u015fullarda en \u00e7etin uygulamalar\u0131 sizin i\u00e7in verimli bir \u015fekilde yapacaklard\u0131r. Volvonun F serisi ara\u00e7lar\u0131 i\u015finizi geli\u015ftirmeniz i\u00e7in tasarlanm\u0131\u015ft\u0131r. Konfor, kullan\u0131m kolayl\u0131\u011f\u0131, yak\u0131t tasarrufu ve karl\u0131l\u0131k sunarlar. EN optimal performans ve dayan\u0131kl\u0131l\u0131k i\u00e7in F serisi ara\u00e7lar %100 kilitlenebilen diferansiyellere ve servis gerektirmeyen s\u00fcspansiyonlara sahiptir. Art\u0131k t\u00fcm F serisi otomatik \u00e7eki\u015f kontrol\u00fcne (ATC) standart donan\u0131m olarak sahiptir. ATC sistemi optimum s\u00fcr\u00fc\u015f modunu ara\u00e7 hareket halindeyken yol durumuna devreye sokar veya devreden \u00e7\u0131kar\u0131r ve de bu sayede operat\u00f6re kullan\u0131m kolayl\u0131\u011f\u0131 sa\u011flar. Bu sistem daha iyi tutunma, off road kabiliyeti, karl\u0131l\u0131k daha p\u00fcr\u00fczs\u00fcz kullan\u0131m, daha d\u00fc\u015f\u00fck yak\u0131t tasarrufu ve daha d\u00fc\u015f\u00fck lastiksel a\u015f\u0131nma sa\u011flamaktad\u0131r. Rafine dilmi\u015f ve geli\u015ftirilmi\u015f Volvo aktarma sistemi, Volvo Mafsall\u0131 Kamyonlara tam uygundur. Her h\u0131zda y\u00fcksek \u00e7eki\u015fe olanak tan\u0131r. Bu da d\u00fc\u015f\u00fck g\u00fc\u00e7 kayb\u0131 ile verimlilik anlam\u0131na gelmektedir. Dolay\u0131s\u0131 ile azalan yak\u0131t t\u00fcketimi ton ba\u015f\u0131na ta\u015f\u0131ma maliyetini k\u0131smaktad\u0131r. Aktarma sisteminin her bir par\u00e7as\u0131 bir di\u011feri ile m\u00fckemmel bir ahenk olu\u015fturacak \u015fekilde tasarlanm\u0131\u015f ve \u00fcretilmi\u015ftir. Sonu\u00e7 optimal performans ve p\u00fcr\u00fczs\u00fcz bir i\u015fletimdir. F serisinin aktarma sisteminin hayati par\u00e7as\u0131 yeni Volvo motorlard\u0131r. Bu motorlar uzun bir hizmet s\u00fcresine sahipken en yeni emisyon standartlar\u0131na da uymaktad\u0131rlar. Daha y\u00fcksek g\u00fc\u00e7 ve tork sa\u011flayan bu motorlar ayn\u0131 zamanda yak\u0131t tasarrufu da sa\u011flar. Egzos filtre temizlemesi, operasyon s\u0131ras\u0131nda yap\u0131l\u0131r bu da verimlili\u011fi maksimize eder. Volvonun e\u015fsiz dengeleyici hidro mekanik direksiyon sistemi kamyonu her durumda en hassas \u015fekilde kullanmaya olanak vermektedir. S\u00fcr\u00fc\u015f y\u00fcksek h\u0131zlarda \u00e7abuk tepki verirken of road ko\u015fullar\u0131nda g\u00fc\u00e7 sa\u011flar. Volvonun g\u00fc\u00e7l\u00fc ve kolay kontrol edilebilen bo\u015faltma sistemi her uygulamada kullan\u0131labilir. Y\u00fck\u00fcn tam olarak istenilen yere bo\u015falt\u0131lmas\u0131na olanak verir. F serisinde operat\u00f6r, bo\u015faltma a\u00e7\u0131s\u0131n\u0131 tam olarak ayarlayabilir.Bu da bo\u015faltma \u00fczerinde m\u00fckemmel kontrol sa\u011flar. y\u00fck ve bo\u015faltma freni vitesi bo\u015fa al\u0131r ve bir tu\u015fla devreye girer. Bu sistem operat\u00f6r\u00fcn i\u015f y\u00fck\u00fcn\u00fc azalt\u0131r dolay\u0131s\u0131 ile yorgunlu\u011fa yol a\u00e7maz, g\u00fcvenlik ve verimlilik unsurlar\u0131n\u0131 g\u00fc\u00e7lendirir. Bu seviyedeki bir arac\u0131n ayn\u0131 seviyede de bir operat\u00f6r \u00e7al\u0131\u015fma ortam\u0131 sunmas\u0131 gerekmektedir. Dolay\u0131s\u0131 ile Volvo A35F ve A30F serisi ara\u00e7larda standart olarak gaz l\u0131 hidrolik \u00f6n aks s\u00fcspansiyon sistemi bulunur. Kabin, operat\u00f6r\u00fcn konfor ve g\u00fcvenli\u011fini artt\u0131rmaktad\u0131r. Elektronik klima sistemi ve elektrikli aynalar yeni kabine dahil edilmi\u015ftir. Daha iyi arka ve \u00f6n g\u00f6r\u00fc\u015f ile birlikte tamam\u0131 cam olan kap\u0131 operat\u00f6re tam arka g\u00f6r\u00fc\u015f sa\u011flar. Ara\u00e7 i\u00e7i elektronik ileti\u015fim sistemi, kullan\u0131c\u0131 dostu ara y\u00fcz\u00fc sayesinde arac\u0131n i\u015flevleri ve sistemleri ile ilgili bilgi sa\u011flar. Bu ergonomik ve konforlu \u00e7al\u0131\u015fma ortam\u0131nda operat\u00f6r, vardiya boyunca en y\u00fcksek verimi verecektir. F serisi kamyonlar\u0131n tam s\u00fcspansiyon versiyonlar\u0131 d\u00fcz olmayan yollarda dolu ya da bo\u015fken tam h\u0131zda \u00e7al\u0131\u015fma imkan\u0131 sa\u011flar. Volvo belden k\u0131rmal\u0131 y\u00fck kaya kamyonlar\u0131 \u00e7ok fazla servis gerektirmeyen ara\u00e7lar olarak bilinirler. Bu husus yeni F serisinde daha da geli\u015ftirilmi\u015ftir. Buna en iyi \u00f6rnek servis veya ya\u011flama gerektirmeyen, ara ba\u011flant\u0131 par\u00e7as\u0131 yatakl\u0131 rulmanlar\u0131d\u0131r. A\u00e7\u0131labilen \u00f6n \u0131zgara ve entegre merdivenin yan\u0131nda arkaya yatan \u00f6n kaput motor b\u00f6l\u00fcm\u00fcne kolay eri\u015fim sunar. <em><strong>Volvo i\u015f makineleri<\/strong><\/em> ara\u00e7lar\u0131, korunakl\u0131 bir internet sitesinde saklanan ve servis, \u00e7al\u0131\u015fma s\u00fcresi gibi bilgileri birbirleri ile payla\u015fan bir sisteme sahiptir.<\/p>\n","protected":false},"excerpt":{"rendered":"<p>&nbsp; D\u00fcnyan\u0131n en iyi belden k\u0131rmal\u0131 kaya\u00a0kamyonu \u015fimdi daha da iyi. Volvo yeni F serisi kaya\u00a0kamyonlar\u0131n\u0131 sunar. Bu ara\u00e7lar en zorlu ko\u015fullarda en \u00e7etin uygulamalar\u0131 sizin i\u00e7in verimli bir \u015fekilde yapacaklard\u0131r. Volvonun F serisi ara\u00e7lar\u0131 i\u015finizi geli\u015ftirmeniz i\u00e7in tasarlanm\u0131\u015ft\u0131r. Konfor, kullan\u0131m kolayl\u0131\u011f\u0131, yak\u0131t tasarrufu ve karl\u0131l\u0131k sunarlar. EN optimal performans ve dayan\u0131kl\u0131l\u0131k i\u00e7in F serisi [&hellip;]<\/p>\n","protected":false},"author":1,"featured_media":0,"parent":0,"menu_order":0,"comment_status":"closed","ping_status":"closed","template":"page-fullwidth.php","meta":{"footnotes":""},"class_list":["post-1219","page","type-page","status-publish","hentry"],"yoast_head":"<!-- This site is optimized with the Yoast SEO plugin v26.8 - https:\/\/yoast.com\/product\/yoast-seo-wordpress\/ -->\n<title>Volvo yeni F serisi kaya kamyonlar\u0131n\u0131 sunar - Eyli \u0130\u015f Makineleri<\/title>\n<meta name=\"robots\" content=\"index, follow, max-snippet:-1, max-image-preview:large, max-video-preview:-1\" \/>\n<link rel=\"canonical\" href=\"https:\/\/eyli.com.tr\/volvo-yeni-f-serisi-kaya-kamyonlarini-sunar\/\" \/>\n<meta property=\"og:locale\" content=\"en_US\" \/>\n<meta property=\"og:type\" content=\"article\" \/>\n<meta property=\"og:title\" content=\"Volvo yeni F serisi kaya kamyonlar\u0131n\u0131 sunar - Eyli \u0130\u015f Makineleri\" \/>\n<meta property=\"og:description\" content=\"&nbsp; D\u00fcnyan\u0131n en iyi belden k\u0131rmal\u0131 kaya\u00a0kamyonu \u015fimdi daha da iyi. Volvo yeni F serisi kaya\u00a0kamyonlar\u0131n\u0131 sunar. Bu ara\u00e7lar en zorlu ko\u015fullarda en \u00e7etin uygulamalar\u0131 sizin i\u00e7in verimli bir \u015fekilde yapacaklard\u0131r. Volvonun F serisi ara\u00e7lar\u0131 i\u015finizi geli\u015ftirmeniz i\u00e7in tasarlanm\u0131\u015ft\u0131r. Konfor, kullan\u0131m kolayl\u0131\u011f\u0131, yak\u0131t tasarrufu ve karl\u0131l\u0131k sunarlar. EN optimal performans ve dayan\u0131kl\u0131l\u0131k i\u00e7in F serisi [&hellip;]\" \/>\n<meta property=\"og:url\" content=\"https:\/\/eyli.com.tr\/volvo-yeni-f-serisi-kaya-kamyonlarini-sunar\/\" \/>\n<meta property=\"og:site_name\" content=\"Eyli \u0130\u015f Makineleri\" \/>\n<meta property=\"article:publisher\" content=\"https:\/\/www.facebook.com\/eylicomtr\" \/>\n<meta property=\"article:modified_time\" content=\"2016-08-31T14:17:02+00:00\" \/>\n<meta name=\"twitter:card\" content=\"summary_large_image\" \/>\n<meta name=\"twitter:label1\" content=\"Est. reading time\" \/>\n\t<meta name=\"twitter:data1\" content=\"3 minutes\" \/>\n<script type=\"application\/ld+json\" class=\"yoast-schema-graph\">{\"@context\":\"https:\/\/schema.org\",\"@graph\":[{\"@type\":\"WebPage\",\"@id\":\"https:\/\/eyli.com.tr\/volvo-yeni-f-serisi-kaya-kamyonlarini-sunar\/\",\"url\":\"https:\/\/eyli.com.tr\/volvo-yeni-f-serisi-kaya-kamyonlarini-sunar\/\",\"name\":\"Volvo yeni F serisi kaya kamyonlar\u0131n\u0131 sunar - Eyli \u0130\u015f Makineleri\",\"isPartOf\":{\"@id\":\"https:\/\/eyli.com.tr\/#website\"},\"datePublished\":\"2016-05-21T08:03:34+00:00\",\"dateModified\":\"2016-08-31T14:17:02+00:00\",\"breadcrumb\":{\"@id\":\"https:\/\/eyli.com.tr\/volvo-yeni-f-serisi-kaya-kamyonlarini-sunar\/#breadcrumb\"},\"inLanguage\":\"en-US\",\"potentialAction\":[{\"@type\":\"ReadAction\",\"target\":[\"https:\/\/eyli.com.tr\/volvo-yeni-f-serisi-kaya-kamyonlarini-sunar\/\"]}]},{\"@type\":\"BreadcrumbList\",\"@id\":\"https:\/\/eyli.com.tr\/volvo-yeni-f-serisi-kaya-kamyonlarini-sunar\/#breadcrumb\",\"itemListElement\":[{\"@type\":\"ListItem\",\"position\":1,\"name\":\"Ana sayfa\",\"item\":\"https:\/\/eyli.com.tr\/\"},{\"@type\":\"ListItem\",\"position\":2,\"name\":\"Volvo yeni F serisi kaya kamyonlar\u0131n\u0131 sunar\"}]},{\"@type\":\"WebSite\",\"@id\":\"https:\/\/eyli.com.tr\/#website\",\"url\":\"https:\/\/eyli.com.tr\/\",\"name\":\"Eyli \u0130\u015f Makineleri\",\"description\":\"\",\"publisher\":{\"@id\":\"https:\/\/eyli.com.tr\/#organization\"},\"potentialAction\":[{\"@type\":\"SearchAction\",\"target\":{\"@type\":\"EntryPoint\",\"urlTemplate\":\"https:\/\/eyli.com.tr\/?s={search_term_string}\"},\"query-input\":{\"@type\":\"PropertyValueSpecification\",\"valueRequired\":true,\"valueName\":\"search_term_string\"}}],\"inLanguage\":\"en-US\"},{\"@type\":\"Organization\",\"@id\":\"https:\/\/eyli.com.tr\/#organization\",\"name\":\"Eyli \u0130\u015f Makineleri\",\"url\":\"https:\/\/eyli.com.tr\/\",\"logo\":{\"@type\":\"ImageObject\",\"inLanguage\":\"en-US\",\"@id\":\"https:\/\/eyli.com.tr\/#\/schema\/logo\/image\/\",\"url\":\"https:\/\/eyli.com.tr\/wp-content\/uploads\/2020\/04\/WhatsApp-Image-2020-04-23-at-03.11.52-e1587829137284.jpeg\",\"contentUrl\":\"https:\/\/eyli.com.tr\/wp-content\/uploads\/2020\/04\/WhatsApp-Image-2020-04-23-at-03.11.52-e1587829137284.jpeg\",\"width\":1600,\"height\":900,\"caption\":\"Eyli \u0130\u015f Makineleri\"},\"image\":{\"@id\":\"https:\/\/eyli.com.tr\/#\/schema\/logo\/image\/\"},\"sameAs\":[\"https:\/\/www.facebook.com\/eylicomtr\"]}]}<\/script>\n<!-- \/ Yoast SEO plugin. -->","yoast_head_json":{"title":"Volvo yeni F serisi kaya kamyonlar\u0131n\u0131 sunar - Eyli \u0130\u015f Makineleri","robots":{"index":"index","follow":"follow","max-snippet":"max-snippet:-1","max-image-preview":"max-image-preview:large","max-video-preview":"max-video-preview:-1"},"canonical":"https:\/\/eyli.com.tr\/volvo-yeni-f-serisi-kaya-kamyonlarini-sunar\/","og_locale":"en_US","og_type":"article","og_title":"Volvo yeni F serisi kaya kamyonlar\u0131n\u0131 sunar - Eyli \u0130\u015f Makineleri","og_description":"&nbsp; D\u00fcnyan\u0131n en iyi belden k\u0131rmal\u0131 kaya\u00a0kamyonu \u015fimdi daha da iyi. Volvo yeni F serisi kaya\u00a0kamyonlar\u0131n\u0131 sunar. Bu ara\u00e7lar en zorlu ko\u015fullarda en \u00e7etin uygulamalar\u0131 sizin i\u00e7in verimli bir \u015fekilde yapacaklard\u0131r. Volvonun F serisi ara\u00e7lar\u0131 i\u015finizi geli\u015ftirmeniz i\u00e7in tasarlanm\u0131\u015ft\u0131r. Konfor, kullan\u0131m kolayl\u0131\u011f\u0131, yak\u0131t tasarrufu ve karl\u0131l\u0131k sunarlar. EN optimal performans ve dayan\u0131kl\u0131l\u0131k i\u00e7in F serisi [&hellip;]","og_url":"https:\/\/eyli.com.tr\/volvo-yeni-f-serisi-kaya-kamyonlarini-sunar\/","og_site_name":"Eyli \u0130\u015f Makineleri","article_publisher":"https:\/\/www.facebook.com\/eylicomtr","article_modified_time":"2016-08-31T14:17:02+00:00","twitter_card":"summary_large_image","twitter_misc":{"Est. reading time":"3 minutes"},"schema":{"@context":"https:\/\/schema.org","@graph":[{"@type":"WebPage","@id":"https:\/\/eyli.com.tr\/volvo-yeni-f-serisi-kaya-kamyonlarini-sunar\/","url":"https:\/\/eyli.com.tr\/volvo-yeni-f-serisi-kaya-kamyonlarini-sunar\/","name":"Volvo yeni F serisi kaya kamyonlar\u0131n\u0131 sunar - Eyli \u0130\u015f Makineleri","isPartOf":{"@id":"https:\/\/eyli.com.tr\/#website"},"datePublished":"2016-05-21T08:03:34+00:00","dateModified":"2016-08-31T14:17:02+00:00","breadcrumb":{"@id":"https:\/\/eyli.com.tr\/volvo-yeni-f-serisi-kaya-kamyonlarini-sunar\/#breadcrumb"},"inLanguage":"en-US","potentialAction":[{"@type":"ReadAction","target":["https:\/\/eyli.com.tr\/volvo-yeni-f-serisi-kaya-kamyonlarini-sunar\/"]}]},{"@type":"BreadcrumbList","@id":"https:\/\/eyli.com.tr\/volvo-yeni-f-serisi-kaya-kamyonlarini-sunar\/#breadcrumb","itemListElement":[{"@type":"ListItem","position":1,"name":"Ana sayfa","item":"https:\/\/eyli.com.tr\/"},{"@type":"ListItem","position":2,"name":"Volvo yeni F serisi kaya kamyonlar\u0131n\u0131 sunar"}]},{"@type":"WebSite","@id":"https:\/\/eyli.com.tr\/#website","url":"https:\/\/eyli.com.tr\/","name":"Eyli \u0130\u015f Makineleri","description":"","publisher":{"@id":"https:\/\/eyli.com.tr\/#organization"},"potentialAction":[{"@type":"SearchAction","target":{"@type":"EntryPoint","urlTemplate":"https:\/\/eyli.com.tr\/?s={search_term_string}"},"query-input":{"@type":"PropertyValueSpecification","valueRequired":true,"valueName":"search_term_string"}}],"inLanguage":"en-US"},{"@type":"Organization","@id":"https:\/\/eyli.com.tr\/#organization","name":"Eyli \u0130\u015f Makineleri","url":"https:\/\/eyli.com.tr\/","logo":{"@type":"ImageObject","inLanguage":"en-US","@id":"https:\/\/eyli.com.tr\/#\/schema\/logo\/image\/","url":"https:\/\/eyli.com.tr\/wp-content\/uploads\/2020\/04\/WhatsApp-Image-2020-04-23-at-03.11.52-e1587829137284.jpeg","contentUrl":"https:\/\/eyli.com.tr\/wp-content\/uploads\/2020\/04\/WhatsApp-Image-2020-04-23-at-03.11.52-e1587829137284.jpeg","width":1600,"height":900,"caption":"Eyli \u0130\u015f Makineleri"},"image":{"@id":"https:\/\/eyli.com.tr\/#\/schema\/logo\/image\/"},"sameAs":["https:\/\/www.facebook.com\/eylicomtr"]}]}},"_links":{"self":[{"href":"https:\/\/eyli.com.tr\/en\/wp-json\/wp\/v2\/pages\/1219","targetHints":{"allow":["GET"]}}],"collection":[{"href":"https:\/\/eyli.com.tr\/en\/wp-json\/wp\/v2\/pages"}],"about":[{"href":"https:\/\/eyli.com.tr\/en\/wp-json\/wp\/v2\/types\/page"}],"author":[{"embeddable":true,"href":"https:\/\/eyli.com.tr\/en\/wp-json\/wp\/v2\/users\/1"}],"replies":[{"embeddable":true,"href":"https:\/\/eyli.com.tr\/en\/wp-json\/wp\/v2\/comments?post=1219"}],"version-history":[{"count":2,"href":"https:\/\/eyli.com.tr\/en\/wp-json\/wp\/v2\/pages\/1219\/revisions"}],"predecessor-version":[{"id":1241,"href":"https:\/\/eyli.com.tr\/en\/wp-json\/wp\/v2\/pages\/1219\/revisions\/1241"}],"wp:attachment":[{"href":"https:\/\/eyli.com.tr\/en\/wp-json\/wp\/v2\/media?parent=1219"}],"curies":[{"name":"wp","href":"https:\/\/api.w.org\/{rel}","templated":true}]}}