{"id":1215,"date":"2016-05-22T22:42:29","date_gmt":"2016-05-22T19:42:29","guid":{"rendered":"http:\/\/eyli.com.tr\/?page_id=1215"},"modified":"2016-05-22T22:42:29","modified_gmt":"2016-05-22T19:42:29","slug":"volvo-a40f-serisi-yuk-kamyonlari","status":"publish","type":"page","link":"https:\/\/eyli.com.tr\/en\/volvo-a40f-serisi-yuk-kamyonlari\/","title":{"rendered":"Volvo A40F serisi y\u00fck kamyonlar\u0131"},"content":{"rendered":"<div class=\"embed-responsive embed-responsive-16by9 index-img\"><iframe loading=\"lazy\" class=\"embed-responsive-item\" src=\"https:\/\/www.youtube.com\/embed\/W6eNKJgl1dU\" width=\"300\" height=\"150\" frameborder=\"0\" allowfullscreen=\"allowfullscreen\"><\/iframe><\/div>\n<p>&nbsp;<\/p>\n<p>Volvo A40F serisi y\u00fck kamyonlar\u0131 \u00f6zel s\u00fcspansiyon sistemleri sayesinde yol ge\u00e7i\u015flerinde rahats\u0131zl\u0131k vermez, g\u00fcvenli\u011fi riske atmaz. Y\u00fcksek h\u0131zlarda bile g\u00fcvenli bir \u015fekilde tam y\u00fck ta\u015f\u0131mas\u0131na olanak verir dolay\u0131s\u0131 ile de verimlili\u011fi ve karl\u0131l\u0131\u011f\u0131 artt\u0131r\u0131r.<\/p>\n","protected":false},"excerpt":{"rendered":"<p>&nbsp; Volvo A40F serisi y\u00fck kamyonlar\u0131 \u00f6zel s\u00fcspansiyon sistemleri sayesinde yol ge\u00e7i\u015flerinde rahats\u0131zl\u0131k vermez, g\u00fcvenli\u011fi riske atmaz. Y\u00fcksek h\u0131zlarda bile g\u00fcvenli bir \u015fekilde tam y\u00fck ta\u015f\u0131mas\u0131na olanak verir dolay\u0131s\u0131 ile de verimlili\u011fi ve karl\u0131l\u0131\u011f\u0131 artt\u0131r\u0131r.<\/p>\n","protected":false},"author":1,"featured_media":0,"parent":0,"menu_order":0,"comment_status":"closed","ping_status":"closed","template":"page-fullwidth.php","meta":{"footnotes":""},"class_list":["post-1215","page","type-page","status-publish","hentry"],"yoast_head":"<!-- This site is optimized with the Yoast SEO plugin v26.8 - https:\/\/yoast.com\/product\/yoast-seo-wordpress\/ -->\n<title>Volvo A40F serisi y\u00fck kamyonlar\u0131 - Eyli \u0130\u015f Makineleri<\/title>\n<meta name=\"robots\" content=\"index, follow, max-snippet:-1, max-image-preview:large, max-video-preview:-1\" \/>\n<link rel=\"canonical\" href=\"https:\/\/eyli.com.tr\/volvo-a40f-serisi-yuk-kamyonlari\/\" \/>\n<meta property=\"og:locale\" content=\"en_US\" \/>\n<meta property=\"og:type\" content=\"article\" \/>\n<meta property=\"og:title\" content=\"Volvo A40F serisi y\u00fck kamyonlar\u0131 - Eyli \u0130\u015f Makineleri\" \/>\n<meta property=\"og:description\" content=\"&nbsp; Volvo A40F serisi y\u00fck kamyonlar\u0131 \u00f6zel s\u00fcspansiyon sistemleri sayesinde yol ge\u00e7i\u015flerinde rahats\u0131zl\u0131k vermez, g\u00fcvenli\u011fi riske atmaz. Y\u00fcksek h\u0131zlarda bile g\u00fcvenli bir \u015fekilde tam y\u00fck ta\u015f\u0131mas\u0131na olanak verir dolay\u0131s\u0131 ile de verimlili\u011fi ve karl\u0131l\u0131\u011f\u0131 artt\u0131r\u0131r.\" \/>\n<meta property=\"og:url\" content=\"https:\/\/eyli.com.tr\/volvo-a40f-serisi-yuk-kamyonlari\/\" \/>\n<meta property=\"og:site_name\" content=\"Eyli \u0130\u015f Makineleri\" \/>\n<meta property=\"article:publisher\" content=\"https:\/\/www.facebook.com\/eylicomtr\" \/>\n<meta name=\"twitter:card\" content=\"summary_large_image\" \/>\n<script type=\"application\/ld+json\" class=\"yoast-schema-graph\">{\"@context\":\"https:\/\/schema.org\",\"@graph\":[{\"@type\":\"WebPage\",\"@id\":\"https:\/\/eyli.com.tr\/volvo-a40f-serisi-yuk-kamyonlari\/\",\"url\":\"https:\/\/eyli.com.tr\/volvo-a40f-serisi-yuk-kamyonlari\/\",\"name\":\"Volvo A40F serisi y\u00fck kamyonlar\u0131 - Eyli \u0130\u015f Makineleri\",\"isPartOf\":{\"@id\":\"https:\/\/eyli.com.tr\/#website\"},\"datePublished\":\"2016-05-22T19:42:29+00:00\",\"breadcrumb\":{\"@id\":\"https:\/\/eyli.com.tr\/volvo-a40f-serisi-yuk-kamyonlari\/#breadcrumb\"},\"inLanguage\":\"en-US\",\"potentialAction\":[{\"@type\":\"ReadAction\",\"target\":[\"https:\/\/eyli.com.tr\/volvo-a40f-serisi-yuk-kamyonlari\/\"]}]},{\"@type\":\"BreadcrumbList\",\"@id\":\"https:\/\/eyli.com.tr\/volvo-a40f-serisi-yuk-kamyonlari\/#breadcrumb\",\"itemListElement\":[{\"@type\":\"ListItem\",\"position\":1,\"name\":\"Ana sayfa\",\"item\":\"https:\/\/eyli.com.tr\/\"},{\"@type\":\"ListItem\",\"position\":2,\"name\":\"Volvo A40F serisi y\u00fck kamyonlar\u0131\"}]},{\"@type\":\"WebSite\",\"@id\":\"https:\/\/eyli.com.tr\/#website\",\"url\":\"https:\/\/eyli.com.tr\/\",\"name\":\"Eyli \u0130\u015f Makineleri\",\"description\":\"\",\"publisher\":{\"@id\":\"https:\/\/eyli.com.tr\/#organization\"},\"potentialAction\":[{\"@type\":\"SearchAction\",\"target\":{\"@type\":\"EntryPoint\",\"urlTemplate\":\"https:\/\/eyli.com.tr\/?s={search_term_string}\"},\"query-input\":{\"@type\":\"PropertyValueSpecification\",\"valueRequired\":true,\"valueName\":\"search_term_string\"}}],\"inLanguage\":\"en-US\"},{\"@type\":\"Organization\",\"@id\":\"https:\/\/eyli.com.tr\/#organization\",\"name\":\"Eyli \u0130\u015f Makineleri\",\"url\":\"https:\/\/eyli.com.tr\/\",\"logo\":{\"@type\":\"ImageObject\",\"inLanguage\":\"en-US\",\"@id\":\"https:\/\/eyli.com.tr\/#\/schema\/logo\/image\/\",\"url\":\"https:\/\/eyli.com.tr\/wp-content\/uploads\/2020\/04\/WhatsApp-Image-2020-04-23-at-03.11.52-e1587829137284.jpeg\",\"contentUrl\":\"https:\/\/eyli.com.tr\/wp-content\/uploads\/2020\/04\/WhatsApp-Image-2020-04-23-at-03.11.52-e1587829137284.jpeg\",\"width\":1600,\"height\":900,\"caption\":\"Eyli \u0130\u015f Makineleri\"},\"image\":{\"@id\":\"https:\/\/eyli.com.tr\/#\/schema\/logo\/image\/\"},\"sameAs\":[\"https:\/\/www.facebook.com\/eylicomtr\"]}]}<\/script>\n<!-- \/ Yoast SEO plugin. -->","yoast_head_json":{"title":"Volvo A40F serisi y\u00fck kamyonlar\u0131 - Eyli \u0130\u015f Makineleri","robots":{"index":"index","follow":"follow","max-snippet":"max-snippet:-1","max-image-preview":"max-image-preview:large","max-video-preview":"max-video-preview:-1"},"canonical":"https:\/\/eyli.com.tr\/volvo-a40f-serisi-yuk-kamyonlari\/","og_locale":"en_US","og_type":"article","og_title":"Volvo A40F serisi y\u00fck kamyonlar\u0131 - Eyli \u0130\u015f Makineleri","og_description":"&nbsp; Volvo A40F serisi y\u00fck kamyonlar\u0131 \u00f6zel s\u00fcspansiyon sistemleri sayesinde yol ge\u00e7i\u015flerinde rahats\u0131zl\u0131k vermez, g\u00fcvenli\u011fi riske atmaz. Y\u00fcksek h\u0131zlarda bile g\u00fcvenli bir \u015fekilde tam y\u00fck ta\u015f\u0131mas\u0131na olanak verir dolay\u0131s\u0131 ile de verimlili\u011fi ve karl\u0131l\u0131\u011f\u0131 artt\u0131r\u0131r.","og_url":"https:\/\/eyli.com.tr\/volvo-a40f-serisi-yuk-kamyonlari\/","og_site_name":"Eyli \u0130\u015f Makineleri","article_publisher":"https:\/\/www.facebook.com\/eylicomtr","twitter_card":"summary_large_image","schema":{"@context":"https:\/\/schema.org","@graph":[{"@type":"WebPage","@id":"https:\/\/eyli.com.tr\/volvo-a40f-serisi-yuk-kamyonlari\/","url":"https:\/\/eyli.com.tr\/volvo-a40f-serisi-yuk-kamyonlari\/","name":"Volvo A40F serisi y\u00fck kamyonlar\u0131 - Eyli \u0130\u015f Makineleri","isPartOf":{"@id":"https:\/\/eyli.com.tr\/#website"},"datePublished":"2016-05-22T19:42:29+00:00","breadcrumb":{"@id":"https:\/\/eyli.com.tr\/volvo-a40f-serisi-yuk-kamyonlari\/#breadcrumb"},"inLanguage":"en-US","potentialAction":[{"@type":"ReadAction","target":["https:\/\/eyli.com.tr\/volvo-a40f-serisi-yuk-kamyonlari\/"]}]},{"@type":"BreadcrumbList","@id":"https:\/\/eyli.com.tr\/volvo-a40f-serisi-yuk-kamyonlari\/#breadcrumb","itemListElement":[{"@type":"ListItem","position":1,"name":"Ana sayfa","item":"https:\/\/eyli.com.tr\/"},{"@type":"ListItem","position":2,"name":"Volvo A40F serisi y\u00fck kamyonlar\u0131"}]},{"@type":"WebSite","@id":"https:\/\/eyli.com.tr\/#website","url":"https:\/\/eyli.com.tr\/","name":"Eyli \u0130\u015f Makineleri","description":"","publisher":{"@id":"https:\/\/eyli.com.tr\/#organization"},"potentialAction":[{"@type":"SearchAction","target":{"@type":"EntryPoint","urlTemplate":"https:\/\/eyli.com.tr\/?s={search_term_string}"},"query-input":{"@type":"PropertyValueSpecification","valueRequired":true,"valueName":"search_term_string"}}],"inLanguage":"en-US"},{"@type":"Organization","@id":"https:\/\/eyli.com.tr\/#organization","name":"Eyli \u0130\u015f Makineleri","url":"https:\/\/eyli.com.tr\/","logo":{"@type":"ImageObject","inLanguage":"en-US","@id":"https:\/\/eyli.com.tr\/#\/schema\/logo\/image\/","url":"https:\/\/eyli.com.tr\/wp-content\/uploads\/2020\/04\/WhatsApp-Image-2020-04-23-at-03.11.52-e1587829137284.jpeg","contentUrl":"https:\/\/eyli.com.tr\/wp-content\/uploads\/2020\/04\/WhatsApp-Image-2020-04-23-at-03.11.52-e1587829137284.jpeg","width":1600,"height":900,"caption":"Eyli \u0130\u015f Makineleri"},"image":{"@id":"https:\/\/eyli.com.tr\/#\/schema\/logo\/image\/"},"sameAs":["https:\/\/www.facebook.com\/eylicomtr"]}]}},"_links":{"self":[{"href":"https:\/\/eyli.com.tr\/en\/wp-json\/wp\/v2\/pages\/1215","targetHints":{"allow":["GET"]}}],"collection":[{"href":"https:\/\/eyli.com.tr\/en\/wp-json\/wp\/v2\/pages"}],"about":[{"href":"https:\/\/eyli.com.tr\/en\/wp-json\/wp\/v2\/types\/page"}],"author":[{"embeddable":true,"href":"https:\/\/eyli.com.tr\/en\/wp-json\/wp\/v2\/users\/1"}],"replies":[{"embeddable":true,"href":"https:\/\/eyli.com.tr\/en\/wp-json\/wp\/v2\/comments?post=1215"}],"version-history":[{"count":1,"href":"https:\/\/eyli.com.tr\/en\/wp-json\/wp\/v2\/pages\/1215\/revisions"}],"predecessor-version":[{"id":1224,"href":"https:\/\/eyli.com.tr\/en\/wp-json\/wp\/v2\/pages\/1215\/revisions\/1224"}],"wp:attachment":[{"href":"https:\/\/eyli.com.tr\/en\/wp-json\/wp\/v2\/media?parent=1215"}],"curies":[{"name":"wp","href":"https:\/\/api.w.org\/{rel}","templated":true}]}}