{"id":1183,"date":"2016-05-22T22:50:29","date_gmt":"2016-05-22T19:50:29","guid":{"rendered":"http:\/\/eyli.com.tr\/?page_id=1183"},"modified":"2016-05-22T22:50:29","modified_gmt":"2016-05-22T19:50:29","slug":"volvo-a40d-dusuk-isletim-bakim-masraflari-ile-bilinmektedir","status":"publish","type":"page","link":"https:\/\/eyli.com.tr\/en\/volvo-a40d-dusuk-isletim-bakim-masraflari-ile-bilinmektedir\/","title":{"rendered":"VOLVO A40D d\u00fc\u015f\u00fck i\u015fletim ve bak\u0131m masraflar\u0131 ile bilinmektedir"},"content":{"rendered":"<div class=\"embed-responsive embed-responsive-16by9 index-img\"><iframe loading=\"lazy\" class=\"embed-responsive-item\" src=\"https:\/\/www.youtube.com\/embed\/Am2xw43Al6g\" width=\"300\" height=\"150\" frameborder=\"0\" allowfullscreen=\"allowfullscreen\"><\/iframe><\/div>\n<p>&nbsp;<\/p>\n<p>A40D nin s\u00fcr\u00fc\u015f hassasiyeti ve kontrollerinin esnekli\u011fi arac\u0131n ta\u015f\u0131nmas\u0131 s\u0131ras\u0131nda kendini belli eder. A40D nin kontrolleri kullan\u0131c\u0131ya h\u0131zl\u0131 ve hassas yan\u0131t verir, zorlu ko\u015fullarda kar\u015f\u0131la\u015f\u0131labilecek her t\u00fcrl\u00fc durumda bu ek g\u00fcvenlik sa\u011flar. VOLVO A40D ayn\u0131 zamanda d\u00fc\u015f\u00fck i\u015fletim ve bak\u0131m masraflar\u0131 ile bilinmektedir.<\/p>\n","protected":false},"excerpt":{"rendered":"<p>&nbsp; A40D nin s\u00fcr\u00fc\u015f hassasiyeti ve kontrollerinin esnekli\u011fi arac\u0131n ta\u015f\u0131nmas\u0131 s\u0131ras\u0131nda kendini belli eder. A40D nin kontrolleri kullan\u0131c\u0131ya h\u0131zl\u0131 ve hassas yan\u0131t verir, zorlu ko\u015fullarda kar\u015f\u0131la\u015f\u0131labilecek her t\u00fcrl\u00fc durumda bu ek g\u00fcvenlik sa\u011flar. VOLVO A40D ayn\u0131 zamanda d\u00fc\u015f\u00fck i\u015fletim ve bak\u0131m masraflar\u0131 ile bilinmektedir.<\/p>\n","protected":false},"author":1,"featured_media":0,"parent":0,"menu_order":0,"comment_status":"closed","ping_status":"closed","template":"page-fullwidth.php","meta":{"footnotes":""},"class_list":["post-1183","page","type-page","status-publish","hentry"],"yoast_head":"<!-- This site is optimized with the Yoast SEO plugin v26.8 - https:\/\/yoast.com\/product\/yoast-seo-wordpress\/ -->\n<title>VOLVO A40D d\u00fc\u015f\u00fck i\u015fletim ve bak\u0131m masraflar\u0131 ile bilinmektedir - Eyli \u0130\u015f Makineleri<\/title>\n<meta name=\"robots\" content=\"index, follow, max-snippet:-1, max-image-preview:large, max-video-preview:-1\" \/>\n<link rel=\"canonical\" href=\"https:\/\/eyli.com.tr\/volvo-a40d-dusuk-isletim-bakim-masraflari-ile-bilinmektedir\/\" \/>\n<meta property=\"og:locale\" content=\"en_US\" \/>\n<meta property=\"og:type\" content=\"article\" \/>\n<meta property=\"og:title\" content=\"VOLVO A40D d\u00fc\u015f\u00fck i\u015fletim ve bak\u0131m masraflar\u0131 ile bilinmektedir - Eyli \u0130\u015f Makineleri\" \/>\n<meta property=\"og:description\" content=\"&nbsp; A40D nin s\u00fcr\u00fc\u015f hassasiyeti ve kontrollerinin esnekli\u011fi arac\u0131n ta\u015f\u0131nmas\u0131 s\u0131ras\u0131nda kendini belli eder. A40D nin kontrolleri kullan\u0131c\u0131ya h\u0131zl\u0131 ve hassas yan\u0131t verir, zorlu ko\u015fullarda kar\u015f\u0131la\u015f\u0131labilecek her t\u00fcrl\u00fc durumda bu ek g\u00fcvenlik sa\u011flar. VOLVO A40D ayn\u0131 zamanda d\u00fc\u015f\u00fck i\u015fletim ve bak\u0131m masraflar\u0131 ile bilinmektedir.\" \/>\n<meta property=\"og:url\" content=\"https:\/\/eyli.com.tr\/volvo-a40d-dusuk-isletim-bakim-masraflari-ile-bilinmektedir\/\" \/>\n<meta property=\"og:site_name\" content=\"Eyli \u0130\u015f Makineleri\" \/>\n<meta property=\"article:publisher\" content=\"https:\/\/www.facebook.com\/eylicomtr\" \/>\n<meta name=\"twitter:card\" content=\"summary_large_image\" \/>\n<script type=\"application\/ld+json\" class=\"yoast-schema-graph\">{\"@context\":\"https:\/\/schema.org\",\"@graph\":[{\"@type\":\"WebPage\",\"@id\":\"https:\/\/eyli.com.tr\/volvo-a40d-dusuk-isletim-bakim-masraflari-ile-bilinmektedir\/\",\"url\":\"https:\/\/eyli.com.tr\/volvo-a40d-dusuk-isletim-bakim-masraflari-ile-bilinmektedir\/\",\"name\":\"VOLVO A40D d\u00fc\u015f\u00fck i\u015fletim ve bak\u0131m masraflar\u0131 ile bilinmektedir - Eyli \u0130\u015f Makineleri\",\"isPartOf\":{\"@id\":\"https:\/\/eyli.com.tr\/#website\"},\"datePublished\":\"2016-05-22T19:50:29+00:00\",\"breadcrumb\":{\"@id\":\"https:\/\/eyli.com.tr\/volvo-a40d-dusuk-isletim-bakim-masraflari-ile-bilinmektedir\/#breadcrumb\"},\"inLanguage\":\"en-US\",\"potentialAction\":[{\"@type\":\"ReadAction\",\"target\":[\"https:\/\/eyli.com.tr\/volvo-a40d-dusuk-isletim-bakim-masraflari-ile-bilinmektedir\/\"]}]},{\"@type\":\"BreadcrumbList\",\"@id\":\"https:\/\/eyli.com.tr\/volvo-a40d-dusuk-isletim-bakim-masraflari-ile-bilinmektedir\/#breadcrumb\",\"itemListElement\":[{\"@type\":\"ListItem\",\"position\":1,\"name\":\"Ana sayfa\",\"item\":\"https:\/\/eyli.com.tr\/\"},{\"@type\":\"ListItem\",\"position\":2,\"name\":\"VOLVO A40D d\u00fc\u015f\u00fck i\u015fletim ve bak\u0131m masraflar\u0131 ile bilinmektedir\"}]},{\"@type\":\"WebSite\",\"@id\":\"https:\/\/eyli.com.tr\/#website\",\"url\":\"https:\/\/eyli.com.tr\/\",\"name\":\"Eyli \u0130\u015f Makineleri\",\"description\":\"\",\"publisher\":{\"@id\":\"https:\/\/eyli.com.tr\/#organization\"},\"potentialAction\":[{\"@type\":\"SearchAction\",\"target\":{\"@type\":\"EntryPoint\",\"urlTemplate\":\"https:\/\/eyli.com.tr\/?s={search_term_string}\"},\"query-input\":{\"@type\":\"PropertyValueSpecification\",\"valueRequired\":true,\"valueName\":\"search_term_string\"}}],\"inLanguage\":\"en-US\"},{\"@type\":\"Organization\",\"@id\":\"https:\/\/eyli.com.tr\/#organization\",\"name\":\"Eyli \u0130\u015f Makineleri\",\"url\":\"https:\/\/eyli.com.tr\/\",\"logo\":{\"@type\":\"ImageObject\",\"inLanguage\":\"en-US\",\"@id\":\"https:\/\/eyli.com.tr\/#\/schema\/logo\/image\/\",\"url\":\"https:\/\/eyli.com.tr\/wp-content\/uploads\/2020\/04\/WhatsApp-Image-2020-04-23-at-03.11.52-e1587829137284.jpeg\",\"contentUrl\":\"https:\/\/eyli.com.tr\/wp-content\/uploads\/2020\/04\/WhatsApp-Image-2020-04-23-at-03.11.52-e1587829137284.jpeg\",\"width\":1600,\"height\":900,\"caption\":\"Eyli \u0130\u015f Makineleri\"},\"image\":{\"@id\":\"https:\/\/eyli.com.tr\/#\/schema\/logo\/image\/\"},\"sameAs\":[\"https:\/\/www.facebook.com\/eylicomtr\"]}]}<\/script>\n<!-- \/ Yoast SEO plugin. -->","yoast_head_json":{"title":"VOLVO A40D d\u00fc\u015f\u00fck i\u015fletim ve bak\u0131m masraflar\u0131 ile bilinmektedir - Eyli \u0130\u015f Makineleri","robots":{"index":"index","follow":"follow","max-snippet":"max-snippet:-1","max-image-preview":"max-image-preview:large","max-video-preview":"max-video-preview:-1"},"canonical":"https:\/\/eyli.com.tr\/volvo-a40d-dusuk-isletim-bakim-masraflari-ile-bilinmektedir\/","og_locale":"en_US","og_type":"article","og_title":"VOLVO A40D d\u00fc\u015f\u00fck i\u015fletim ve bak\u0131m masraflar\u0131 ile bilinmektedir - Eyli \u0130\u015f Makineleri","og_description":"&nbsp; A40D nin s\u00fcr\u00fc\u015f hassasiyeti ve kontrollerinin esnekli\u011fi arac\u0131n ta\u015f\u0131nmas\u0131 s\u0131ras\u0131nda kendini belli eder. A40D nin kontrolleri kullan\u0131c\u0131ya h\u0131zl\u0131 ve hassas yan\u0131t verir, zorlu ko\u015fullarda kar\u015f\u0131la\u015f\u0131labilecek her t\u00fcrl\u00fc durumda bu ek g\u00fcvenlik sa\u011flar. VOLVO A40D ayn\u0131 zamanda d\u00fc\u015f\u00fck i\u015fletim ve bak\u0131m masraflar\u0131 ile bilinmektedir.","og_url":"https:\/\/eyli.com.tr\/volvo-a40d-dusuk-isletim-bakim-masraflari-ile-bilinmektedir\/","og_site_name":"Eyli \u0130\u015f Makineleri","article_publisher":"https:\/\/www.facebook.com\/eylicomtr","twitter_card":"summary_large_image","schema":{"@context":"https:\/\/schema.org","@graph":[{"@type":"WebPage","@id":"https:\/\/eyli.com.tr\/volvo-a40d-dusuk-isletim-bakim-masraflari-ile-bilinmektedir\/","url":"https:\/\/eyli.com.tr\/volvo-a40d-dusuk-isletim-bakim-masraflari-ile-bilinmektedir\/","name":"VOLVO A40D d\u00fc\u015f\u00fck i\u015fletim ve bak\u0131m masraflar\u0131 ile bilinmektedir - Eyli \u0130\u015f Makineleri","isPartOf":{"@id":"https:\/\/eyli.com.tr\/#website"},"datePublished":"2016-05-22T19:50:29+00:00","breadcrumb":{"@id":"https:\/\/eyli.com.tr\/volvo-a40d-dusuk-isletim-bakim-masraflari-ile-bilinmektedir\/#breadcrumb"},"inLanguage":"en-US","potentialAction":[{"@type":"ReadAction","target":["https:\/\/eyli.com.tr\/volvo-a40d-dusuk-isletim-bakim-masraflari-ile-bilinmektedir\/"]}]},{"@type":"BreadcrumbList","@id":"https:\/\/eyli.com.tr\/volvo-a40d-dusuk-isletim-bakim-masraflari-ile-bilinmektedir\/#breadcrumb","itemListElement":[{"@type":"ListItem","position":1,"name":"Ana sayfa","item":"https:\/\/eyli.com.tr\/"},{"@type":"ListItem","position":2,"name":"VOLVO A40D d\u00fc\u015f\u00fck i\u015fletim ve bak\u0131m masraflar\u0131 ile bilinmektedir"}]},{"@type":"WebSite","@id":"https:\/\/eyli.com.tr\/#website","url":"https:\/\/eyli.com.tr\/","name":"Eyli \u0130\u015f Makineleri","description":"","publisher":{"@id":"https:\/\/eyli.com.tr\/#organization"},"potentialAction":[{"@type":"SearchAction","target":{"@type":"EntryPoint","urlTemplate":"https:\/\/eyli.com.tr\/?s={search_term_string}"},"query-input":{"@type":"PropertyValueSpecification","valueRequired":true,"valueName":"search_term_string"}}],"inLanguage":"en-US"},{"@type":"Organization","@id":"https:\/\/eyli.com.tr\/#organization","name":"Eyli \u0130\u015f Makineleri","url":"https:\/\/eyli.com.tr\/","logo":{"@type":"ImageObject","inLanguage":"en-US","@id":"https:\/\/eyli.com.tr\/#\/schema\/logo\/image\/","url":"https:\/\/eyli.com.tr\/wp-content\/uploads\/2020\/04\/WhatsApp-Image-2020-04-23-at-03.11.52-e1587829137284.jpeg","contentUrl":"https:\/\/eyli.com.tr\/wp-content\/uploads\/2020\/04\/WhatsApp-Image-2020-04-23-at-03.11.52-e1587829137284.jpeg","width":1600,"height":900,"caption":"Eyli \u0130\u015f Makineleri"},"image":{"@id":"https:\/\/eyli.com.tr\/#\/schema\/logo\/image\/"},"sameAs":["https:\/\/www.facebook.com\/eylicomtr"]}]}},"_links":{"self":[{"href":"https:\/\/eyli.com.tr\/en\/wp-json\/wp\/v2\/pages\/1183","targetHints":{"allow":["GET"]}}],"collection":[{"href":"https:\/\/eyli.com.tr\/en\/wp-json\/wp\/v2\/pages"}],"about":[{"href":"https:\/\/eyli.com.tr\/en\/wp-json\/wp\/v2\/types\/page"}],"author":[{"embeddable":true,"href":"https:\/\/eyli.com.tr\/en\/wp-json\/wp\/v2\/users\/1"}],"replies":[{"embeddable":true,"href":"https:\/\/eyli.com.tr\/en\/wp-json\/wp\/v2\/comments?post=1183"}],"version-history":[{"count":1,"href":"https:\/\/eyli.com.tr\/en\/wp-json\/wp\/v2\/pages\/1183\/revisions"}],"predecessor-version":[{"id":1192,"href":"https:\/\/eyli.com.tr\/en\/wp-json\/wp\/v2\/pages\/1183\/revisions\/1192"}],"wp:attachment":[{"href":"https:\/\/eyli.com.tr\/en\/wp-json\/wp\/v2\/media?parent=1183"}],"curies":[{"name":"wp","href":"https:\/\/api.w.org\/{rel}","templated":true}]}}