{"id":1179,"date":"2016-05-22T22:53:53","date_gmt":"2016-05-22T19:53:53","guid":{"rendered":"http:\/\/eyli.com.tr\/?page_id=1179"},"modified":"2016-05-22T22:53:53","modified_gmt":"2016-05-22T19:53:53","slug":"a35d-rahat-verimli-bir-cozum-sunar","status":"publish","type":"page","link":"https:\/\/eyli.com.tr\/en\/a35d-rahat-verimli-bir-cozum-sunar\/","title":{"rendered":"A35D rahat ve verimli bir \u00e7\u00f6z\u00fcm sunar"},"content":{"rendered":"<div class=\"embed-responsive embed-responsive-16by9 index-img\"><iframe loading=\"lazy\" class=\"embed-responsive-item\" src=\"https:\/\/www.youtube.com\/embed\/1t1x0rcLehc\" width=\"300\" height=\"150\" frameborder=\"0\" allowfullscreen=\"allowfullscreen\"><\/iframe><\/div>\n<p>&nbsp;<\/p>\n<p>\u00d6zellikle \u00e7ukur b\u00f6lgelerde bulunan maden ocaklar\u0131ndaki ta\u015f\u0131ma yollar\u0131 hem darl\u0131klar\u0131ndan, hem e\u011fimlerinden hem de genelde u\u00e7urumlar ile \u00e7evrili olduklar\u0131ndan hem zorlu hem de tehlikeli yollar olarak bilinmektedirler. Bu tip yollarda e\u011fim dolu kamyonlar\u0131 zorlarken d\u00fc\u015f\u00fck manevra kabiliyetli ara\u00e7lar s\u00fcrekli devrilme tehlikesi alt\u0131ndad\u0131rlar. Volvo A35D, bu tip yollarda g\u00fcvenilir, rahat ve verimli bir \u00e7\u00f6z\u00fcm sunar. G\u00fcc\u00fc ve manevra kabiliyeti ile bu tip yollar\u0131 tehlikeli olmaktan \u00e7\u0131kar\u0131r.<\/p>\n","protected":false},"excerpt":{"rendered":"<p>&nbsp; \u00d6zellikle \u00e7ukur b\u00f6lgelerde bulunan maden ocaklar\u0131ndaki ta\u015f\u0131ma yollar\u0131 hem darl\u0131klar\u0131ndan, hem e\u011fimlerinden hem de genelde u\u00e7urumlar ile \u00e7evrili olduklar\u0131ndan hem zorlu hem de tehlikeli yollar olarak bilinmektedirler. Bu tip yollarda e\u011fim dolu kamyonlar\u0131 zorlarken d\u00fc\u015f\u00fck manevra kabiliyetli ara\u00e7lar s\u00fcrekli devrilme tehlikesi alt\u0131ndad\u0131rlar. Volvo A35D, bu tip yollarda g\u00fcvenilir, rahat ve verimli bir \u00e7\u00f6z\u00fcm sunar. [&hellip;]<\/p>\n","protected":false},"author":1,"featured_media":0,"parent":0,"menu_order":0,"comment_status":"closed","ping_status":"closed","template":"page-fullwidth.php","meta":{"footnotes":""},"class_list":["post-1179","page","type-page","status-publish","hentry"],"yoast_head":"<!-- This site is optimized with the Yoast SEO plugin v26.8 - https:\/\/yoast.com\/product\/yoast-seo-wordpress\/ -->\n<title>A35D rahat ve verimli bir \u00e7\u00f6z\u00fcm sunar - Eyli \u0130\u015f Makineleri<\/title>\n<meta name=\"robots\" content=\"index, follow, max-snippet:-1, max-image-preview:large, max-video-preview:-1\" \/>\n<link rel=\"canonical\" href=\"https:\/\/eyli.com.tr\/a35d-rahat-verimli-bir-cozum-sunar\/\" \/>\n<meta property=\"og:locale\" content=\"en_US\" \/>\n<meta property=\"og:type\" content=\"article\" \/>\n<meta property=\"og:title\" content=\"A35D rahat ve verimli bir \u00e7\u00f6z\u00fcm sunar - Eyli \u0130\u015f Makineleri\" \/>\n<meta property=\"og:description\" content=\"&nbsp; \u00d6zellikle \u00e7ukur b\u00f6lgelerde bulunan maden ocaklar\u0131ndaki ta\u015f\u0131ma yollar\u0131 hem darl\u0131klar\u0131ndan, hem e\u011fimlerinden hem de genelde u\u00e7urumlar ile \u00e7evrili olduklar\u0131ndan hem zorlu hem de tehlikeli yollar olarak bilinmektedirler. Bu tip yollarda e\u011fim dolu kamyonlar\u0131 zorlarken d\u00fc\u015f\u00fck manevra kabiliyetli ara\u00e7lar s\u00fcrekli devrilme tehlikesi alt\u0131ndad\u0131rlar. Volvo A35D, bu tip yollarda g\u00fcvenilir, rahat ve verimli bir \u00e7\u00f6z\u00fcm sunar. [&hellip;]\" \/>\n<meta property=\"og:url\" content=\"https:\/\/eyli.com.tr\/a35d-rahat-verimli-bir-cozum-sunar\/\" \/>\n<meta property=\"og:site_name\" content=\"Eyli \u0130\u015f Makineleri\" \/>\n<meta property=\"article:publisher\" content=\"https:\/\/www.facebook.com\/eylicomtr\" \/>\n<meta name=\"twitter:card\" content=\"summary_large_image\" \/>\n<script type=\"application\/ld+json\" class=\"yoast-schema-graph\">{\"@context\":\"https:\/\/schema.org\",\"@graph\":[{\"@type\":\"WebPage\",\"@id\":\"https:\/\/eyli.com.tr\/a35d-rahat-verimli-bir-cozum-sunar\/\",\"url\":\"https:\/\/eyli.com.tr\/a35d-rahat-verimli-bir-cozum-sunar\/\",\"name\":\"A35D rahat ve verimli bir \u00e7\u00f6z\u00fcm sunar - Eyli \u0130\u015f Makineleri\",\"isPartOf\":{\"@id\":\"https:\/\/eyli.com.tr\/#website\"},\"datePublished\":\"2016-05-22T19:53:53+00:00\",\"breadcrumb\":{\"@id\":\"https:\/\/eyli.com.tr\/a35d-rahat-verimli-bir-cozum-sunar\/#breadcrumb\"},\"inLanguage\":\"en-US\",\"potentialAction\":[{\"@type\":\"ReadAction\",\"target\":[\"https:\/\/eyli.com.tr\/a35d-rahat-verimli-bir-cozum-sunar\/\"]}]},{\"@type\":\"BreadcrumbList\",\"@id\":\"https:\/\/eyli.com.tr\/a35d-rahat-verimli-bir-cozum-sunar\/#breadcrumb\",\"itemListElement\":[{\"@type\":\"ListItem\",\"position\":1,\"name\":\"Ana sayfa\",\"item\":\"https:\/\/eyli.com.tr\/\"},{\"@type\":\"ListItem\",\"position\":2,\"name\":\"A35D rahat ve verimli bir \u00e7\u00f6z\u00fcm sunar\"}]},{\"@type\":\"WebSite\",\"@id\":\"https:\/\/eyli.com.tr\/#website\",\"url\":\"https:\/\/eyli.com.tr\/\",\"name\":\"Eyli \u0130\u015f Makineleri\",\"description\":\"\",\"publisher\":{\"@id\":\"https:\/\/eyli.com.tr\/#organization\"},\"potentialAction\":[{\"@type\":\"SearchAction\",\"target\":{\"@type\":\"EntryPoint\",\"urlTemplate\":\"https:\/\/eyli.com.tr\/?s={search_term_string}\"},\"query-input\":{\"@type\":\"PropertyValueSpecification\",\"valueRequired\":true,\"valueName\":\"search_term_string\"}}],\"inLanguage\":\"en-US\"},{\"@type\":\"Organization\",\"@id\":\"https:\/\/eyli.com.tr\/#organization\",\"name\":\"Eyli \u0130\u015f Makineleri\",\"url\":\"https:\/\/eyli.com.tr\/\",\"logo\":{\"@type\":\"ImageObject\",\"inLanguage\":\"en-US\",\"@id\":\"https:\/\/eyli.com.tr\/#\/schema\/logo\/image\/\",\"url\":\"https:\/\/eyli.com.tr\/wp-content\/uploads\/2020\/04\/WhatsApp-Image-2020-04-23-at-03.11.52-e1587829137284.jpeg\",\"contentUrl\":\"https:\/\/eyli.com.tr\/wp-content\/uploads\/2020\/04\/WhatsApp-Image-2020-04-23-at-03.11.52-e1587829137284.jpeg\",\"width\":1600,\"height\":900,\"caption\":\"Eyli \u0130\u015f Makineleri\"},\"image\":{\"@id\":\"https:\/\/eyli.com.tr\/#\/schema\/logo\/image\/\"},\"sameAs\":[\"https:\/\/www.facebook.com\/eylicomtr\"]}]}<\/script>\n<!-- \/ Yoast SEO plugin. -->","yoast_head_json":{"title":"A35D rahat ve verimli bir \u00e7\u00f6z\u00fcm sunar - Eyli \u0130\u015f Makineleri","robots":{"index":"index","follow":"follow","max-snippet":"max-snippet:-1","max-image-preview":"max-image-preview:large","max-video-preview":"max-video-preview:-1"},"canonical":"https:\/\/eyli.com.tr\/a35d-rahat-verimli-bir-cozum-sunar\/","og_locale":"en_US","og_type":"article","og_title":"A35D rahat ve verimli bir \u00e7\u00f6z\u00fcm sunar - Eyli \u0130\u015f Makineleri","og_description":"&nbsp; \u00d6zellikle \u00e7ukur b\u00f6lgelerde bulunan maden ocaklar\u0131ndaki ta\u015f\u0131ma yollar\u0131 hem darl\u0131klar\u0131ndan, hem e\u011fimlerinden hem de genelde u\u00e7urumlar ile \u00e7evrili olduklar\u0131ndan hem zorlu hem de tehlikeli yollar olarak bilinmektedirler. Bu tip yollarda e\u011fim dolu kamyonlar\u0131 zorlarken d\u00fc\u015f\u00fck manevra kabiliyetli ara\u00e7lar s\u00fcrekli devrilme tehlikesi alt\u0131ndad\u0131rlar. Volvo A35D, bu tip yollarda g\u00fcvenilir, rahat ve verimli bir \u00e7\u00f6z\u00fcm sunar. [&hellip;]","og_url":"https:\/\/eyli.com.tr\/a35d-rahat-verimli-bir-cozum-sunar\/","og_site_name":"Eyli \u0130\u015f Makineleri","article_publisher":"https:\/\/www.facebook.com\/eylicomtr","twitter_card":"summary_large_image","schema":{"@context":"https:\/\/schema.org","@graph":[{"@type":"WebPage","@id":"https:\/\/eyli.com.tr\/a35d-rahat-verimli-bir-cozum-sunar\/","url":"https:\/\/eyli.com.tr\/a35d-rahat-verimli-bir-cozum-sunar\/","name":"A35D rahat ve verimli bir \u00e7\u00f6z\u00fcm sunar - Eyli \u0130\u015f Makineleri","isPartOf":{"@id":"https:\/\/eyli.com.tr\/#website"},"datePublished":"2016-05-22T19:53:53+00:00","breadcrumb":{"@id":"https:\/\/eyli.com.tr\/a35d-rahat-verimli-bir-cozum-sunar\/#breadcrumb"},"inLanguage":"en-US","potentialAction":[{"@type":"ReadAction","target":["https:\/\/eyli.com.tr\/a35d-rahat-verimli-bir-cozum-sunar\/"]}]},{"@type":"BreadcrumbList","@id":"https:\/\/eyli.com.tr\/a35d-rahat-verimli-bir-cozum-sunar\/#breadcrumb","itemListElement":[{"@type":"ListItem","position":1,"name":"Ana sayfa","item":"https:\/\/eyli.com.tr\/"},{"@type":"ListItem","position":2,"name":"A35D rahat ve verimli bir \u00e7\u00f6z\u00fcm sunar"}]},{"@type":"WebSite","@id":"https:\/\/eyli.com.tr\/#website","url":"https:\/\/eyli.com.tr\/","name":"Eyli \u0130\u015f Makineleri","description":"","publisher":{"@id":"https:\/\/eyli.com.tr\/#organization"},"potentialAction":[{"@type":"SearchAction","target":{"@type":"EntryPoint","urlTemplate":"https:\/\/eyli.com.tr\/?s={search_term_string}"},"query-input":{"@type":"PropertyValueSpecification","valueRequired":true,"valueName":"search_term_string"}}],"inLanguage":"en-US"},{"@type":"Organization","@id":"https:\/\/eyli.com.tr\/#organization","name":"Eyli \u0130\u015f Makineleri","url":"https:\/\/eyli.com.tr\/","logo":{"@type":"ImageObject","inLanguage":"en-US","@id":"https:\/\/eyli.com.tr\/#\/schema\/logo\/image\/","url":"https:\/\/eyli.com.tr\/wp-content\/uploads\/2020\/04\/WhatsApp-Image-2020-04-23-at-03.11.52-e1587829137284.jpeg","contentUrl":"https:\/\/eyli.com.tr\/wp-content\/uploads\/2020\/04\/WhatsApp-Image-2020-04-23-at-03.11.52-e1587829137284.jpeg","width":1600,"height":900,"caption":"Eyli \u0130\u015f Makineleri"},"image":{"@id":"https:\/\/eyli.com.tr\/#\/schema\/logo\/image\/"},"sameAs":["https:\/\/www.facebook.com\/eylicomtr"]}]}},"_links":{"self":[{"href":"https:\/\/eyli.com.tr\/en\/wp-json\/wp\/v2\/pages\/1179","targetHints":{"allow":["GET"]}}],"collection":[{"href":"https:\/\/eyli.com.tr\/en\/wp-json\/wp\/v2\/pages"}],"about":[{"href":"https:\/\/eyli.com.tr\/en\/wp-json\/wp\/v2\/types\/page"}],"author":[{"embeddable":true,"href":"https:\/\/eyli.com.tr\/en\/wp-json\/wp\/v2\/users\/1"}],"replies":[{"embeddable":true,"href":"https:\/\/eyli.com.tr\/en\/wp-json\/wp\/v2\/comments?post=1179"}],"version-history":[{"count":1,"href":"https:\/\/eyli.com.tr\/en\/wp-json\/wp\/v2\/pages\/1179\/revisions"}],"predecessor-version":[{"id":1189,"href":"https:\/\/eyli.com.tr\/en\/wp-json\/wp\/v2\/pages\/1179\/revisions\/1189"}],"wp:attachment":[{"href":"https:\/\/eyli.com.tr\/en\/wp-json\/wp\/v2\/media?parent=1179"}],"curies":[{"name":"wp","href":"https:\/\/api.w.org\/{rel}","templated":true}]}}