{"id":1165,"date":"2016-05-22T22:58:31","date_gmt":"2016-05-22T19:58:31","guid":{"rendered":"http:\/\/eyli.com.tr\/?page_id=1165"},"modified":"2016-05-22T22:58:31","modified_gmt":"2016-05-22T19:58:31","slug":"volvo-a30e-sizlere-bir-binek-arabasinin-surus-ozelliklerini-sunmaktadir","status":"publish","type":"page","link":"https:\/\/eyli.com.tr\/en\/volvo-a30e-sizlere-bir-binek-arabasinin-surus-ozelliklerini-sunmaktadir\/","title":{"rendered":"Volvo A30E Sizlere Bir Binek Arabas\u0131n\u0131n S\u00fcr\u00fc\u015f \u00d6zelliklerini Sunmaktad\u0131r"},"content":{"rendered":"<div class=\"embed-responsive embed-responsive-16by9 index-img\"><iframe loading=\"lazy\" class=\"embed-responsive-item\" src=\"https:\/\/www.youtube.com\/embed\/_2_yuKtbuKA\" width=\"300\" height=\"150\" frameborder=\"0\" allowfullscreen=\"allowfullscreen\"><\/iframe><\/div>\n<p>&nbsp;<\/p>\n<p>Volvo A30E kaya kamyonu sizlere bir binek arabas\u0131n\u0131n s\u00fcr\u00fc\u015f \u00f6zelliklerini sunmaktad\u0131r. A30E sadece zorlu yollar\u0131n ve \u00e7etin ko\u015fullar\u0131n arac\u0131 olmad\u0131\u011f\u0131n\u0131, a\u011f\u0131r i\u015f y\u00fck\u00fcn\u00fcz\u00fc \u00fcstlenirken ayn\u0131 zamanda size konfor da sa\u011flad\u0131\u011f\u0131n\u0131 ispat etmektedir. \u00a0Volvo A30E Kaya kamyonu y\u00fcksek y\u00fck ta\u015f\u0131ma kapasitesine sahip bir ara\u00e7t\u0131r.Volvo A30E nin kabini panaromik g\u00f6r\u00fc\u015f sa\u011flayacak \u015fekilde tasarland\u0131\u011f\u0131ndan hem s\u00fcr\u00fcc\u00fc hem de i\u015f sahan\u0131z\u0131n g\u00fcvenli\u011fi \u00f6n plana \u00e7\u0131kmaktad\u0131r. D\u00fcz yollardaki sars\u0131nt\u0131s\u0131z s\u00fcr\u00fc\u015f\u00fc ve i\u015flevsel kabin tasar\u0131m\u0131 kullan\u0131c\u0131n\u0131n konforunu artt\u0131rmaktad\u0131r. A30E umulmad\u0131k derecede y\u00fcksek manevra kabiliyetine sahip bir ara\u00e7t\u0131r ve Volvo s\u00fcr\u00fc\u015f hassasiyetini direksiyona yans\u0131tmaktad\u0131r.<\/p>\n","protected":false},"excerpt":{"rendered":"<p>&nbsp; Volvo A30E kaya kamyonu sizlere bir binek arabas\u0131n\u0131n s\u00fcr\u00fc\u015f \u00f6zelliklerini sunmaktad\u0131r. A30E sadece zorlu yollar\u0131n ve \u00e7etin ko\u015fullar\u0131n arac\u0131 olmad\u0131\u011f\u0131n\u0131, a\u011f\u0131r i\u015f y\u00fck\u00fcn\u00fcz\u00fc \u00fcstlenirken ayn\u0131 zamanda size konfor da sa\u011flad\u0131\u011f\u0131n\u0131 ispat etmektedir. \u00a0Volvo A30E Kaya kamyonu y\u00fcksek y\u00fck ta\u015f\u0131ma kapasitesine sahip bir ara\u00e7t\u0131r.Volvo A30E nin kabini panaromik g\u00f6r\u00fc\u015f sa\u011flayacak \u015fekilde tasarland\u0131\u011f\u0131ndan hem s\u00fcr\u00fcc\u00fc hem [&hellip;]<\/p>\n","protected":false},"author":1,"featured_media":0,"parent":0,"menu_order":0,"comment_status":"closed","ping_status":"closed","template":"page-fullwidth.php","meta":{"footnotes":""},"class_list":["post-1165","page","type-page","status-publish","hentry"],"yoast_head":"<!-- This site is optimized with the Yoast SEO plugin v26.8 - https:\/\/yoast.com\/product\/yoast-seo-wordpress\/ -->\n<title>Volvo A30E Sizlere Bir Binek Arabas\u0131n\u0131n S\u00fcr\u00fc\u015f \u00d6zelliklerini Sunmaktad\u0131r - Eyli \u0130\u015f Makineleri<\/title>\n<meta name=\"robots\" content=\"index, follow, max-snippet:-1, max-image-preview:large, max-video-preview:-1\" \/>\n<link rel=\"canonical\" href=\"https:\/\/eyli.com.tr\/volvo-a30e-sizlere-bir-binek-arabasinin-surus-ozelliklerini-sunmaktadir\/\" \/>\n<meta property=\"og:locale\" content=\"en_US\" \/>\n<meta property=\"og:type\" content=\"article\" \/>\n<meta property=\"og:title\" content=\"Volvo A30E Sizlere Bir Binek Arabas\u0131n\u0131n S\u00fcr\u00fc\u015f \u00d6zelliklerini Sunmaktad\u0131r - Eyli \u0130\u015f Makineleri\" \/>\n<meta property=\"og:description\" content=\"&nbsp; Volvo A30E kaya kamyonu sizlere bir binek arabas\u0131n\u0131n s\u00fcr\u00fc\u015f \u00f6zelliklerini sunmaktad\u0131r. A30E sadece zorlu yollar\u0131n ve \u00e7etin ko\u015fullar\u0131n arac\u0131 olmad\u0131\u011f\u0131n\u0131, a\u011f\u0131r i\u015f y\u00fck\u00fcn\u00fcz\u00fc \u00fcstlenirken ayn\u0131 zamanda size konfor da sa\u011flad\u0131\u011f\u0131n\u0131 ispat etmektedir. \u00a0Volvo A30E Kaya kamyonu y\u00fcksek y\u00fck ta\u015f\u0131ma kapasitesine sahip bir ara\u00e7t\u0131r.Volvo A30E nin kabini panaromik g\u00f6r\u00fc\u015f sa\u011flayacak \u015fekilde tasarland\u0131\u011f\u0131ndan hem s\u00fcr\u00fcc\u00fc hem [&hellip;]\" \/>\n<meta property=\"og:url\" content=\"https:\/\/eyli.com.tr\/volvo-a30e-sizlere-bir-binek-arabasinin-surus-ozelliklerini-sunmaktadir\/\" \/>\n<meta property=\"og:site_name\" content=\"Eyli \u0130\u015f Makineleri\" \/>\n<meta property=\"article:publisher\" content=\"https:\/\/www.facebook.com\/eylicomtr\" \/>\n<meta name=\"twitter:card\" content=\"summary_large_image\" \/>\n<meta name=\"twitter:label1\" content=\"Est. reading time\" \/>\n\t<meta name=\"twitter:data1\" content=\"1 minute\" \/>\n<script type=\"application\/ld+json\" class=\"yoast-schema-graph\">{\"@context\":\"https:\/\/schema.org\",\"@graph\":[{\"@type\":\"WebPage\",\"@id\":\"https:\/\/eyli.com.tr\/volvo-a30e-sizlere-bir-binek-arabasinin-surus-ozelliklerini-sunmaktadir\/\",\"url\":\"https:\/\/eyli.com.tr\/volvo-a30e-sizlere-bir-binek-arabasinin-surus-ozelliklerini-sunmaktadir\/\",\"name\":\"Volvo A30E Sizlere Bir Binek Arabas\u0131n\u0131n S\u00fcr\u00fc\u015f \u00d6zelliklerini Sunmaktad\u0131r - Eyli \u0130\u015f Makineleri\",\"isPartOf\":{\"@id\":\"https:\/\/eyli.com.tr\/#website\"},\"datePublished\":\"2016-05-22T19:58:31+00:00\",\"breadcrumb\":{\"@id\":\"https:\/\/eyli.com.tr\/volvo-a30e-sizlere-bir-binek-arabasinin-surus-ozelliklerini-sunmaktadir\/#breadcrumb\"},\"inLanguage\":\"en-US\",\"potentialAction\":[{\"@type\":\"ReadAction\",\"target\":[\"https:\/\/eyli.com.tr\/volvo-a30e-sizlere-bir-binek-arabasinin-surus-ozelliklerini-sunmaktadir\/\"]}]},{\"@type\":\"BreadcrumbList\",\"@id\":\"https:\/\/eyli.com.tr\/volvo-a30e-sizlere-bir-binek-arabasinin-surus-ozelliklerini-sunmaktadir\/#breadcrumb\",\"itemListElement\":[{\"@type\":\"ListItem\",\"position\":1,\"name\":\"Ana sayfa\",\"item\":\"https:\/\/eyli.com.tr\/\"},{\"@type\":\"ListItem\",\"position\":2,\"name\":\"Volvo A30E Sizlere Bir Binek Arabas\u0131n\u0131n S\u00fcr\u00fc\u015f \u00d6zelliklerini Sunmaktad\u0131r\"}]},{\"@type\":\"WebSite\",\"@id\":\"https:\/\/eyli.com.tr\/#website\",\"url\":\"https:\/\/eyli.com.tr\/\",\"name\":\"Eyli \u0130\u015f Makineleri\",\"description\":\"\",\"publisher\":{\"@id\":\"https:\/\/eyli.com.tr\/#organization\"},\"potentialAction\":[{\"@type\":\"SearchAction\",\"target\":{\"@type\":\"EntryPoint\",\"urlTemplate\":\"https:\/\/eyli.com.tr\/?s={search_term_string}\"},\"query-input\":{\"@type\":\"PropertyValueSpecification\",\"valueRequired\":true,\"valueName\":\"search_term_string\"}}],\"inLanguage\":\"en-US\"},{\"@type\":\"Organization\",\"@id\":\"https:\/\/eyli.com.tr\/#organization\",\"name\":\"Eyli \u0130\u015f Makineleri\",\"url\":\"https:\/\/eyli.com.tr\/\",\"logo\":{\"@type\":\"ImageObject\",\"inLanguage\":\"en-US\",\"@id\":\"https:\/\/eyli.com.tr\/#\/schema\/logo\/image\/\",\"url\":\"https:\/\/eyli.com.tr\/wp-content\/uploads\/2020\/04\/WhatsApp-Image-2020-04-23-at-03.11.52-e1587829137284.jpeg\",\"contentUrl\":\"https:\/\/eyli.com.tr\/wp-content\/uploads\/2020\/04\/WhatsApp-Image-2020-04-23-at-03.11.52-e1587829137284.jpeg\",\"width\":1600,\"height\":900,\"caption\":\"Eyli \u0130\u015f Makineleri\"},\"image\":{\"@id\":\"https:\/\/eyli.com.tr\/#\/schema\/logo\/image\/\"},\"sameAs\":[\"https:\/\/www.facebook.com\/eylicomtr\"]}]}<\/script>\n<!-- \/ Yoast SEO plugin. -->","yoast_head_json":{"title":"Volvo A30E Sizlere Bir Binek Arabas\u0131n\u0131n S\u00fcr\u00fc\u015f \u00d6zelliklerini Sunmaktad\u0131r - Eyli \u0130\u015f Makineleri","robots":{"index":"index","follow":"follow","max-snippet":"max-snippet:-1","max-image-preview":"max-image-preview:large","max-video-preview":"max-video-preview:-1"},"canonical":"https:\/\/eyli.com.tr\/volvo-a30e-sizlere-bir-binek-arabasinin-surus-ozelliklerini-sunmaktadir\/","og_locale":"en_US","og_type":"article","og_title":"Volvo A30E Sizlere Bir Binek Arabas\u0131n\u0131n S\u00fcr\u00fc\u015f \u00d6zelliklerini Sunmaktad\u0131r - Eyli \u0130\u015f Makineleri","og_description":"&nbsp; Volvo A30E kaya kamyonu sizlere bir binek arabas\u0131n\u0131n s\u00fcr\u00fc\u015f \u00f6zelliklerini sunmaktad\u0131r. A30E sadece zorlu yollar\u0131n ve \u00e7etin ko\u015fullar\u0131n arac\u0131 olmad\u0131\u011f\u0131n\u0131, a\u011f\u0131r i\u015f y\u00fck\u00fcn\u00fcz\u00fc \u00fcstlenirken ayn\u0131 zamanda size konfor da sa\u011flad\u0131\u011f\u0131n\u0131 ispat etmektedir. \u00a0Volvo A30E Kaya kamyonu y\u00fcksek y\u00fck ta\u015f\u0131ma kapasitesine sahip bir ara\u00e7t\u0131r.Volvo A30E nin kabini panaromik g\u00f6r\u00fc\u015f sa\u011flayacak \u015fekilde tasarland\u0131\u011f\u0131ndan hem s\u00fcr\u00fcc\u00fc hem [&hellip;]","og_url":"https:\/\/eyli.com.tr\/volvo-a30e-sizlere-bir-binek-arabasinin-surus-ozelliklerini-sunmaktadir\/","og_site_name":"Eyli \u0130\u015f Makineleri","article_publisher":"https:\/\/www.facebook.com\/eylicomtr","twitter_card":"summary_large_image","twitter_misc":{"Est. reading time":"1 minute"},"schema":{"@context":"https:\/\/schema.org","@graph":[{"@type":"WebPage","@id":"https:\/\/eyli.com.tr\/volvo-a30e-sizlere-bir-binek-arabasinin-surus-ozelliklerini-sunmaktadir\/","url":"https:\/\/eyli.com.tr\/volvo-a30e-sizlere-bir-binek-arabasinin-surus-ozelliklerini-sunmaktadir\/","name":"Volvo A30E Sizlere Bir Binek Arabas\u0131n\u0131n S\u00fcr\u00fc\u015f \u00d6zelliklerini Sunmaktad\u0131r - Eyli \u0130\u015f Makineleri","isPartOf":{"@id":"https:\/\/eyli.com.tr\/#website"},"datePublished":"2016-05-22T19:58:31+00:00","breadcrumb":{"@id":"https:\/\/eyli.com.tr\/volvo-a30e-sizlere-bir-binek-arabasinin-surus-ozelliklerini-sunmaktadir\/#breadcrumb"},"inLanguage":"en-US","potentialAction":[{"@type":"ReadAction","target":["https:\/\/eyli.com.tr\/volvo-a30e-sizlere-bir-binek-arabasinin-surus-ozelliklerini-sunmaktadir\/"]}]},{"@type":"BreadcrumbList","@id":"https:\/\/eyli.com.tr\/volvo-a30e-sizlere-bir-binek-arabasinin-surus-ozelliklerini-sunmaktadir\/#breadcrumb","itemListElement":[{"@type":"ListItem","position":1,"name":"Ana sayfa","item":"https:\/\/eyli.com.tr\/"},{"@type":"ListItem","position":2,"name":"Volvo A30E Sizlere Bir Binek Arabas\u0131n\u0131n S\u00fcr\u00fc\u015f \u00d6zelliklerini Sunmaktad\u0131r"}]},{"@type":"WebSite","@id":"https:\/\/eyli.com.tr\/#website","url":"https:\/\/eyli.com.tr\/","name":"Eyli \u0130\u015f Makineleri","description":"","publisher":{"@id":"https:\/\/eyli.com.tr\/#organization"},"potentialAction":[{"@type":"SearchAction","target":{"@type":"EntryPoint","urlTemplate":"https:\/\/eyli.com.tr\/?s={search_term_string}"},"query-input":{"@type":"PropertyValueSpecification","valueRequired":true,"valueName":"search_term_string"}}],"inLanguage":"en-US"},{"@type":"Organization","@id":"https:\/\/eyli.com.tr\/#organization","name":"Eyli \u0130\u015f Makineleri","url":"https:\/\/eyli.com.tr\/","logo":{"@type":"ImageObject","inLanguage":"en-US","@id":"https:\/\/eyli.com.tr\/#\/schema\/logo\/image\/","url":"https:\/\/eyli.com.tr\/wp-content\/uploads\/2020\/04\/WhatsApp-Image-2020-04-23-at-03.11.52-e1587829137284.jpeg","contentUrl":"https:\/\/eyli.com.tr\/wp-content\/uploads\/2020\/04\/WhatsApp-Image-2020-04-23-at-03.11.52-e1587829137284.jpeg","width":1600,"height":900,"caption":"Eyli \u0130\u015f Makineleri"},"image":{"@id":"https:\/\/eyli.com.tr\/#\/schema\/logo\/image\/"},"sameAs":["https:\/\/www.facebook.com\/eylicomtr"]}]}},"_links":{"self":[{"href":"https:\/\/eyli.com.tr\/en\/wp-json\/wp\/v2\/pages\/1165","targetHints":{"allow":["GET"]}}],"collection":[{"href":"https:\/\/eyli.com.tr\/en\/wp-json\/wp\/v2\/pages"}],"about":[{"href":"https:\/\/eyli.com.tr\/en\/wp-json\/wp\/v2\/types\/page"}],"author":[{"embeddable":true,"href":"https:\/\/eyli.com.tr\/en\/wp-json\/wp\/v2\/users\/1"}],"replies":[{"embeddable":true,"href":"https:\/\/eyli.com.tr\/en\/wp-json\/wp\/v2\/comments?post=1165"}],"version-history":[{"count":2,"href":"https:\/\/eyli.com.tr\/en\/wp-json\/wp\/v2\/pages\/1165\/revisions"}],"predecessor-version":[{"id":1255,"href":"https:\/\/eyli.com.tr\/en\/wp-json\/wp\/v2\/pages\/1165\/revisions\/1255"}],"wp:attachment":[{"href":"https:\/\/eyli.com.tr\/en\/wp-json\/wp\/v2\/media?parent=1165"}],"curies":[{"name":"wp","href":"https:\/\/api.w.org\/{rel}","templated":true}]}}