{"id":1161,"date":"2016-05-22T23:01:06","date_gmt":"2016-05-22T20:01:06","guid":{"rendered":"http:\/\/eyli.com.tr\/?page_id=1161"},"modified":"2016-05-22T23:01:06","modified_gmt":"2016-05-22T20:01:06","slug":"dusuk-basincli-lastikler-ile-donatilmis-volvo-a30d","status":"publish","type":"page","link":"https:\/\/eyli.com.tr\/en\/dusuk-basincli-lastikler-ile-donatilmis-volvo-a30d\/","title":{"rendered":"D\u00fc\u015f\u00fck Bas\u0131n\u00e7l\u0131 Lastikler ile Donat\u0131lm\u0131\u015f Volvo A30D"},"content":{"rendered":"<div class=\"embed-responsive embed-responsive-16by9 index-img\"><iframe loading=\"lazy\" class=\"embed-responsive-item\" src=\"https:\/\/www.youtube.com\/embed\/hPl-XzPEmnY\" width=\"300\" height=\"150\" frameborder=\"0\" allowfullscreen=\"allowfullscreen\"><\/iframe><\/div>\n<p>&nbsp;<\/p>\n<p>D\u00fc\u015f\u00fck bas\u0131n\u00e7l\u0131 lastikler ile donat\u0131lm\u0131\u015f olan Volvo A30D, tam y\u00fckl\u00fc durumda bile y\u00fcksek performans sa\u011flar. Zeminin sert ve sa\u011flam olmad\u0131\u011f\u0131, \u00e7amurlu, kaygan ve dolay\u0131s\u0131 ile \u00e7eki\u015fin d\u00fc\u015fece\u011fi arazi ko\u015fullar\u0131nda gerek ileri gerekse de geri s\u00fcr\u00fc\u015fte ve y\u00fcksek e\u011fim \u015fartlar\u0131nda verimlilik sunar. Bo\u015faltmada kayma yapmaz, damper hareketli iken \u00e7al\u0131\u015ft\u0131r\u0131labilir.<\/p>\n","protected":false},"excerpt":{"rendered":"<p>&nbsp; D\u00fc\u015f\u00fck bas\u0131n\u00e7l\u0131 lastikler ile donat\u0131lm\u0131\u015f olan Volvo A30D, tam y\u00fckl\u00fc durumda bile y\u00fcksek performans sa\u011flar. Zeminin sert ve sa\u011flam olmad\u0131\u011f\u0131, \u00e7amurlu, kaygan ve dolay\u0131s\u0131 ile \u00e7eki\u015fin d\u00fc\u015fece\u011fi arazi ko\u015fullar\u0131nda gerek ileri gerekse de geri s\u00fcr\u00fc\u015fte ve y\u00fcksek e\u011fim \u015fartlar\u0131nda verimlilik sunar. Bo\u015faltmada kayma yapmaz, damper hareketli iken \u00e7al\u0131\u015ft\u0131r\u0131labilir.<\/p>\n","protected":false},"author":1,"featured_media":0,"parent":0,"menu_order":0,"comment_status":"closed","ping_status":"closed","template":"page-fullwidth.php","meta":{"footnotes":""},"class_list":["post-1161","page","type-page","status-publish","hentry"],"yoast_head":"<!-- This site is optimized with the Yoast SEO plugin v26.8 - https:\/\/yoast.com\/product\/yoast-seo-wordpress\/ -->\n<title>D\u00fc\u015f\u00fck Bas\u0131n\u00e7l\u0131 Lastikler ile Donat\u0131lm\u0131\u015f Volvo A30D - Eyli \u0130\u015f Makineleri<\/title>\n<meta name=\"robots\" content=\"index, follow, max-snippet:-1, max-image-preview:large, max-video-preview:-1\" \/>\n<link rel=\"canonical\" href=\"https:\/\/eyli.com.tr\/dusuk-basincli-lastikler-ile-donatilmis-volvo-a30d\/\" \/>\n<meta property=\"og:locale\" content=\"en_US\" \/>\n<meta property=\"og:type\" content=\"article\" \/>\n<meta property=\"og:title\" content=\"D\u00fc\u015f\u00fck Bas\u0131n\u00e7l\u0131 Lastikler ile Donat\u0131lm\u0131\u015f Volvo A30D - Eyli \u0130\u015f Makineleri\" \/>\n<meta property=\"og:description\" content=\"&nbsp; D\u00fc\u015f\u00fck bas\u0131n\u00e7l\u0131 lastikler ile donat\u0131lm\u0131\u015f olan Volvo A30D, tam y\u00fckl\u00fc durumda bile y\u00fcksek performans sa\u011flar. Zeminin sert ve sa\u011flam olmad\u0131\u011f\u0131, \u00e7amurlu, kaygan ve dolay\u0131s\u0131 ile \u00e7eki\u015fin d\u00fc\u015fece\u011fi arazi ko\u015fullar\u0131nda gerek ileri gerekse de geri s\u00fcr\u00fc\u015fte ve y\u00fcksek e\u011fim \u015fartlar\u0131nda verimlilik sunar. Bo\u015faltmada kayma yapmaz, damper hareketli iken \u00e7al\u0131\u015ft\u0131r\u0131labilir.\" \/>\n<meta property=\"og:url\" content=\"https:\/\/eyli.com.tr\/dusuk-basincli-lastikler-ile-donatilmis-volvo-a30d\/\" \/>\n<meta property=\"og:site_name\" content=\"Eyli \u0130\u015f Makineleri\" \/>\n<meta property=\"article:publisher\" content=\"https:\/\/www.facebook.com\/eylicomtr\" \/>\n<meta name=\"twitter:card\" content=\"summary_large_image\" \/>\n<script type=\"application\/ld+json\" class=\"yoast-schema-graph\">{\"@context\":\"https:\/\/schema.org\",\"@graph\":[{\"@type\":\"WebPage\",\"@id\":\"https:\/\/eyli.com.tr\/dusuk-basincli-lastikler-ile-donatilmis-volvo-a30d\/\",\"url\":\"https:\/\/eyli.com.tr\/dusuk-basincli-lastikler-ile-donatilmis-volvo-a30d\/\",\"name\":\"D\u00fc\u015f\u00fck Bas\u0131n\u00e7l\u0131 Lastikler ile Donat\u0131lm\u0131\u015f Volvo A30D - Eyli \u0130\u015f Makineleri\",\"isPartOf\":{\"@id\":\"https:\/\/eyli.com.tr\/#website\"},\"datePublished\":\"2016-05-22T20:01:06+00:00\",\"breadcrumb\":{\"@id\":\"https:\/\/eyli.com.tr\/dusuk-basincli-lastikler-ile-donatilmis-volvo-a30d\/#breadcrumb\"},\"inLanguage\":\"en-US\",\"potentialAction\":[{\"@type\":\"ReadAction\",\"target\":[\"https:\/\/eyli.com.tr\/dusuk-basincli-lastikler-ile-donatilmis-volvo-a30d\/\"]}]},{\"@type\":\"BreadcrumbList\",\"@id\":\"https:\/\/eyli.com.tr\/dusuk-basincli-lastikler-ile-donatilmis-volvo-a30d\/#breadcrumb\",\"itemListElement\":[{\"@type\":\"ListItem\",\"position\":1,\"name\":\"Ana sayfa\",\"item\":\"https:\/\/eyli.com.tr\/\"},{\"@type\":\"ListItem\",\"position\":2,\"name\":\"D\u00fc\u015f\u00fck Bas\u0131n\u00e7l\u0131 Lastikler ile Donat\u0131lm\u0131\u015f Volvo A30D\"}]},{\"@type\":\"WebSite\",\"@id\":\"https:\/\/eyli.com.tr\/#website\",\"url\":\"https:\/\/eyli.com.tr\/\",\"name\":\"Eyli \u0130\u015f Makineleri\",\"description\":\"\",\"publisher\":{\"@id\":\"https:\/\/eyli.com.tr\/#organization\"},\"potentialAction\":[{\"@type\":\"SearchAction\",\"target\":{\"@type\":\"EntryPoint\",\"urlTemplate\":\"https:\/\/eyli.com.tr\/?s={search_term_string}\"},\"query-input\":{\"@type\":\"PropertyValueSpecification\",\"valueRequired\":true,\"valueName\":\"search_term_string\"}}],\"inLanguage\":\"en-US\"},{\"@type\":\"Organization\",\"@id\":\"https:\/\/eyli.com.tr\/#organization\",\"name\":\"Eyli \u0130\u015f Makineleri\",\"url\":\"https:\/\/eyli.com.tr\/\",\"logo\":{\"@type\":\"ImageObject\",\"inLanguage\":\"en-US\",\"@id\":\"https:\/\/eyli.com.tr\/#\/schema\/logo\/image\/\",\"url\":\"https:\/\/eyli.com.tr\/wp-content\/uploads\/2020\/04\/WhatsApp-Image-2020-04-23-at-03.11.52-e1587829137284.jpeg\",\"contentUrl\":\"https:\/\/eyli.com.tr\/wp-content\/uploads\/2020\/04\/WhatsApp-Image-2020-04-23-at-03.11.52-e1587829137284.jpeg\",\"width\":1600,\"height\":900,\"caption\":\"Eyli \u0130\u015f Makineleri\"},\"image\":{\"@id\":\"https:\/\/eyli.com.tr\/#\/schema\/logo\/image\/\"},\"sameAs\":[\"https:\/\/www.facebook.com\/eylicomtr\"]}]}<\/script>\n<!-- \/ Yoast SEO plugin. -->","yoast_head_json":{"title":"D\u00fc\u015f\u00fck Bas\u0131n\u00e7l\u0131 Lastikler ile Donat\u0131lm\u0131\u015f Volvo A30D - Eyli \u0130\u015f Makineleri","robots":{"index":"index","follow":"follow","max-snippet":"max-snippet:-1","max-image-preview":"max-image-preview:large","max-video-preview":"max-video-preview:-1"},"canonical":"https:\/\/eyli.com.tr\/dusuk-basincli-lastikler-ile-donatilmis-volvo-a30d\/","og_locale":"en_US","og_type":"article","og_title":"D\u00fc\u015f\u00fck Bas\u0131n\u00e7l\u0131 Lastikler ile Donat\u0131lm\u0131\u015f Volvo A30D - Eyli \u0130\u015f Makineleri","og_description":"&nbsp; D\u00fc\u015f\u00fck bas\u0131n\u00e7l\u0131 lastikler ile donat\u0131lm\u0131\u015f olan Volvo A30D, tam y\u00fckl\u00fc durumda bile y\u00fcksek performans sa\u011flar. Zeminin sert ve sa\u011flam olmad\u0131\u011f\u0131, \u00e7amurlu, kaygan ve dolay\u0131s\u0131 ile \u00e7eki\u015fin d\u00fc\u015fece\u011fi arazi ko\u015fullar\u0131nda gerek ileri gerekse de geri s\u00fcr\u00fc\u015fte ve y\u00fcksek e\u011fim \u015fartlar\u0131nda verimlilik sunar. Bo\u015faltmada kayma yapmaz, damper hareketli iken \u00e7al\u0131\u015ft\u0131r\u0131labilir.","og_url":"https:\/\/eyli.com.tr\/dusuk-basincli-lastikler-ile-donatilmis-volvo-a30d\/","og_site_name":"Eyli \u0130\u015f Makineleri","article_publisher":"https:\/\/www.facebook.com\/eylicomtr","twitter_card":"summary_large_image","schema":{"@context":"https:\/\/schema.org","@graph":[{"@type":"WebPage","@id":"https:\/\/eyli.com.tr\/dusuk-basincli-lastikler-ile-donatilmis-volvo-a30d\/","url":"https:\/\/eyli.com.tr\/dusuk-basincli-lastikler-ile-donatilmis-volvo-a30d\/","name":"D\u00fc\u015f\u00fck Bas\u0131n\u00e7l\u0131 Lastikler ile Donat\u0131lm\u0131\u015f Volvo A30D - Eyli \u0130\u015f Makineleri","isPartOf":{"@id":"https:\/\/eyli.com.tr\/#website"},"datePublished":"2016-05-22T20:01:06+00:00","breadcrumb":{"@id":"https:\/\/eyli.com.tr\/dusuk-basincli-lastikler-ile-donatilmis-volvo-a30d\/#breadcrumb"},"inLanguage":"en-US","potentialAction":[{"@type":"ReadAction","target":["https:\/\/eyli.com.tr\/dusuk-basincli-lastikler-ile-donatilmis-volvo-a30d\/"]}]},{"@type":"BreadcrumbList","@id":"https:\/\/eyli.com.tr\/dusuk-basincli-lastikler-ile-donatilmis-volvo-a30d\/#breadcrumb","itemListElement":[{"@type":"ListItem","position":1,"name":"Ana sayfa","item":"https:\/\/eyli.com.tr\/"},{"@type":"ListItem","position":2,"name":"D\u00fc\u015f\u00fck Bas\u0131n\u00e7l\u0131 Lastikler ile Donat\u0131lm\u0131\u015f Volvo A30D"}]},{"@type":"WebSite","@id":"https:\/\/eyli.com.tr\/#website","url":"https:\/\/eyli.com.tr\/","name":"Eyli \u0130\u015f Makineleri","description":"","publisher":{"@id":"https:\/\/eyli.com.tr\/#organization"},"potentialAction":[{"@type":"SearchAction","target":{"@type":"EntryPoint","urlTemplate":"https:\/\/eyli.com.tr\/?s={search_term_string}"},"query-input":{"@type":"PropertyValueSpecification","valueRequired":true,"valueName":"search_term_string"}}],"inLanguage":"en-US"},{"@type":"Organization","@id":"https:\/\/eyli.com.tr\/#organization","name":"Eyli \u0130\u015f Makineleri","url":"https:\/\/eyli.com.tr\/","logo":{"@type":"ImageObject","inLanguage":"en-US","@id":"https:\/\/eyli.com.tr\/#\/schema\/logo\/image\/","url":"https:\/\/eyli.com.tr\/wp-content\/uploads\/2020\/04\/WhatsApp-Image-2020-04-23-at-03.11.52-e1587829137284.jpeg","contentUrl":"https:\/\/eyli.com.tr\/wp-content\/uploads\/2020\/04\/WhatsApp-Image-2020-04-23-at-03.11.52-e1587829137284.jpeg","width":1600,"height":900,"caption":"Eyli \u0130\u015f Makineleri"},"image":{"@id":"https:\/\/eyli.com.tr\/#\/schema\/logo\/image\/"},"sameAs":["https:\/\/www.facebook.com\/eylicomtr"]}]}},"_links":{"self":[{"href":"https:\/\/eyli.com.tr\/en\/wp-json\/wp\/v2\/pages\/1161","targetHints":{"allow":["GET"]}}],"collection":[{"href":"https:\/\/eyli.com.tr\/en\/wp-json\/wp\/v2\/pages"}],"about":[{"href":"https:\/\/eyli.com.tr\/en\/wp-json\/wp\/v2\/types\/page"}],"author":[{"embeddable":true,"href":"https:\/\/eyli.com.tr\/en\/wp-json\/wp\/v2\/users\/1"}],"replies":[{"embeddable":true,"href":"https:\/\/eyli.com.tr\/en\/wp-json\/wp\/v2\/comments?post=1161"}],"version-history":[{"count":1,"href":"https:\/\/eyli.com.tr\/en\/wp-json\/wp\/v2\/pages\/1161\/revisions"}],"predecessor-version":[{"id":1171,"href":"https:\/\/eyli.com.tr\/en\/wp-json\/wp\/v2\/pages\/1161\/revisions\/1171"}],"wp:attachment":[{"href":"https:\/\/eyli.com.tr\/en\/wp-json\/wp\/v2\/media?parent=1161"}],"curies":[{"name":"wp","href":"https:\/\/api.w.org\/{rel}","templated":true}]}}