{"id":1160,"date":"2016-05-22T23:01:27","date_gmt":"2016-05-22T20:01:27","guid":{"rendered":"http:\/\/eyli.com.tr\/?page_id=1160"},"modified":"2016-05-22T23:02:03","modified_gmt":"2016-05-22T20:02:03","slug":"volvo-a25e-yuk-kamyonlari-her-tip-tekerlekli-veya-paletli-kepce-ile-rahat-bir-sekilde-calisabilirler","status":"publish","type":"page","link":"https:\/\/eyli.com.tr\/en\/volvo-a25e-yuk-kamyonlari-her-tip-tekerlekli-veya-paletli-kepce-ile-rahat-bir-sekilde-calisabilirler\/","title":{"rendered":"Volvo A25E Y\u00fck Kamyonlar\u0131 Her Tip Tekerlekli veya Paletli Kep\u00e7e ile Rahat Bir \u015eekilde \u00c7al\u0131\u015fabilirler"},"content":{"rendered":"<div class=\"embed-responsive embed-responsive-16by9 index-img\"><iframe loading=\"lazy\" class=\"embed-responsive-item\" src=\"https:\/\/www.youtube.com\/embed\/uGPBycgAr6s\" width=\"300\" height=\"150\" frameborder=\"0\" allowfullscreen=\"allowfullscreen\"><\/iframe><\/div>\n<p>&nbsp;<\/p>\n<p>Volvo A25E Mafsall\u0131 y\u00fck kaya kamyonlar\u0131, her tip tekerlekli veya paletli kep\u00e7e ile rahat bir \u015fekilde \u00e7al\u0131\u015fabilirler. \u015eantiyenin genel verimlili\u011finin ve dolay\u0131s\u0131 ile ba\u015far\u0131s\u0131n\u0131n, i\u015f makinelerinin birbirleri olan uyumu ile belirlendi\u011fi d\u00fc\u015f\u00fcn\u00fcl\u00fcrse A25E nin fonksiyonelli\u011finin bu konuda \u00e7ok faydal\u0131 oldu\u011fu g\u00f6r\u00fclmektedir. A25E nin g\u00fcvenilirli\u011fi, kendini \u00f6zellikle zeminin yumu\u015fak ve kaygan oldu\u011fu plaj ve sulu kum sahalar\u0131nda g\u00f6stermektedir.<\/p>\n","protected":false},"excerpt":{"rendered":"<p>&nbsp; Volvo A25E Mafsall\u0131 y\u00fck kaya kamyonlar\u0131, her tip tekerlekli veya paletli kep\u00e7e ile rahat bir \u015fekilde \u00e7al\u0131\u015fabilirler. \u015eantiyenin genel verimlili\u011finin ve dolay\u0131s\u0131 ile ba\u015far\u0131s\u0131n\u0131n, i\u015f makinelerinin birbirleri olan uyumu ile belirlendi\u011fi d\u00fc\u015f\u00fcn\u00fcl\u00fcrse A25E nin fonksiyonelli\u011finin bu konuda \u00e7ok faydal\u0131 oldu\u011fu g\u00f6r\u00fclmektedir. A25E nin g\u00fcvenilirli\u011fi, kendini \u00f6zellikle zeminin yumu\u015fak ve kaygan oldu\u011fu plaj ve sulu [&hellip;]<\/p>\n","protected":false},"author":1,"featured_media":0,"parent":0,"menu_order":0,"comment_status":"closed","ping_status":"closed","template":"page-fullwidth.php","meta":{"footnotes":""},"class_list":["post-1160","page","type-page","status-publish","hentry"],"yoast_head":"<!-- This site is optimized with the Yoast SEO plugin v26.8 - https:\/\/yoast.com\/product\/yoast-seo-wordpress\/ -->\n<title>Volvo A25E Y\u00fck Kamyonlar\u0131 Her Tip Tekerlekli veya Paletli Kep\u00e7e ile Rahat Bir \u015eekilde \u00c7al\u0131\u015fabilirler - Eyli \u0130\u015f Makineleri<\/title>\n<meta name=\"robots\" content=\"index, follow, max-snippet:-1, max-image-preview:large, max-video-preview:-1\" \/>\n<link rel=\"canonical\" href=\"https:\/\/eyli.com.tr\/volvo-a25e-yuk-kamyonlari-her-tip-tekerlekli-veya-paletli-kepce-ile-rahat-bir-sekilde-calisabilirler\/\" \/>\n<meta property=\"og:locale\" content=\"en_US\" \/>\n<meta property=\"og:type\" content=\"article\" \/>\n<meta property=\"og:title\" content=\"Volvo A25E Y\u00fck Kamyonlar\u0131 Her Tip Tekerlekli veya Paletli Kep\u00e7e ile Rahat Bir \u015eekilde \u00c7al\u0131\u015fabilirler - Eyli \u0130\u015f Makineleri\" \/>\n<meta property=\"og:description\" content=\"&nbsp; Volvo A25E Mafsall\u0131 y\u00fck kaya kamyonlar\u0131, her tip tekerlekli veya paletli kep\u00e7e ile rahat bir \u015fekilde \u00e7al\u0131\u015fabilirler. \u015eantiyenin genel verimlili\u011finin ve dolay\u0131s\u0131 ile ba\u015far\u0131s\u0131n\u0131n, i\u015f makinelerinin birbirleri olan uyumu ile belirlendi\u011fi d\u00fc\u015f\u00fcn\u00fcl\u00fcrse A25E nin fonksiyonelli\u011finin bu konuda \u00e7ok faydal\u0131 oldu\u011fu g\u00f6r\u00fclmektedir. A25E nin g\u00fcvenilirli\u011fi, kendini \u00f6zellikle zeminin yumu\u015fak ve kaygan oldu\u011fu plaj ve sulu [&hellip;]\" \/>\n<meta property=\"og:url\" content=\"https:\/\/eyli.com.tr\/volvo-a25e-yuk-kamyonlari-her-tip-tekerlekli-veya-paletli-kepce-ile-rahat-bir-sekilde-calisabilirler\/\" \/>\n<meta property=\"og:site_name\" content=\"Eyli \u0130\u015f Makineleri\" \/>\n<meta property=\"article:publisher\" content=\"https:\/\/www.facebook.com\/eylicomtr\" \/>\n<meta property=\"article:modified_time\" content=\"2016-05-22T20:02:03+00:00\" \/>\n<meta name=\"twitter:card\" content=\"summary_large_image\" \/>\n<script type=\"application\/ld+json\" class=\"yoast-schema-graph\">{\"@context\":\"https:\/\/schema.org\",\"@graph\":[{\"@type\":\"WebPage\",\"@id\":\"https:\/\/eyli.com.tr\/volvo-a25e-yuk-kamyonlari-her-tip-tekerlekli-veya-paletli-kepce-ile-rahat-bir-sekilde-calisabilirler\/\",\"url\":\"https:\/\/eyli.com.tr\/volvo-a25e-yuk-kamyonlari-her-tip-tekerlekli-veya-paletli-kepce-ile-rahat-bir-sekilde-calisabilirler\/\",\"name\":\"Volvo A25E Y\u00fck Kamyonlar\u0131 Her Tip Tekerlekli veya Paletli Kep\u00e7e ile Rahat Bir \u015eekilde \u00c7al\u0131\u015fabilirler - Eyli \u0130\u015f Makineleri\",\"isPartOf\":{\"@id\":\"https:\/\/eyli.com.tr\/#website\"},\"datePublished\":\"2016-05-22T20:01:27+00:00\",\"dateModified\":\"2016-05-22T20:02:03+00:00\",\"breadcrumb\":{\"@id\":\"https:\/\/eyli.com.tr\/volvo-a25e-yuk-kamyonlari-her-tip-tekerlekli-veya-paletli-kepce-ile-rahat-bir-sekilde-calisabilirler\/#breadcrumb\"},\"inLanguage\":\"en-US\",\"potentialAction\":[{\"@type\":\"ReadAction\",\"target\":[\"https:\/\/eyli.com.tr\/volvo-a25e-yuk-kamyonlari-her-tip-tekerlekli-veya-paletli-kepce-ile-rahat-bir-sekilde-calisabilirler\/\"]}]},{\"@type\":\"BreadcrumbList\",\"@id\":\"https:\/\/eyli.com.tr\/volvo-a25e-yuk-kamyonlari-her-tip-tekerlekli-veya-paletli-kepce-ile-rahat-bir-sekilde-calisabilirler\/#breadcrumb\",\"itemListElement\":[{\"@type\":\"ListItem\",\"position\":1,\"name\":\"Ana sayfa\",\"item\":\"https:\/\/eyli.com.tr\/\"},{\"@type\":\"ListItem\",\"position\":2,\"name\":\"Volvo A25E Y\u00fck Kamyonlar\u0131 Her Tip Tekerlekli veya Paletli Kep\u00e7e ile Rahat Bir \u015eekilde \u00c7al\u0131\u015fabilirler\"}]},{\"@type\":\"WebSite\",\"@id\":\"https:\/\/eyli.com.tr\/#website\",\"url\":\"https:\/\/eyli.com.tr\/\",\"name\":\"Eyli \u0130\u015f Makineleri\",\"description\":\"\",\"publisher\":{\"@id\":\"https:\/\/eyli.com.tr\/#organization\"},\"potentialAction\":[{\"@type\":\"SearchAction\",\"target\":{\"@type\":\"EntryPoint\",\"urlTemplate\":\"https:\/\/eyli.com.tr\/?s={search_term_string}\"},\"query-input\":{\"@type\":\"PropertyValueSpecification\",\"valueRequired\":true,\"valueName\":\"search_term_string\"}}],\"inLanguage\":\"en-US\"},{\"@type\":\"Organization\",\"@id\":\"https:\/\/eyli.com.tr\/#organization\",\"name\":\"Eyli \u0130\u015f Makineleri\",\"url\":\"https:\/\/eyli.com.tr\/\",\"logo\":{\"@type\":\"ImageObject\",\"inLanguage\":\"en-US\",\"@id\":\"https:\/\/eyli.com.tr\/#\/schema\/logo\/image\/\",\"url\":\"https:\/\/eyli.com.tr\/wp-content\/uploads\/2020\/04\/WhatsApp-Image-2020-04-23-at-03.11.52-e1587829137284.jpeg\",\"contentUrl\":\"https:\/\/eyli.com.tr\/wp-content\/uploads\/2020\/04\/WhatsApp-Image-2020-04-23-at-03.11.52-e1587829137284.jpeg\",\"width\":1600,\"height\":900,\"caption\":\"Eyli \u0130\u015f Makineleri\"},\"image\":{\"@id\":\"https:\/\/eyli.com.tr\/#\/schema\/logo\/image\/\"},\"sameAs\":[\"https:\/\/www.facebook.com\/eylicomtr\"]}]}<\/script>\n<!-- \/ Yoast SEO plugin. -->","yoast_head_json":{"title":"Volvo A25E Y\u00fck Kamyonlar\u0131 Her Tip Tekerlekli veya Paletli Kep\u00e7e ile Rahat Bir \u015eekilde \u00c7al\u0131\u015fabilirler - Eyli \u0130\u015f Makineleri","robots":{"index":"index","follow":"follow","max-snippet":"max-snippet:-1","max-image-preview":"max-image-preview:large","max-video-preview":"max-video-preview:-1"},"canonical":"https:\/\/eyli.com.tr\/volvo-a25e-yuk-kamyonlari-her-tip-tekerlekli-veya-paletli-kepce-ile-rahat-bir-sekilde-calisabilirler\/","og_locale":"en_US","og_type":"article","og_title":"Volvo A25E Y\u00fck Kamyonlar\u0131 Her Tip Tekerlekli veya Paletli Kep\u00e7e ile Rahat Bir \u015eekilde \u00c7al\u0131\u015fabilirler - Eyli \u0130\u015f Makineleri","og_description":"&nbsp; Volvo A25E Mafsall\u0131 y\u00fck kaya kamyonlar\u0131, her tip tekerlekli veya paletli kep\u00e7e ile rahat bir \u015fekilde \u00e7al\u0131\u015fabilirler. \u015eantiyenin genel verimlili\u011finin ve dolay\u0131s\u0131 ile ba\u015far\u0131s\u0131n\u0131n, i\u015f makinelerinin birbirleri olan uyumu ile belirlendi\u011fi d\u00fc\u015f\u00fcn\u00fcl\u00fcrse A25E nin fonksiyonelli\u011finin bu konuda \u00e7ok faydal\u0131 oldu\u011fu g\u00f6r\u00fclmektedir. A25E nin g\u00fcvenilirli\u011fi, kendini \u00f6zellikle zeminin yumu\u015fak ve kaygan oldu\u011fu plaj ve sulu [&hellip;]","og_url":"https:\/\/eyli.com.tr\/volvo-a25e-yuk-kamyonlari-her-tip-tekerlekli-veya-paletli-kepce-ile-rahat-bir-sekilde-calisabilirler\/","og_site_name":"Eyli \u0130\u015f Makineleri","article_publisher":"https:\/\/www.facebook.com\/eylicomtr","article_modified_time":"2016-05-22T20:02:03+00:00","twitter_card":"summary_large_image","schema":{"@context":"https:\/\/schema.org","@graph":[{"@type":"WebPage","@id":"https:\/\/eyli.com.tr\/volvo-a25e-yuk-kamyonlari-her-tip-tekerlekli-veya-paletli-kepce-ile-rahat-bir-sekilde-calisabilirler\/","url":"https:\/\/eyli.com.tr\/volvo-a25e-yuk-kamyonlari-her-tip-tekerlekli-veya-paletli-kepce-ile-rahat-bir-sekilde-calisabilirler\/","name":"Volvo A25E Y\u00fck Kamyonlar\u0131 Her Tip Tekerlekli veya Paletli Kep\u00e7e ile Rahat Bir \u015eekilde \u00c7al\u0131\u015fabilirler - Eyli \u0130\u015f Makineleri","isPartOf":{"@id":"https:\/\/eyli.com.tr\/#website"},"datePublished":"2016-05-22T20:01:27+00:00","dateModified":"2016-05-22T20:02:03+00:00","breadcrumb":{"@id":"https:\/\/eyli.com.tr\/volvo-a25e-yuk-kamyonlari-her-tip-tekerlekli-veya-paletli-kepce-ile-rahat-bir-sekilde-calisabilirler\/#breadcrumb"},"inLanguage":"en-US","potentialAction":[{"@type":"ReadAction","target":["https:\/\/eyli.com.tr\/volvo-a25e-yuk-kamyonlari-her-tip-tekerlekli-veya-paletli-kepce-ile-rahat-bir-sekilde-calisabilirler\/"]}]},{"@type":"BreadcrumbList","@id":"https:\/\/eyli.com.tr\/volvo-a25e-yuk-kamyonlari-her-tip-tekerlekli-veya-paletli-kepce-ile-rahat-bir-sekilde-calisabilirler\/#breadcrumb","itemListElement":[{"@type":"ListItem","position":1,"name":"Ana sayfa","item":"https:\/\/eyli.com.tr\/"},{"@type":"ListItem","position":2,"name":"Volvo A25E Y\u00fck Kamyonlar\u0131 Her Tip Tekerlekli veya Paletli Kep\u00e7e ile Rahat Bir \u015eekilde \u00c7al\u0131\u015fabilirler"}]},{"@type":"WebSite","@id":"https:\/\/eyli.com.tr\/#website","url":"https:\/\/eyli.com.tr\/","name":"Eyli \u0130\u015f Makineleri","description":"","publisher":{"@id":"https:\/\/eyli.com.tr\/#organization"},"potentialAction":[{"@type":"SearchAction","target":{"@type":"EntryPoint","urlTemplate":"https:\/\/eyli.com.tr\/?s={search_term_string}"},"query-input":{"@type":"PropertyValueSpecification","valueRequired":true,"valueName":"search_term_string"}}],"inLanguage":"en-US"},{"@type":"Organization","@id":"https:\/\/eyli.com.tr\/#organization","name":"Eyli \u0130\u015f Makineleri","url":"https:\/\/eyli.com.tr\/","logo":{"@type":"ImageObject","inLanguage":"en-US","@id":"https:\/\/eyli.com.tr\/#\/schema\/logo\/image\/","url":"https:\/\/eyli.com.tr\/wp-content\/uploads\/2020\/04\/WhatsApp-Image-2020-04-23-at-03.11.52-e1587829137284.jpeg","contentUrl":"https:\/\/eyli.com.tr\/wp-content\/uploads\/2020\/04\/WhatsApp-Image-2020-04-23-at-03.11.52-e1587829137284.jpeg","width":1600,"height":900,"caption":"Eyli \u0130\u015f Makineleri"},"image":{"@id":"https:\/\/eyli.com.tr\/#\/schema\/logo\/image\/"},"sameAs":["https:\/\/www.facebook.com\/eylicomtr"]}]}},"_links":{"self":[{"href":"https:\/\/eyli.com.tr\/en\/wp-json\/wp\/v2\/pages\/1160","targetHints":{"allow":["GET"]}}],"collection":[{"href":"https:\/\/eyli.com.tr\/en\/wp-json\/wp\/v2\/pages"}],"about":[{"href":"https:\/\/eyli.com.tr\/en\/wp-json\/wp\/v2\/types\/page"}],"author":[{"embeddable":true,"href":"https:\/\/eyli.com.tr\/en\/wp-json\/wp\/v2\/users\/1"}],"replies":[{"embeddable":true,"href":"https:\/\/eyli.com.tr\/en\/wp-json\/wp\/v2\/comments?post=1160"}],"version-history":[{"count":2,"href":"https:\/\/eyli.com.tr\/en\/wp-json\/wp\/v2\/pages\/1160\/revisions"}],"predecessor-version":[{"id":1257,"href":"https:\/\/eyli.com.tr\/en\/wp-json\/wp\/v2\/pages\/1160\/revisions\/1257"}],"wp:attachment":[{"href":"https:\/\/eyli.com.tr\/en\/wp-json\/wp\/v2\/media?parent=1160"}],"curies":[{"name":"wp","href":"https:\/\/api.w.org\/{rel}","templated":true}]}}