{"id":1159,"date":"2016-05-22T23:03:32","date_gmt":"2016-05-22T20:03:32","guid":{"rendered":"http:\/\/eyli.com.tr\/?page_id=1159"},"modified":"2016-05-22T23:03:32","modified_gmt":"2016-05-22T20:03:32","slug":"volvo-belden-kirmali-yuk-tasiyici-kaya-kamyonu","status":"publish","type":"page","link":"https:\/\/eyli.com.tr\/en\/volvo-belden-kirmali-yuk-tasiyici-kaya-kamyonu\/","title":{"rendered":"Volvo Belden K\u0131rmal\u0131 Y\u00fck Ta\u015f\u0131y\u0131c\u0131 Kaya Kamyonu"},"content":{"rendered":"<div class=\"embed-responsive embed-responsive-16by9 index-img\"><iframe loading=\"lazy\" class=\"embed-responsive-item\" src=\"https:\/\/www.youtube.com\/embed\/FXijVknRNrU\" width=\"300\" height=\"150\" frameborder=\"0\" allowfullscreen=\"allowfullscreen\"><\/iframe><\/div>\n<p>&nbsp;<\/p>\n<p>Volvo belden k\u0131rmal\u0131\u00a0y\u00fck ta\u015f\u0131y\u0131c\u0131 kaya kamyonu, \u00fcr\u00fcn yelpazemizde bulunan en k\u00fc\u00e7\u00fck ara\u00e7 olmas\u0131na ra\u011fmen a\u011f\u0131r ihtiya\u00e7lar i\u00e7in \u00fcretilmi\u015ftir. Etkili ve esnek bir ta\u015f\u0131ma kamyonuna ihtiya\u00e7 duydu\u011funuzda \u00e7ok \u00e7e\u015fitli g\u00f6revleri yerine getirebilecek olan A25E, arad\u0131\u011f\u0131n\u0131z ara\u00e7 olacakt\u0131r. Y\u00fcksek g\u00f6r\u00fc\u015f, operat\u00f6r kontrolleri ve kompakt boyutlar\u0131 ile dar alanlarda esneklik gerektiren par\u00e7alama alanlar\u0131, maden ve yol in\u015faat sahalar\u0131 i\u00e7in m\u00fckemmel \u00e7\u00f6z\u00fcmd\u00fcr. K\u00f6t\u00fc hava ko\u015fullar\u0131, i\u015f sahalar\u0131ndaki ta\u015f\u0131ma yollar\u0131n\u0131 pek \u00e7ok ara\u00e7 i\u00e7in ge\u00e7ilmez yapabilmektedir. Geleneksel mafsall\u0131 ta\u015f\u0131y\u0131c\u0131lar b\u00f6yle durumlarda ya uzun yolu tercih edecekler ya s\u0131k\u0131\u015f\u0131p kalma tehlikesi ile kar\u015f\u0131 kar\u015f\u0131ya kalacaklard\u0131r. Volvonun A25E Mafsall\u0131 ta\u015f\u0131y\u0131c\u0131lar\u0131 ise y\u00fckleme ve bo\u015faltma sahalar\u0131 aras\u0131nda g\u00fcvenle yol alabilmektedir. Y\u00fcksek manevra kabiliyeti, d\u00f6ner aks\u0131 ve mafsall\u0131 s\u00fcr\u00fc\u015f \u00f6zelli\u011fi ile trakt\u00f6r vs nin d\u00f6n\u00fc\u015f yapamad\u0131\u011f\u0131 yerlerde kullan\u0131labilir. Volvonun yumu\u015fak dengeleyici s\u00fcr\u00fc\u015f \u00f6zelli\u011fi binek ara\u00e7lara benzer bir s\u00fcr\u00fc\u015f hissi verir ve arac\u0131 ta\u015f\u0131ma yolunda tutabilmek a\u00e7\u0131s\u0131ndan en d\u00fc\u015f\u00fck efor sarfiyat\u0131 sa\u011flar. Bu nedenlerden dolay\u0131 git gide daha \u00e7ok y\u00fcklenici, a\u011f\u0131r ihtiya\u00e7lar\u0131n oldu\u011fu ve pek \u00e7ok uygulaman\u0131n gerekli oldu\u011fu durumlar i\u00e7in Volvo A25E gibi Volvo Mafsall\u0131 ta\u015f\u0131ma kamyonlar\u0131n\u0131 tercih etmektedir. \u00a0Verimli bir i\u015f sahas\u0131n\u0131n karl\u0131 bir i\u015f sahas\u0131 oldu\u011fu bilinmektedir.<\/p>\n","protected":false},"excerpt":{"rendered":"<p>&nbsp; Volvo belden k\u0131rmal\u0131\u00a0y\u00fck ta\u015f\u0131y\u0131c\u0131 kaya kamyonu, \u00fcr\u00fcn yelpazemizde bulunan en k\u00fc\u00e7\u00fck ara\u00e7 olmas\u0131na ra\u011fmen a\u011f\u0131r ihtiya\u00e7lar i\u00e7in \u00fcretilmi\u015ftir. Etkili ve esnek bir ta\u015f\u0131ma kamyonuna ihtiya\u00e7 duydu\u011funuzda \u00e7ok \u00e7e\u015fitli g\u00f6revleri yerine getirebilecek olan A25E, arad\u0131\u011f\u0131n\u0131z ara\u00e7 olacakt\u0131r. Y\u00fcksek g\u00f6r\u00fc\u015f, operat\u00f6r kontrolleri ve kompakt boyutlar\u0131 ile dar alanlarda esneklik gerektiren par\u00e7alama alanlar\u0131, maden ve yol in\u015faat [&hellip;]<\/p>\n","protected":false},"author":1,"featured_media":0,"parent":0,"menu_order":0,"comment_status":"closed","ping_status":"closed","template":"page-fullwidth.php","meta":{"footnotes":""},"class_list":["post-1159","page","type-page","status-publish","hentry"],"yoast_head":"<!-- This site is optimized with the Yoast SEO plugin v26.8 - https:\/\/yoast.com\/product\/yoast-seo-wordpress\/ -->\n<title>Volvo Belden K\u0131rmal\u0131 Y\u00fck Ta\u015f\u0131y\u0131c\u0131 Kaya Kamyonu - Eyli \u0130\u015f Makineleri<\/title>\n<meta name=\"robots\" content=\"index, follow, max-snippet:-1, max-image-preview:large, max-video-preview:-1\" \/>\n<link rel=\"canonical\" href=\"https:\/\/eyli.com.tr\/volvo-belden-kirmali-yuk-tasiyici-kaya-kamyonu\/\" \/>\n<meta property=\"og:locale\" content=\"en_US\" \/>\n<meta property=\"og:type\" content=\"article\" \/>\n<meta property=\"og:title\" content=\"Volvo Belden K\u0131rmal\u0131 Y\u00fck Ta\u015f\u0131y\u0131c\u0131 Kaya Kamyonu - Eyli \u0130\u015f Makineleri\" \/>\n<meta property=\"og:description\" content=\"&nbsp; Volvo belden k\u0131rmal\u0131\u00a0y\u00fck ta\u015f\u0131y\u0131c\u0131 kaya kamyonu, \u00fcr\u00fcn yelpazemizde bulunan en k\u00fc\u00e7\u00fck ara\u00e7 olmas\u0131na ra\u011fmen a\u011f\u0131r ihtiya\u00e7lar i\u00e7in \u00fcretilmi\u015ftir. Etkili ve esnek bir ta\u015f\u0131ma kamyonuna ihtiya\u00e7 duydu\u011funuzda \u00e7ok \u00e7e\u015fitli g\u00f6revleri yerine getirebilecek olan A25E, arad\u0131\u011f\u0131n\u0131z ara\u00e7 olacakt\u0131r. Y\u00fcksek g\u00f6r\u00fc\u015f, operat\u00f6r kontrolleri ve kompakt boyutlar\u0131 ile dar alanlarda esneklik gerektiren par\u00e7alama alanlar\u0131, maden ve yol in\u015faat [&hellip;]\" \/>\n<meta property=\"og:url\" content=\"https:\/\/eyli.com.tr\/volvo-belden-kirmali-yuk-tasiyici-kaya-kamyonu\/\" \/>\n<meta property=\"og:site_name\" content=\"Eyli \u0130\u015f Makineleri\" \/>\n<meta property=\"article:publisher\" content=\"https:\/\/www.facebook.com\/eylicomtr\" \/>\n<meta name=\"twitter:card\" content=\"summary_large_image\" \/>\n<meta name=\"twitter:label1\" content=\"Est. reading time\" \/>\n\t<meta name=\"twitter:data1\" content=\"1 minute\" \/>\n<script type=\"application\/ld+json\" class=\"yoast-schema-graph\">{\"@context\":\"https:\/\/schema.org\",\"@graph\":[{\"@type\":\"WebPage\",\"@id\":\"https:\/\/eyli.com.tr\/volvo-belden-kirmali-yuk-tasiyici-kaya-kamyonu\/\",\"url\":\"https:\/\/eyli.com.tr\/volvo-belden-kirmali-yuk-tasiyici-kaya-kamyonu\/\",\"name\":\"Volvo Belden K\u0131rmal\u0131 Y\u00fck Ta\u015f\u0131y\u0131c\u0131 Kaya Kamyonu - Eyli \u0130\u015f Makineleri\",\"isPartOf\":{\"@id\":\"https:\/\/eyli.com.tr\/#website\"},\"datePublished\":\"2016-05-22T20:03:32+00:00\",\"breadcrumb\":{\"@id\":\"https:\/\/eyli.com.tr\/volvo-belden-kirmali-yuk-tasiyici-kaya-kamyonu\/#breadcrumb\"},\"inLanguage\":\"en-US\",\"potentialAction\":[{\"@type\":\"ReadAction\",\"target\":[\"https:\/\/eyli.com.tr\/volvo-belden-kirmali-yuk-tasiyici-kaya-kamyonu\/\"]}]},{\"@type\":\"BreadcrumbList\",\"@id\":\"https:\/\/eyli.com.tr\/volvo-belden-kirmali-yuk-tasiyici-kaya-kamyonu\/#breadcrumb\",\"itemListElement\":[{\"@type\":\"ListItem\",\"position\":1,\"name\":\"Ana sayfa\",\"item\":\"https:\/\/eyli.com.tr\/\"},{\"@type\":\"ListItem\",\"position\":2,\"name\":\"Volvo Belden K\u0131rmal\u0131 Y\u00fck Ta\u015f\u0131y\u0131c\u0131 Kaya Kamyonu\"}]},{\"@type\":\"WebSite\",\"@id\":\"https:\/\/eyli.com.tr\/#website\",\"url\":\"https:\/\/eyli.com.tr\/\",\"name\":\"Eyli \u0130\u015f Makineleri\",\"description\":\"\",\"publisher\":{\"@id\":\"https:\/\/eyli.com.tr\/#organization\"},\"potentialAction\":[{\"@type\":\"SearchAction\",\"target\":{\"@type\":\"EntryPoint\",\"urlTemplate\":\"https:\/\/eyli.com.tr\/?s={search_term_string}\"},\"query-input\":{\"@type\":\"PropertyValueSpecification\",\"valueRequired\":true,\"valueName\":\"search_term_string\"}}],\"inLanguage\":\"en-US\"},{\"@type\":\"Organization\",\"@id\":\"https:\/\/eyli.com.tr\/#organization\",\"name\":\"Eyli \u0130\u015f Makineleri\",\"url\":\"https:\/\/eyli.com.tr\/\",\"logo\":{\"@type\":\"ImageObject\",\"inLanguage\":\"en-US\",\"@id\":\"https:\/\/eyli.com.tr\/#\/schema\/logo\/image\/\",\"url\":\"https:\/\/eyli.com.tr\/wp-content\/uploads\/2020\/04\/WhatsApp-Image-2020-04-23-at-03.11.52-e1587829137284.jpeg\",\"contentUrl\":\"https:\/\/eyli.com.tr\/wp-content\/uploads\/2020\/04\/WhatsApp-Image-2020-04-23-at-03.11.52-e1587829137284.jpeg\",\"width\":1600,\"height\":900,\"caption\":\"Eyli \u0130\u015f Makineleri\"},\"image\":{\"@id\":\"https:\/\/eyli.com.tr\/#\/schema\/logo\/image\/\"},\"sameAs\":[\"https:\/\/www.facebook.com\/eylicomtr\"]}]}<\/script>\n<!-- \/ Yoast SEO plugin. -->","yoast_head_json":{"title":"Volvo Belden K\u0131rmal\u0131 Y\u00fck Ta\u015f\u0131y\u0131c\u0131 Kaya Kamyonu - Eyli \u0130\u015f Makineleri","robots":{"index":"index","follow":"follow","max-snippet":"max-snippet:-1","max-image-preview":"max-image-preview:large","max-video-preview":"max-video-preview:-1"},"canonical":"https:\/\/eyli.com.tr\/volvo-belden-kirmali-yuk-tasiyici-kaya-kamyonu\/","og_locale":"en_US","og_type":"article","og_title":"Volvo Belden K\u0131rmal\u0131 Y\u00fck Ta\u015f\u0131y\u0131c\u0131 Kaya Kamyonu - Eyli \u0130\u015f Makineleri","og_description":"&nbsp; Volvo belden k\u0131rmal\u0131\u00a0y\u00fck ta\u015f\u0131y\u0131c\u0131 kaya kamyonu, \u00fcr\u00fcn yelpazemizde bulunan en k\u00fc\u00e7\u00fck ara\u00e7 olmas\u0131na ra\u011fmen a\u011f\u0131r ihtiya\u00e7lar i\u00e7in \u00fcretilmi\u015ftir. Etkili ve esnek bir ta\u015f\u0131ma kamyonuna ihtiya\u00e7 duydu\u011funuzda \u00e7ok \u00e7e\u015fitli g\u00f6revleri yerine getirebilecek olan A25E, arad\u0131\u011f\u0131n\u0131z ara\u00e7 olacakt\u0131r. Y\u00fcksek g\u00f6r\u00fc\u015f, operat\u00f6r kontrolleri ve kompakt boyutlar\u0131 ile dar alanlarda esneklik gerektiren par\u00e7alama alanlar\u0131, maden ve yol in\u015faat [&hellip;]","og_url":"https:\/\/eyli.com.tr\/volvo-belden-kirmali-yuk-tasiyici-kaya-kamyonu\/","og_site_name":"Eyli \u0130\u015f Makineleri","article_publisher":"https:\/\/www.facebook.com\/eylicomtr","twitter_card":"summary_large_image","twitter_misc":{"Est. reading time":"1 minute"},"schema":{"@context":"https:\/\/schema.org","@graph":[{"@type":"WebPage","@id":"https:\/\/eyli.com.tr\/volvo-belden-kirmali-yuk-tasiyici-kaya-kamyonu\/","url":"https:\/\/eyli.com.tr\/volvo-belden-kirmali-yuk-tasiyici-kaya-kamyonu\/","name":"Volvo Belden K\u0131rmal\u0131 Y\u00fck Ta\u015f\u0131y\u0131c\u0131 Kaya Kamyonu - Eyli \u0130\u015f Makineleri","isPartOf":{"@id":"https:\/\/eyli.com.tr\/#website"},"datePublished":"2016-05-22T20:03:32+00:00","breadcrumb":{"@id":"https:\/\/eyli.com.tr\/volvo-belden-kirmali-yuk-tasiyici-kaya-kamyonu\/#breadcrumb"},"inLanguage":"en-US","potentialAction":[{"@type":"ReadAction","target":["https:\/\/eyli.com.tr\/volvo-belden-kirmali-yuk-tasiyici-kaya-kamyonu\/"]}]},{"@type":"BreadcrumbList","@id":"https:\/\/eyli.com.tr\/volvo-belden-kirmali-yuk-tasiyici-kaya-kamyonu\/#breadcrumb","itemListElement":[{"@type":"ListItem","position":1,"name":"Ana sayfa","item":"https:\/\/eyli.com.tr\/"},{"@type":"ListItem","position":2,"name":"Volvo Belden K\u0131rmal\u0131 Y\u00fck Ta\u015f\u0131y\u0131c\u0131 Kaya Kamyonu"}]},{"@type":"WebSite","@id":"https:\/\/eyli.com.tr\/#website","url":"https:\/\/eyli.com.tr\/","name":"Eyli \u0130\u015f Makineleri","description":"","publisher":{"@id":"https:\/\/eyli.com.tr\/#organization"},"potentialAction":[{"@type":"SearchAction","target":{"@type":"EntryPoint","urlTemplate":"https:\/\/eyli.com.tr\/?s={search_term_string}"},"query-input":{"@type":"PropertyValueSpecification","valueRequired":true,"valueName":"search_term_string"}}],"inLanguage":"en-US"},{"@type":"Organization","@id":"https:\/\/eyli.com.tr\/#organization","name":"Eyli \u0130\u015f Makineleri","url":"https:\/\/eyli.com.tr\/","logo":{"@type":"ImageObject","inLanguage":"en-US","@id":"https:\/\/eyli.com.tr\/#\/schema\/logo\/image\/","url":"https:\/\/eyli.com.tr\/wp-content\/uploads\/2020\/04\/WhatsApp-Image-2020-04-23-at-03.11.52-e1587829137284.jpeg","contentUrl":"https:\/\/eyli.com.tr\/wp-content\/uploads\/2020\/04\/WhatsApp-Image-2020-04-23-at-03.11.52-e1587829137284.jpeg","width":1600,"height":900,"caption":"Eyli \u0130\u015f Makineleri"},"image":{"@id":"https:\/\/eyli.com.tr\/#\/schema\/logo\/image\/"},"sameAs":["https:\/\/www.facebook.com\/eylicomtr"]}]}},"_links":{"self":[{"href":"https:\/\/eyli.com.tr\/en\/wp-json\/wp\/v2\/pages\/1159","targetHints":{"allow":["GET"]}}],"collection":[{"href":"https:\/\/eyli.com.tr\/en\/wp-json\/wp\/v2\/pages"}],"about":[{"href":"https:\/\/eyli.com.tr\/en\/wp-json\/wp\/v2\/types\/page"}],"author":[{"embeddable":true,"href":"https:\/\/eyli.com.tr\/en\/wp-json\/wp\/v2\/users\/1"}],"replies":[{"embeddable":true,"href":"https:\/\/eyli.com.tr\/en\/wp-json\/wp\/v2\/comments?post=1159"}],"version-history":[{"count":2,"href":"https:\/\/eyli.com.tr\/en\/wp-json\/wp\/v2\/pages\/1159\/revisions"}],"predecessor-version":[{"id":1259,"href":"https:\/\/eyli.com.tr\/en\/wp-json\/wp\/v2\/pages\/1159\/revisions\/1259"}],"wp:attachment":[{"href":"https:\/\/eyli.com.tr\/en\/wp-json\/wp\/v2\/media?parent=1159"}],"curies":[{"name":"wp","href":"https:\/\/api.w.org\/{rel}","templated":true}]}}