{"id":1157,"date":"2016-05-22T23:03:55","date_gmt":"2016-05-22T20:03:55","guid":{"rendered":"http:\/\/eyli.com.tr\/?page_id=1157"},"modified":"2016-05-22T23:03:55","modified_gmt":"2016-05-22T20:03:55","slug":"volvo-a25d-zorlu-arazilerde-yuksek-egimlerde-bile-guvenli-yola-tutus-yuksek-performans","status":"publish","type":"page","link":"https:\/\/eyli.com.tr\/en\/volvo-a25d-zorlu-arazilerde-yuksek-egimlerde-bile-guvenli-yola-tutus-yuksek-performans\/","title":{"rendered":"Volvo A25D Zorlu Arazilerde ve Y\u00fcksek E\u011fimlerde Bile G\u00fcvenli Yola Tutu\u015f ve Y\u00fcksek Performans"},"content":{"rendered":"<div class=\"embed-responsive embed-responsive-16by9 index-img\"><iframe loading=\"lazy\" class=\"embed-responsive-item\" src=\"https:\/\/www.youtube.com\/embed\/rd2wOvBFcfE\" width=\"300\" height=\"150\" frameborder=\"0\" allowfullscreen=\"allowfullscreen\"><\/iframe><\/div>\n<p>&nbsp;<\/p>\n<p>Volvo A25D Kaya kamyonu , zorlu arazilerde ve y\u00fcksek e\u011fimlerde bile g\u00fcvenli yola tutu\u015f ve y\u00fcksek performans. Konvansiyel yol bulunmayan maden oca\u011f\u0131 veya in\u015faat sahas\u0131 gibi alanlarda g\u00fcvenli ve h\u0131zl\u0131 y\u00fck ta\u015f\u0131ma ve bo\u015faltma i\u00e7in en uygun ara\u00e7.<\/p>\n","protected":false},"excerpt":{"rendered":"<p>&nbsp; Volvo A25D Kaya kamyonu , zorlu arazilerde ve y\u00fcksek e\u011fimlerde bile g\u00fcvenli yola tutu\u015f ve y\u00fcksek performans. Konvansiyel yol bulunmayan maden oca\u011f\u0131 veya in\u015faat sahas\u0131 gibi alanlarda g\u00fcvenli ve h\u0131zl\u0131 y\u00fck ta\u015f\u0131ma ve bo\u015faltma i\u00e7in en uygun ara\u00e7.<\/p>\n","protected":false},"author":1,"featured_media":0,"parent":0,"menu_order":0,"comment_status":"closed","ping_status":"closed","template":"page-fullwidth.php","meta":{"footnotes":""},"class_list":["post-1157","page","type-page","status-publish","hentry"],"yoast_head":"<!-- This site is optimized with the Yoast SEO plugin v26.8 - https:\/\/yoast.com\/product\/yoast-seo-wordpress\/ -->\n<title>Volvo A25D Zorlu Arazilerde ve Y\u00fcksek E\u011fimlerde Bile G\u00fcvenli Yola Tutu\u015f ve Y\u00fcksek Performans - Eyli \u0130\u015f Makineleri<\/title>\n<meta name=\"robots\" content=\"index, follow, max-snippet:-1, max-image-preview:large, max-video-preview:-1\" \/>\n<link rel=\"canonical\" href=\"https:\/\/eyli.com.tr\/volvo-a25d-zorlu-arazilerde-yuksek-egimlerde-bile-guvenli-yola-tutus-yuksek-performans\/\" \/>\n<meta property=\"og:locale\" content=\"en_US\" \/>\n<meta property=\"og:type\" content=\"article\" \/>\n<meta property=\"og:title\" content=\"Volvo A25D Zorlu Arazilerde ve Y\u00fcksek E\u011fimlerde Bile G\u00fcvenli Yola Tutu\u015f ve Y\u00fcksek Performans - Eyli \u0130\u015f Makineleri\" \/>\n<meta property=\"og:description\" content=\"&nbsp; Volvo A25D Kaya kamyonu , zorlu arazilerde ve y\u00fcksek e\u011fimlerde bile g\u00fcvenli yola tutu\u015f ve y\u00fcksek performans. Konvansiyel yol bulunmayan maden oca\u011f\u0131 veya in\u015faat sahas\u0131 gibi alanlarda g\u00fcvenli ve h\u0131zl\u0131 y\u00fck ta\u015f\u0131ma ve bo\u015faltma i\u00e7in en uygun ara\u00e7.\" \/>\n<meta property=\"og:url\" content=\"https:\/\/eyli.com.tr\/volvo-a25d-zorlu-arazilerde-yuksek-egimlerde-bile-guvenli-yola-tutus-yuksek-performans\/\" \/>\n<meta property=\"og:site_name\" content=\"Eyli \u0130\u015f Makineleri\" \/>\n<meta property=\"article:publisher\" content=\"https:\/\/www.facebook.com\/eylicomtr\" \/>\n<meta name=\"twitter:card\" content=\"summary_large_image\" \/>\n<script type=\"application\/ld+json\" class=\"yoast-schema-graph\">{\"@context\":\"https:\/\/schema.org\",\"@graph\":[{\"@type\":\"WebPage\",\"@id\":\"https:\/\/eyli.com.tr\/volvo-a25d-zorlu-arazilerde-yuksek-egimlerde-bile-guvenli-yola-tutus-yuksek-performans\/\",\"url\":\"https:\/\/eyli.com.tr\/volvo-a25d-zorlu-arazilerde-yuksek-egimlerde-bile-guvenli-yola-tutus-yuksek-performans\/\",\"name\":\"Volvo A25D Zorlu Arazilerde ve Y\u00fcksek E\u011fimlerde Bile G\u00fcvenli Yola Tutu\u015f ve Y\u00fcksek Performans - Eyli \u0130\u015f Makineleri\",\"isPartOf\":{\"@id\":\"https:\/\/eyli.com.tr\/#website\"},\"datePublished\":\"2016-05-22T20:03:55+00:00\",\"breadcrumb\":{\"@id\":\"https:\/\/eyli.com.tr\/volvo-a25d-zorlu-arazilerde-yuksek-egimlerde-bile-guvenli-yola-tutus-yuksek-performans\/#breadcrumb\"},\"inLanguage\":\"en-US\",\"potentialAction\":[{\"@type\":\"ReadAction\",\"target\":[\"https:\/\/eyli.com.tr\/volvo-a25d-zorlu-arazilerde-yuksek-egimlerde-bile-guvenli-yola-tutus-yuksek-performans\/\"]}]},{\"@type\":\"BreadcrumbList\",\"@id\":\"https:\/\/eyli.com.tr\/volvo-a25d-zorlu-arazilerde-yuksek-egimlerde-bile-guvenli-yola-tutus-yuksek-performans\/#breadcrumb\",\"itemListElement\":[{\"@type\":\"ListItem\",\"position\":1,\"name\":\"Ana sayfa\",\"item\":\"https:\/\/eyli.com.tr\/\"},{\"@type\":\"ListItem\",\"position\":2,\"name\":\"Volvo A25D Zorlu Arazilerde ve Y\u00fcksek E\u011fimlerde Bile G\u00fcvenli Yola Tutu\u015f ve Y\u00fcksek Performans\"}]},{\"@type\":\"WebSite\",\"@id\":\"https:\/\/eyli.com.tr\/#website\",\"url\":\"https:\/\/eyli.com.tr\/\",\"name\":\"Eyli \u0130\u015f Makineleri\",\"description\":\"\",\"publisher\":{\"@id\":\"https:\/\/eyli.com.tr\/#organization\"},\"potentialAction\":[{\"@type\":\"SearchAction\",\"target\":{\"@type\":\"EntryPoint\",\"urlTemplate\":\"https:\/\/eyli.com.tr\/?s={search_term_string}\"},\"query-input\":{\"@type\":\"PropertyValueSpecification\",\"valueRequired\":true,\"valueName\":\"search_term_string\"}}],\"inLanguage\":\"en-US\"},{\"@type\":\"Organization\",\"@id\":\"https:\/\/eyli.com.tr\/#organization\",\"name\":\"Eyli \u0130\u015f Makineleri\",\"url\":\"https:\/\/eyli.com.tr\/\",\"logo\":{\"@type\":\"ImageObject\",\"inLanguage\":\"en-US\",\"@id\":\"https:\/\/eyli.com.tr\/#\/schema\/logo\/image\/\",\"url\":\"https:\/\/eyli.com.tr\/wp-content\/uploads\/2020\/04\/WhatsApp-Image-2020-04-23-at-03.11.52-e1587829137284.jpeg\",\"contentUrl\":\"https:\/\/eyli.com.tr\/wp-content\/uploads\/2020\/04\/WhatsApp-Image-2020-04-23-at-03.11.52-e1587829137284.jpeg\",\"width\":1600,\"height\":900,\"caption\":\"Eyli \u0130\u015f Makineleri\"},\"image\":{\"@id\":\"https:\/\/eyli.com.tr\/#\/schema\/logo\/image\/\"},\"sameAs\":[\"https:\/\/www.facebook.com\/eylicomtr\"]}]}<\/script>\n<!-- \/ Yoast SEO plugin. -->","yoast_head_json":{"title":"Volvo A25D Zorlu Arazilerde ve Y\u00fcksek E\u011fimlerde Bile G\u00fcvenli Yola Tutu\u015f ve Y\u00fcksek Performans - Eyli \u0130\u015f Makineleri","robots":{"index":"index","follow":"follow","max-snippet":"max-snippet:-1","max-image-preview":"max-image-preview:large","max-video-preview":"max-video-preview:-1"},"canonical":"https:\/\/eyli.com.tr\/volvo-a25d-zorlu-arazilerde-yuksek-egimlerde-bile-guvenli-yola-tutus-yuksek-performans\/","og_locale":"en_US","og_type":"article","og_title":"Volvo A25D Zorlu Arazilerde ve Y\u00fcksek E\u011fimlerde Bile G\u00fcvenli Yola Tutu\u015f ve Y\u00fcksek Performans - Eyli \u0130\u015f Makineleri","og_description":"&nbsp; Volvo A25D Kaya kamyonu , zorlu arazilerde ve y\u00fcksek e\u011fimlerde bile g\u00fcvenli yola tutu\u015f ve y\u00fcksek performans. Konvansiyel yol bulunmayan maden oca\u011f\u0131 veya in\u015faat sahas\u0131 gibi alanlarda g\u00fcvenli ve h\u0131zl\u0131 y\u00fck ta\u015f\u0131ma ve bo\u015faltma i\u00e7in en uygun ara\u00e7.","og_url":"https:\/\/eyli.com.tr\/volvo-a25d-zorlu-arazilerde-yuksek-egimlerde-bile-guvenli-yola-tutus-yuksek-performans\/","og_site_name":"Eyli \u0130\u015f Makineleri","article_publisher":"https:\/\/www.facebook.com\/eylicomtr","twitter_card":"summary_large_image","schema":{"@context":"https:\/\/schema.org","@graph":[{"@type":"WebPage","@id":"https:\/\/eyli.com.tr\/volvo-a25d-zorlu-arazilerde-yuksek-egimlerde-bile-guvenli-yola-tutus-yuksek-performans\/","url":"https:\/\/eyli.com.tr\/volvo-a25d-zorlu-arazilerde-yuksek-egimlerde-bile-guvenli-yola-tutus-yuksek-performans\/","name":"Volvo A25D Zorlu Arazilerde ve Y\u00fcksek E\u011fimlerde Bile G\u00fcvenli Yola Tutu\u015f ve Y\u00fcksek Performans - Eyli \u0130\u015f Makineleri","isPartOf":{"@id":"https:\/\/eyli.com.tr\/#website"},"datePublished":"2016-05-22T20:03:55+00:00","breadcrumb":{"@id":"https:\/\/eyli.com.tr\/volvo-a25d-zorlu-arazilerde-yuksek-egimlerde-bile-guvenli-yola-tutus-yuksek-performans\/#breadcrumb"},"inLanguage":"en-US","potentialAction":[{"@type":"ReadAction","target":["https:\/\/eyli.com.tr\/volvo-a25d-zorlu-arazilerde-yuksek-egimlerde-bile-guvenli-yola-tutus-yuksek-performans\/"]}]},{"@type":"BreadcrumbList","@id":"https:\/\/eyli.com.tr\/volvo-a25d-zorlu-arazilerde-yuksek-egimlerde-bile-guvenli-yola-tutus-yuksek-performans\/#breadcrumb","itemListElement":[{"@type":"ListItem","position":1,"name":"Ana sayfa","item":"https:\/\/eyli.com.tr\/"},{"@type":"ListItem","position":2,"name":"Volvo A25D Zorlu Arazilerde ve Y\u00fcksek E\u011fimlerde Bile G\u00fcvenli Yola Tutu\u015f ve Y\u00fcksek Performans"}]},{"@type":"WebSite","@id":"https:\/\/eyli.com.tr\/#website","url":"https:\/\/eyli.com.tr\/","name":"Eyli \u0130\u015f Makineleri","description":"","publisher":{"@id":"https:\/\/eyli.com.tr\/#organization"},"potentialAction":[{"@type":"SearchAction","target":{"@type":"EntryPoint","urlTemplate":"https:\/\/eyli.com.tr\/?s={search_term_string}"},"query-input":{"@type":"PropertyValueSpecification","valueRequired":true,"valueName":"search_term_string"}}],"inLanguage":"en-US"},{"@type":"Organization","@id":"https:\/\/eyli.com.tr\/#organization","name":"Eyli \u0130\u015f Makineleri","url":"https:\/\/eyli.com.tr\/","logo":{"@type":"ImageObject","inLanguage":"en-US","@id":"https:\/\/eyli.com.tr\/#\/schema\/logo\/image\/","url":"https:\/\/eyli.com.tr\/wp-content\/uploads\/2020\/04\/WhatsApp-Image-2020-04-23-at-03.11.52-e1587829137284.jpeg","contentUrl":"https:\/\/eyli.com.tr\/wp-content\/uploads\/2020\/04\/WhatsApp-Image-2020-04-23-at-03.11.52-e1587829137284.jpeg","width":1600,"height":900,"caption":"Eyli \u0130\u015f Makineleri"},"image":{"@id":"https:\/\/eyli.com.tr\/#\/schema\/logo\/image\/"},"sameAs":["https:\/\/www.facebook.com\/eylicomtr"]}]}},"_links":{"self":[{"href":"https:\/\/eyli.com.tr\/en\/wp-json\/wp\/v2\/pages\/1157","targetHints":{"allow":["GET"]}}],"collection":[{"href":"https:\/\/eyli.com.tr\/en\/wp-json\/wp\/v2\/pages"}],"about":[{"href":"https:\/\/eyli.com.tr\/en\/wp-json\/wp\/v2\/types\/page"}],"author":[{"embeddable":true,"href":"https:\/\/eyli.com.tr\/en\/wp-json\/wp\/v2\/users\/1"}],"replies":[{"embeddable":true,"href":"https:\/\/eyli.com.tr\/en\/wp-json\/wp\/v2\/comments?post=1157"}],"version-history":[{"count":2,"href":"https:\/\/eyli.com.tr\/en\/wp-json\/wp\/v2\/pages\/1157\/revisions"}],"predecessor-version":[{"id":1260,"href":"https:\/\/eyli.com.tr\/en\/wp-json\/wp\/v2\/pages\/1157\/revisions\/1260"}],"wp:attachment":[{"href":"https:\/\/eyli.com.tr\/en\/wp-json\/wp\/v2\/media?parent=1157"}],"curies":[{"name":"wp","href":"https:\/\/api.w.org\/{rel}","templated":true}]}}